{"id":2873,"date":"2024-11-20T10:03:03","date_gmt":"2024-11-20T09:03:03","guid":{"rendered":"https:\/\/scanrg.org\/?page_id=2873"},"modified":"2024-11-21T11:53:22","modified_gmt":"2024-11-21T10:53:22","slug":"qualimeter","status":"publish","type":"page","link":"https:\/\/scanrg.org\/fr\/qualimeter\/","title":{"rendered":"QUALIMETER"},"content":{"rendered":"<div id=\"pl-2873\"  class=\"panel-layout\" ><div id=\"pg-2873-0\"  class=\"panel-grid panel-no-style\" ><div id=\"pgc-2873-0-0\"  class=\"panel-grid-cell\" ><div id=\"panel-2873-0-0-0\" class=\"so-panel widget widget_wwm-headline-widget panel-first-child\" data-index=\"0\" ><div\n\t\t\t\n\t\t\tclass=\"so-widget-wwm-headline-widget so-widget-wwm-headline-widget-base\"\n\t\t\t\n\t\t><h1 class=\"wwm-headline1\" style=\"\">QUALIMETER<\/h1><h2 class=\"wwm-headline2\" style=\"\"><\/h2><\/div><\/div><div id=\"panel-2873-0-0-1\" class=\"so-panel widget widget_wwm-text-widget\" data-index=\"1\" ><div\n\t\t\t\n\t\t\tclass=\"so-widget-wwm-text-widget so-widget-wwm-text-widget-base\"\n\t\t\t\n\t\t><div style=\"color:;\"><div style=\"padding:0px;\"><p><img loading=\"lazy\" decoding=\"async\" class=\"alignnone size-medium wp-image-2392 alignright\" src=\"https:\/\/scanrg.org\/wp-content\/uploads\/Logo_ScanRG_Produkt_v6_QUALIMETER-300x77.jpg\" alt=\"\" width=\"300\" height=\"77\" srcset=\"https:\/\/scanrg.org\/wp-content\/uploads\/Logo_ScanRG_Produkt_v6_QUALIMETER-300x77.jpg 300w, https:\/\/scanrg.org\/wp-content\/uploads\/Logo_ScanRG_Produkt_v6_QUALIMETER-768x197.jpg 768w, https:\/\/scanrg.org\/wp-content\/uploads\/Logo_ScanRG_Produkt_v6_QUALIMETER.jpg 885w\" sizes=\"auto, (max-width: 300px) 100vw, 300px\" \/><\/p>\n<\/div><\/div><\/div><\/div><div id=\"panel-2873-0-0-2\" class=\"so-panel widget widget_wwm-text-widget panel-last-child\" data-index=\"2\" ><div\n\t\t\t\n\t\t\tclass=\"so-widget-wwm-text-widget so-widget-wwm-text-widget-base\"\n\t\t\t\n\t\t><div style=\"color:;\"><div style=\"padding:0px;\"><p>Notre QUALIMETER a \u00e9t\u00e9 con\u00e7u pour le contr\u00f4le al\u00e9atoire de la qualit\u00e9 des cartes de circuits imprim\u00e9s, des pi\u00e8ces en plastique, des composants m\u00e9talliques et des pi\u00e8ces en c\u00e9ramique. L'accent a \u00e9t\u00e9 mis sur la meilleure d\u00e9tection de l'objet et donc sur une pr\u00e9cision maximale des param\u00e8tres \u00e9valu\u00e9s. Gr\u00e2ce \u00e0 la combinaison d'un mouvement lin\u00e9aire et rotatif, le scanner atteint une plage de mesure optimale, m\u00eame pour des g\u00e9om\u00e9tries tr\u00e8s exigeantes.<\/p>\n<\/div><\/div><\/div><\/div><\/div><\/div><div id=\"pg-2873-1\"  class=\"panel-grid panel-no-style\" ><div id=\"pgc-2873-1-0\"  class=\"panel-grid-cell\" ><div id=\"panel-2873-1-0-0\" class=\"so-panel widget widget_wwm-text-widget panel-first-child panel-last-child\" data-index=\"3\" ><div\n\t\t\t\n\t\t\tclass=\"so-widget-wwm-text-widget so-widget-wwm-text-widget-base\"\n\t\t\t\n\t\t><div style=\"color:;\"><div style=\"padding:0px;\"><ul>\n<li>3D, RGB et NIR en un seul appareil<\/li>\n<li>Mouvement lin\u00e9aire et rotatif combin\u00e9 pour la saisie compl\u00e8te de la pi\u00e8ce dans le cas de structures complexes<\/li>\n<li>Pr\u00e9cision maximale pour tous les produits<\/li>\n<li>Taille max. du produit DxH = 400 x 150 mm<\/li>\n<li>Poids max. du produit 15 kg<\/li>\n<li>Dimensions de l'appareil : LxlxH = 605 x 560 x 630 mm<\/li>\n<li>Poids : 37 kg<\/li>\n<\/ul>\n<\/div><\/div><\/div><\/div><\/div><div id=\"pgc-2873-1-1\"  class=\"panel-grid-cell\" ><div id=\"panel-2873-1-1-0\" class=\"so-panel widget widget_wwm-image-widget panel-first-child panel-last-child\" data-index=\"4\" ><div\n\t\t\t\n\t\t\tclass=\"so-widget-wwm-image-widget so-widget-wwm-image-widget-base\"\n\t\t\t\n\t\t><style>\r\n.wwm-image .image-9d60eaac-2e4d-4634-b58d-c4655063c58c{ \r\n}\r\n.wwm-image .image-9d60eaac-2e4d-4634-b58d-c4655063c58c:hover\r\n{ \r\n}\r\n@media only screen and (max-width: 768px)\r\n{\r\n\t.wwm-image .image-9d60eaac-2e4d-4634-b58d-c4655063c58c\t{ \r\n\t\t}\r\n}\r\n<\/style>\r\n\r\n<div class=\"wwm-image\" style=\"text-align:left\"><div class=\"wwm-lightbox\"><a href=\"https:\/\/scanrg.org\/wp-content\/uploads\/QUALIMETER-Licht.png\" rel=\"https:\/\/scanrg.org\/wp-content\/uploads\/QUALIMETER-Licht.png\" ><img decoding=\"async\" class=\"image-9d60eaac-2e4d-4634-b58d-c4655063c58c\" src=\"https:\/\/scanrg.org\/wp-content\/uploads\/QUALIMETER-Licht.png\" alt=\"\" width=80% title=\"\" \/><\/a><\/div><\/div><\/div><\/div><\/div><\/div><div id=\"pg-2873-2\"  class=\"panel-grid panel-no-style\" ><div id=\"pgc-2873-2-0\"  class=\"panel-grid-cell\" ><div id=\"panel-2873-2-0-0\" class=\"so-panel widget widget_media_video panel-first-child panel-last-child\" data-index=\"5\" ><div style=\"width:100%;\" class=\"wp-video\"><video class=\"wp-video-shortcode\" id=\"video-2873-1\" preload=\"metadata\" controls=\"controls\"><source type=\"video\/youtube\" src=\"https:\/\/youtu.be\/32TPc3LF004?si=BU1jn6BvtUjYmixB&#038;_=1\" \/><a href=\"https:\/\/youtu.be\/32TPc3LF004?si=BU1jn6BvtUjYmixB\">https:\/\/youtu.be\/32TPc3LF004?si=BU1jn6BvtUjYmixB<\/a><\/video><\/div><\/div><\/div><div id=\"pgc-2873-2-1\"  class=\"panel-grid-cell\" ><div id=\"panel-2873-2-1-0\" class=\"so-panel widget widget_wwm-text-widget panel-first-child\" data-index=\"6\" ><div\n\t\t\t\n\t\t\tclass=\"so-widget-wwm-text-widget so-widget-wwm-text-widget-base\"\n\t\t\t\n\t\t><div style=\"color:;\"><div style=\"padding:0px;\"><p>Vous voyez ici le QUALIMETER lors de sa premi\u00e8re au salon Vision 2024 \u00e0 Stuttgart. De nombreux visiteurs ont \u00e9t\u00e9 enthousiasm\u00e9s par la qualit\u00e9 des scans. Dans un cas d'application tr\u00e8s concret, la pi\u00e8ce apport\u00e9e par le client a \u00e9t\u00e9 scann\u00e9e directement sur place et les r\u00e9sultats ont \u00e9t\u00e9 mis \u00e0 disposition sous forme num\u00e9rique pour une utilisation ult\u00e9rieure.<\/p>\n<\/div><\/div><\/div><\/div><div id=\"panel-2873-2-1-1\" class=\"so-panel widget widget_wwm-button-widget panel-last-child\" data-index=\"7\" ><div\n\t\t\t\n\t\t\tclass=\"so-widget-wwm-button-widget so-widget-wwm-button-widget-base\"\n\t\t\t\n\t\t><div><a class=\"button custom-btn btn-0\" href=\"https:\/\/scanrg.org\/wp-content\/uploads\/ScanRG_202410_EN.pdf\" target=\"_blank\">T\u00e9l\u00e9charger la brochure<\/a><\/div><\/div><\/div><\/div><\/div><div id=\"pg-2873-3\"  class=\"panel-grid panel-no-style\" ><div id=\"pgc-2873-3-0\"  class=\"panel-grid-cell\" ><div id=\"panel-2873-3-0-0\" class=\"so-panel widget widget_wwm-image-widget panel-first-child\" data-index=\"8\" ><div\n\t\t\t\n\t\t\tclass=\"so-widget-wwm-image-widget so-widget-wwm-image-widget-base\"\n\t\t\t\n\t\t><style>\r\n.wwm-image .image-9fad3f6c-e093-479c-b318-cfdbd16b86e3{ \r\n}\r\n.wwm-image .image-9fad3f6c-e093-479c-b318-cfdbd16b86e3:hover\r\n{ \r\n}\r\n@media only screen and (max-width: 768px)\r\n{\r\n\t.wwm-image .image-9fad3f6c-e093-479c-b318-cfdbd16b86e3\t{ \r\n\t\t}\r\n}\r\n<\/style>\r\n\r\n<div class=\"wwm-image\" style=\"text-align:left\"><img decoding=\"async\" class=\"image-9fad3f6c-e093-479c-b318-cfdbd16b86e3\" src=\"https:\/\/scanrg.org\/wp-content\/uploads\/Anwendung_Qualimeter_1.jpg\" alt=\"\" width=\"100%\" title=\"\" \/><\/div><\/div><\/div><div id=\"panel-2873-3-0-1\" class=\"so-panel widget widget_wwm-text-widget panel-last-child\" data-index=\"9\" ><div\n\t\t\t\n\t\t\tclass=\"so-widget-wwm-text-widget so-widget-wwm-text-widget-base\"\n\t\t\t\n\t\t><div style=\"color:;\"><div style=\"padding:0px;\"><p style=\"text-align: center;\">Composants m\u00e9talliques<\/p>\n<\/div><\/div><\/div><\/div><\/div><div id=\"pgc-2873-3-1\"  class=\"panel-grid-cell\" ><div id=\"panel-2873-3-1-0\" class=\"so-panel widget widget_wwm-image-widget panel-first-child\" data-index=\"10\" ><div\n\t\t\t\n\t\t\tclass=\"so-widget-wwm-image-widget so-widget-wwm-image-widget-base\"\n\t\t\t\n\t\t><style>\r\n.wwm-image .image-7eafe395-8236-4459-a6fc-60ba262c7c21{ \r\n}\r\n.wwm-image .image-7eafe395-8236-4459-a6fc-60ba262c7c21:hover\r\n{ \r\n}\r\n@media only screen and (max-width: 768px)\r\n{\r\n\t.wwm-image .image-7eafe395-8236-4459-a6fc-60ba262c7c21\t{ \r\n\t\t}\r\n}\r\n<\/style>\r\n\r\n<div class=\"wwm-image\" style=\"text-align:left\"><img decoding=\"async\" class=\"image-7eafe395-8236-4459-a6fc-60ba262c7c21\" src=\"https:\/\/scanrg.org\/wp-content\/uploads\/Anwendung_Qualimeter_2.jpg\" alt=\"\" width=\"100%\" title=\"\" \/><\/div><\/div><\/div><div id=\"panel-2873-3-1-1\" class=\"so-panel widget widget_wwm-text-widget panel-last-child\" data-index=\"11\" ><div\n\t\t\t\n\t\t\tclass=\"so-widget-wwm-text-widget so-widget-wwm-text-widget-base\"\n\t\t\t\n\t\t><div style=\"color:;\"><div style=\"padding:0px;\"><p style=\"text-align: center;\">Circuits imprim\u00e9s<\/p>\n<\/div><\/div><\/div><\/div><\/div><div id=\"pgc-2873-3-2\"  class=\"panel-grid-cell\" ><div id=\"panel-2873-3-2-0\" class=\"so-panel widget widget_wwm-image-widget panel-first-child\" data-index=\"12\" ><div\n\t\t\t\n\t\t\tclass=\"so-widget-wwm-image-widget so-widget-wwm-image-widget-base\"\n\t\t\t\n\t\t><style>\r\n.wwm-image .image-907b60cf-18bb-4f14-a90a-5b079dc77bc1{ \r\n}\r\n.wwm-image .image-907b60cf-18bb-4f14-a90a-5b079dc77bc1:hover\r\n{ \r\n}\r\n@media only screen and (max-width: 768px)\r\n{\r\n\t.wwm-image .image-907b60cf-18bb-4f14-a90a-5b079dc77bc1\t{ \r\n\t\t}\r\n}\r\n<\/style>\r\n\r\n<div class=\"wwm-image\" style=\"text-align:left\"><img decoding=\"async\" class=\"image-907b60cf-18bb-4f14-a90a-5b079dc77bc1\" src=\"https:\/\/scanrg.org\/wp-content\/uploads\/Anwendung_Qualimeter_3.jpg\" alt=\"\" width=\"100%\" title=\"\" \/><\/div><\/div><\/div><div id=\"panel-2873-3-2-1\" class=\"so-panel widget widget_wwm-text-widget panel-last-child\" data-index=\"13\" ><div\n\t\t\t\n\t\t\tclass=\"so-widget-wwm-text-widget so-widget-wwm-text-widget-base\"\n\t\t\t\n\t\t><div style=\"color:;\"><div style=\"padding:0px;\"><p style=\"text-align: center;\">Pi\u00e8ces en plastique<\/p>\n<\/div><\/div><\/div><\/div><\/div><div id=\"pgc-2873-3-3\"  class=\"panel-grid-cell\" ><div id=\"panel-2873-3-3-0\" class=\"so-panel widget widget_wwm-image-widget panel-first-child\" data-index=\"14\" ><div\n\t\t\t\n\t\t\tclass=\"so-widget-wwm-image-widget so-widget-wwm-image-widget-base\"\n\t\t\t\n\t\t><style>\r\n.wwm-image .image-7257d8c4-48fd-402d-b9ad-462810788121{ \r\n}\r\n.wwm-image .image-7257d8c4-48fd-402d-b9ad-462810788121:hover\r\n{ \r\n}\r\n@media only screen and (max-width: 768px)\r\n{\r\n\t.wwm-image .image-7257d8c4-48fd-402d-b9ad-462810788121\t{ \r\n\t\t}\r\n}\r\n<\/style>\r\n\r\n<div class=\"wwm-image\" style=\"text-align:left\"><img decoding=\"async\" class=\"image-7257d8c4-48fd-402d-b9ad-462810788121\" src=\"https:\/\/scanrg.org\/wp-content\/uploads\/Anwendung_Qualimeter_4.jpg\" alt=\"\" width=\"100%\" title=\"\" \/><\/div><\/div><\/div><div id=\"panel-2873-3-3-1\" class=\"so-panel widget widget_wwm-text-widget panel-last-child\" data-index=\"15\" ><div\n\t\t\t\n\t\t\tclass=\"so-widget-wwm-text-widget so-widget-wwm-text-widget-base\"\n\t\t\t\n\t\t><div style=\"color:;\"><div style=\"padding:0px;\"><p style=\"text-align: center;\">Composants en c\u00e9ramique<\/p>\n<\/div><\/div><\/div><\/div><\/div><div id=\"pgc-2873-3-4\"  class=\"panel-grid-cell\" ><div id=\"panel-2873-3-4-0\" class=\"so-panel widget widget_wwm-image-widget panel-first-child\" data-index=\"16\" ><div\n\t\t\t\n\t\t\tclass=\"so-widget-wwm-image-widget so-widget-wwm-image-widget-base\"\n\t\t\t\n\t\t><style>\r\n.wwm-image .image-34443dc6-be38-4590-8faa-39949af55b96{ \r\n}\r\n.wwm-image .image-34443dc6-be38-4590-8faa-39949af55b96:hover\r\n{ \r\n}\r\n@media only screen and (max-width: 768px)\r\n{\r\n\t.wwm-image .image-34443dc6-be38-4590-8faa-39949af55b96\t{ \r\n\t\t}\r\n}\r\n<\/style>\r\n\r\n<div class=\"wwm-image\" style=\"text-align:left\"><img decoding=\"async\" class=\"image-34443dc6-be38-4590-8faa-39949af55b96\" src=\"https:\/\/scanrg.org\/wp-content\/uploads\/Anwendung_Qualimeter_5.jpg\" alt=\"\" width=\"100%\" title=\"\" \/><\/div><\/div><\/div><div id=\"panel-2873-3-4-1\" class=\"so-panel widget widget_wwm-text-widget panel-last-child\" data-index=\"17\" ><div\n\t\t\t\n\t\t\tclass=\"so-widget-wwm-text-widget so-widget-wwm-text-widget-base\"\n\t\t\t\n\t\t><div style=\"color:;\"><div style=\"padding:0px;\"><p style=\"text-align: center;\">Composants imprim\u00e9s en 3D<\/p>\n<\/div><\/div><\/div><\/div><\/div><\/div><div id=\"pg-2873-4\"  class=\"panel-grid panel-no-style\" ><div id=\"pgc-2873-4-0\"  class=\"panel-grid-cell\" ><div id=\"panel-2873-4-0-0\" class=\"so-panel widget widget_wwm-button-widget panel-first-child panel-last-child\" data-index=\"18\" ><div\n\t\t\t\n\t\t\tclass=\"so-widget-wwm-button-widget so-widget-wwm-button-widget-base\"\n\t\t\t\n\t\t><div><a class=\"button custom-btn btn-0\" href=\"https:\/\/scanrg.org\/produkte\/\" target=\"_self\">retour<\/a><\/div><\/div><\/div><\/div><\/div><\/div>","protected":false},"excerpt":{"rendered":"<p>QUALIMETER Notre QUALIMETER a \u00e9t\u00e9 con\u00e7u pour le contr\u00f4le al\u00e9atoire de la qualit\u00e9 des cartes de circuits imprim\u00e9s, des pi\u00e8ces en plastique, des composants m\u00e9talliques et des pi\u00e8ces en c\u00e9ramique. L&rsquo;accent a \u00e9t\u00e9 mis sur la meilleure d\u00e9tection de l&rsquo;objet et donc sur une pr\u00e9cision maximale des param\u00e8tres \u00e9valu\u00e9s. Gr\u00e2ce [&hellip;]<\/p>\n","protected":false},"author":5,"featured_media":0,"parent":0,"menu_order":0,"comment_status":"closed","ping_status":"closed","template":"","meta":{"_acf_changed":false,"footnotes":""},"class_list":["post-2873","page","type-page","status-publish","hentry"],"acf":[],"_links":{"self":[{"href":"https:\/\/scanrg.org\/fr\/wp-json\/wp\/v2\/pages\/2873","targetHints":{"allow":["GET"]}}],"collection":[{"href":"https:\/\/scanrg.org\/fr\/wp-json\/wp\/v2\/pages"}],"about":[{"href":"https:\/\/scanrg.org\/fr\/wp-json\/wp\/v2\/types\/page"}],"author":[{"embeddable":true,"href":"https:\/\/scanrg.org\/fr\/wp-json\/wp\/v2\/users\/5"}],"replies":[{"embeddable":true,"href":"https:\/\/scanrg.org\/fr\/wp-json\/wp\/v2\/comments?post=2873"}],"version-history":[{"count":1,"href":"https:\/\/scanrg.org\/fr\/wp-json\/wp\/v2\/pages\/2873\/revisions"}],"predecessor-version":[{"id":2874,"href":"https:\/\/scanrg.org\/fr\/wp-json\/wp\/v2\/pages\/2873\/revisions\/2874"}],"wp:attachment":[{"href":"https:\/\/scanrg.org\/fr\/wp-json\/wp\/v2\/media?parent=2873"}],"curies":[{"name":"wp","href":"https:\/\/api.w.org\/{rel}","templated":true}]}}