{"id":2871,"date":"2024-11-20T09:47:21","date_gmt":"2024-11-20T08:47:21","guid":{"rendered":"https:\/\/scanrg.org\/?page_id=2871"},"modified":"2024-11-21T11:49:19","modified_gmt":"2024-11-21T10:49:19","slug":"foodmeter","status":"publish","type":"page","link":"https:\/\/scanrg.org\/fr\/foodmeter\/","title":{"rendered":"FOODMETER"},"content":{"rendered":"<div id=\"pl-2871\"  class=\"panel-layout\" ><div id=\"pg-2871-0\"  class=\"panel-grid panel-no-style\" ><div id=\"pgc-2871-0-0\"  class=\"panel-grid-cell\" ><div id=\"panel-2871-0-0-0\" class=\"so-panel widget widget_wwm-headline-widget panel-first-child\" data-index=\"0\" ><div\n\t\t\t\n\t\t\tclass=\"so-widget-wwm-headline-widget so-widget-wwm-headline-widget-base\"\n\t\t\t\n\t\t><h1 class=\"wwm-headline1\" style=\"\">FOODMETER<\/h1><h2 class=\"wwm-headline2\" style=\"\"><\/h2><\/div><\/div><div id=\"panel-2871-0-0-1\" class=\"so-panel widget widget_wwm-image-widget\" data-index=\"1\" ><div\n\t\t\t\n\t\t\tclass=\"so-widget-wwm-image-widget so-widget-wwm-image-widget-base\"\n\t\t\t\n\t\t><style>\r\n.wwm-image .image-3e285d46-cc65-4be4-a75c-0284da088a63{ \r\n}\r\n.wwm-image .image-3e285d46-cc65-4be4-a75c-0284da088a63:hover\r\n{ \r\n}\r\n@media only screen and (max-width: 768px)\r\n{\r\n\t.wwm-image .image-3e285d46-cc65-4be4-a75c-0284da088a63\t{ \r\n\t\t}\r\n}\r\n<\/style>\r\n\r\n<div class=\"wwm-image\" style=\"text-align:right\"><img decoding=\"async\" class=\"image-3e285d46-cc65-4be4-a75c-0284da088a63\" src=\"https:\/\/scanrg.org\/wp-content\/uploads\/Logo_ScanRG_Produkt_v6_FOODMETER.jpg\" alt=\"\" width=20% title=\"\" \/><\/div><\/div><\/div><div id=\"panel-2871-0-0-2\" class=\"so-panel widget widget_wwm-text-widget\" data-index=\"2\" ><div\n\t\t\t\n\t\t\tclass=\"so-widget-wwm-text-widget so-widget-wwm-text-widget-base\"\n\t\t\t\n\t\t><div style=\"color:;\"><div style=\"padding:0px;\"><p>Sur la base du BAKEMETER, nous d\u00e9veloppons actuellement la solution optimale pour le contr\u00f4le de qualit\u00e9 hors ligne de la viande, du poisson, de la volaille, du fromage ou des substituts de viande. Des tests peuvent d\u00e9j\u00e0 \u00eatre r\u00e9alis\u00e9s avec un prototype. N'h\u00e9sitez pas \u00e0 nous contacter.<\/p>\n<\/div><\/div><\/div><\/div><div id=\"panel-2871-0-0-3\" class=\"so-panel widget widget_wwm-image-widget\" data-index=\"3\" ><div\n\t\t\t\n\t\t\tclass=\"so-widget-wwm-image-widget so-widget-wwm-image-widget-base\"\n\t\t\t\n\t\t><style>\r\n.wwm-image .image-7329df2c-e64e-4481-826b-6585478e4876{ \r\n}\r\n.wwm-image .image-7329df2c-e64e-4481-826b-6585478e4876:hover\r\n{ \r\n}\r\n@media only screen and (max-width: 768px)\r\n{\r\n\t.wwm-image .image-7329df2c-e64e-4481-826b-6585478e4876\t{ \r\n\t\t}\r\n}\r\n<\/style>\r\n\r\n<div class=\"wwm-image\" style=\"text-align:center\"><img decoding=\"async\" class=\"image-7329df2c-e64e-4481-826b-6585478e4876\" src=\"https:\/\/scanrg.org\/wp-content\/uploads\/comingsoon.png\" alt=\"\" width=30% title=\"\" \/><\/div><\/div><\/div><div id=\"panel-2871-0-0-4\" class=\"so-panel widget widget_wwm-button-widget panel-last-child\" data-index=\"4\" ><div\n\t\t\t\n\t\t\tclass=\"so-widget-wwm-button-widget so-widget-wwm-button-widget-base\"\n\t\t\t\n\t\t><div><a class=\"button custom-btn btn-0\" href=\"https:\/\/scanrg.org\/kontakt\/\" target=\"_self\">Contactez nous<\/a><\/div><\/div><\/div><\/div><\/div><div id=\"pg-2871-1\"  class=\"panel-grid panel-no-style\" ><div id=\"pgc-2871-1-0\"  class=\"panel-grid-cell\" ><div id=\"panel-2871-1-0-0\" class=\"so-panel widget widget_wwm-image-widget panel-first-child\" data-index=\"5\" ><div\n\t\t\t\n\t\t\tclass=\"so-widget-wwm-image-widget so-widget-wwm-image-widget-base\"\n\t\t\t\n\t\t><style>\r\n.wwm-image .image-ad914eb0-9162-4dce-b7ef-ddbd5c2e7ee3{ \r\n}\r\n.wwm-image .image-ad914eb0-9162-4dce-b7ef-ddbd5c2e7ee3:hover\r\n{ \r\n}\r\n@media only screen and (max-width: 768px)\r\n{\r\n\t.wwm-image .image-ad914eb0-9162-4dce-b7ef-ddbd5c2e7ee3\t{ \r\n\t\t}\r\n}\r\n<\/style>\r\n\r\n<div class=\"wwm-image\" style=\"text-align:left\"><img decoding=\"async\" class=\"image-ad914eb0-9162-4dce-b7ef-ddbd5c2e7ee3\" src=\"https:\/\/scanrg.org\/wp-content\/uploads\/Anwendung_Foodmeter_1.jpg\" alt=\"\" width=\"100%\" title=\"\" \/><\/div><\/div><\/div><div id=\"panel-2871-1-0-1\" class=\"so-panel widget widget_wwm-text-widget panel-last-child\" data-index=\"6\" ><div\n\t\t\t\n\t\t\tclass=\"so-widget-wwm-text-widget so-widget-wwm-text-widget-base\"\n\t\t\t\n\t\t><div style=\"color:;\"><div style=\"padding:0px;\"><p style=\"text-align: center;\">Fromage<\/p>\n<\/div><\/div><\/div><\/div><\/div><div id=\"pgc-2871-1-1\"  class=\"panel-grid-cell\" ><div id=\"panel-2871-1-1-0\" class=\"so-panel widget widget_wwm-image-widget panel-first-child\" data-index=\"7\" ><div\n\t\t\t\n\t\t\tclass=\"so-widget-wwm-image-widget so-widget-wwm-image-widget-base\"\n\t\t\t\n\t\t><style>\r\n.wwm-image .image-bc32e072-9c44-43cd-8ef7-9bd8725d62d0{ \r\n}\r\n.wwm-image .image-bc32e072-9c44-43cd-8ef7-9bd8725d62d0:hover\r\n{ \r\n}\r\n@media only screen and (max-width: 768px)\r\n{\r\n\t.wwm-image .image-bc32e072-9c44-43cd-8ef7-9bd8725d62d0\t{ \r\n\t\t}\r\n}\r\n<\/style>\r\n\r\n<div class=\"wwm-image\" style=\"text-align:left\"><img decoding=\"async\" class=\"image-bc32e072-9c44-43cd-8ef7-9bd8725d62d0\" src=\"https:\/\/scanrg.org\/wp-content\/uploads\/Anwendung_Foodmeter_2.jpg\" alt=\"\" width=\"100%\" title=\"\" \/><\/div><\/div><\/div><div id=\"panel-2871-1-1-1\" class=\"so-panel widget widget_wwm-text-widget panel-last-child\" data-index=\"8\" ><div\n\t\t\t\n\t\t\tclass=\"so-widget-wwm-text-widget so-widget-wwm-text-widget-base\"\n\t\t\t\n\t\t><div style=\"color:;\"><div style=\"padding:0px;\"><p style=\"text-align: center;\">Viande<\/p>\n<\/div><\/div><\/div><\/div><\/div><div id=\"pgc-2871-1-2\"  class=\"panel-grid-cell\" ><div id=\"panel-2871-1-2-0\" class=\"so-panel widget widget_wwm-image-widget panel-first-child\" data-index=\"9\" ><div\n\t\t\t\n\t\t\tclass=\"so-widget-wwm-image-widget so-widget-wwm-image-widget-base\"\n\t\t\t\n\t\t><style>\r\n.wwm-image .image-b3ad076b-4f04-4ae2-ad7c-cbdb36892bf6{ \r\n}\r\n.wwm-image .image-b3ad076b-4f04-4ae2-ad7c-cbdb36892bf6:hover\r\n{ \r\n}\r\n@media only screen and (max-width: 768px)\r\n{\r\n\t.wwm-image .image-b3ad076b-4f04-4ae2-ad7c-cbdb36892bf6\t{ \r\n\t\t}\r\n}\r\n<\/style>\r\n\r\n<div class=\"wwm-image\" style=\"text-align:left\"><img decoding=\"async\" class=\"image-b3ad076b-4f04-4ae2-ad7c-cbdb36892bf6\" src=\"https:\/\/scanrg.org\/wp-content\/uploads\/Anwendung_Foodmeter_3.jpg\" alt=\"\" width=\"100%\" title=\"\" \/><\/div><\/div><\/div><div id=\"panel-2871-1-2-1\" class=\"so-panel widget widget_wwm-text-widget panel-last-child\" data-index=\"10\" ><div\n\t\t\t\n\t\t\tclass=\"so-widget-wwm-text-widget so-widget-wwm-text-widget-base\"\n\t\t\t\n\t\t><div style=\"color:;\"><div style=\"padding:0px;\"><p style=\"text-align: center;\">Substituts de viande<\/p>\n<\/div><\/div><\/div><\/div><\/div><div id=\"pgc-2871-1-3\"  class=\"panel-grid-cell\" ><div id=\"panel-2871-1-3-0\" class=\"so-panel widget widget_wwm-image-widget panel-first-child\" data-index=\"11\" ><div\n\t\t\t\n\t\t\tclass=\"so-widget-wwm-image-widget so-widget-wwm-image-widget-base\"\n\t\t\t\n\t\t><style>\r\n.wwm-image .image-808aaa80-5172-473b-bf57-b819881dea5d{ \r\n}\r\n.wwm-image .image-808aaa80-5172-473b-bf57-b819881dea5d:hover\r\n{ \r\n}\r\n@media only screen and (max-width: 768px)\r\n{\r\n\t.wwm-image .image-808aaa80-5172-473b-bf57-b819881dea5d\t{ \r\n\t\t}\r\n}\r\n<\/style>\r\n\r\n<div class=\"wwm-image\" style=\"text-align:left\"><img decoding=\"async\" class=\"image-808aaa80-5172-473b-bf57-b819881dea5d\" src=\"https:\/\/scanrg.org\/wp-content\/uploads\/Anwendung_Foodmeter_4.jpg\" alt=\"\" width=\"100%\" title=\"\" \/><\/div><\/div><\/div><div id=\"panel-2871-1-3-1\" class=\"so-panel widget widget_wwm-text-widget panel-last-child\" data-index=\"12\" ><div\n\t\t\t\n\t\t\tclass=\"so-widget-wwm-text-widget so-widget-wwm-text-widget-base\"\n\t\t\t\n\t\t><div style=\"color:;\"><div style=\"padding:0px;\"><p style=\"text-align: center;\">Volaille<\/p>\n<\/div><\/div><\/div><\/div><\/div><div id=\"pgc-2871-1-4\"  class=\"panel-grid-cell\" ><div id=\"panel-2871-1-4-0\" class=\"so-panel widget widget_wwm-image-widget panel-first-child\" data-index=\"13\" ><div\n\t\t\t\n\t\t\tclass=\"so-widget-wwm-image-widget so-widget-wwm-image-widget-base\"\n\t\t\t\n\t\t><style>\r\n.wwm-image .image-705e04d6-4f4e-45e4-94bf-f93d355531d5{ \r\n}\r\n.wwm-image .image-705e04d6-4f4e-45e4-94bf-f93d355531d5:hover\r\n{ \r\n}\r\n@media only screen and (max-width: 768px)\r\n{\r\n\t.wwm-image .image-705e04d6-4f4e-45e4-94bf-f93d355531d5\t{ \r\n\t\t}\r\n}\r\n<\/style>\r\n\r\n<div class=\"wwm-image\" style=\"text-align:left\"><img decoding=\"async\" class=\"image-705e04d6-4f4e-45e4-94bf-f93d355531d5\" src=\"https:\/\/scanrg.org\/wp-content\/uploads\/Anwendung_Foodmeter_5.jpg\" alt=\"\" width=\"100%\" title=\"\" \/><\/div><\/div><\/div><div id=\"panel-2871-1-4-1\" class=\"so-panel widget widget_wwm-text-widget panel-last-child\" data-index=\"14\" ><div\n\t\t\t\n\t\t\tclass=\"so-widget-wwm-text-widget so-widget-wwm-text-widget-base\"\n\t\t\t\n\t\t><div style=\"color:;\"><div style=\"padding:0px;\"><p style=\"text-align: center;\">Poisson<\/p>\n<\/div><\/div><\/div><\/div><\/div><\/div><div id=\"pg-2871-2\"  class=\"panel-grid panel-no-style\" ><div id=\"pgc-2871-2-0\"  class=\"panel-grid-cell\" ><div id=\"panel-2871-2-0-0\" class=\"so-panel widget widget_wwm-button-widget panel-first-child panel-last-child\" data-index=\"15\" ><div\n\t\t\t\n\t\t\tclass=\"so-widget-wwm-button-widget so-widget-wwm-button-widget-base\"\n\t\t\t\n\t\t><div><a class=\"button custom-btn btn-0\" href=\"https:\/\/scanrg.org\/produkte\/\" target=\"_self\">Retour<\/a><\/div><\/div><\/div><\/div><\/div><\/div>","protected":false},"excerpt":{"rendered":"<p>FOODMETER Sur la base du BAKEMETER, nous d\u00e9veloppons actuellement la solution optimale pour le contr\u00f4le de qualit\u00e9 hors ligne de la viande, du poisson, de la volaille, du fromage ou des substituts de viande. Des tests peuvent d\u00e9j\u00e0 \u00eatre r\u00e9alis\u00e9s avec un prototype. N&rsquo;h\u00e9sitez pas \u00e0 nous contacter. Contactez nous [&hellip;]<\/p>\n","protected":false},"author":5,"featured_media":0,"parent":0,"menu_order":0,"comment_status":"closed","ping_status":"closed","template":"","meta":{"_acf_changed":false,"footnotes":""},"class_list":["post-2871","page","type-page","status-publish","hentry"],"acf":[],"_links":{"self":[{"href":"https:\/\/scanrg.org\/fr\/wp-json\/wp\/v2\/pages\/2871","targetHints":{"allow":["GET"]}}],"collection":[{"href":"https:\/\/scanrg.org\/fr\/wp-json\/wp\/v2\/pages"}],"about":[{"href":"https:\/\/scanrg.org\/fr\/wp-json\/wp\/v2\/types\/page"}],"author":[{"embeddable":true,"href":"https:\/\/scanrg.org\/fr\/wp-json\/wp\/v2\/users\/5"}],"replies":[{"embeddable":true,"href":"https:\/\/scanrg.org\/fr\/wp-json\/wp\/v2\/comments?post=2871"}],"version-history":[{"count":1,"href":"https:\/\/scanrg.org\/fr\/wp-json\/wp\/v2\/pages\/2871\/revisions"}],"predecessor-version":[{"id":2872,"href":"https:\/\/scanrg.org\/fr\/wp-json\/wp\/v2\/pages\/2871\/revisions\/2872"}],"wp:attachment":[{"href":"https:\/\/scanrg.org\/fr\/wp-json\/wp\/v2\/media?parent=2871"}],"curies":[{"name":"wp","href":"https:\/\/api.w.org\/{rel}","templated":true}]}}