{"id":2866,"date":"2024-11-19T18:34:33","date_gmt":"2024-11-19T17:34:33","guid":{"rendered":"https:\/\/scanrg.org\/?page_id=2866"},"modified":"2024-11-21T11:45:13","modified_gmt":"2024-11-21T10:45:13","slug":"bakemeter","status":"publish","type":"page","link":"https:\/\/scanrg.org\/fr\/bakemeter\/","title":{"rendered":"BAKEMETER"},"content":{"rendered":"<div id=\"pl-2866\"  class=\"panel-layout\" ><div id=\"pg-2866-0\"  class=\"panel-grid panel-no-style\" ><div id=\"pgc-2866-0-0\"  class=\"panel-grid-cell\" ><div id=\"panel-2866-0-0-0\" class=\"so-panel widget widget_wwm-headline-widget panel-first-child\" data-index=\"0\" ><div\n\t\t\t\n\t\t\tclass=\"so-widget-wwm-headline-widget so-widget-wwm-headline-widget-base\"\n\t\t\t\n\t\t><h1 class=\"wwm-headline1\" style=\"\">BAKEMETER<\/h1><h2 class=\"wwm-headline2\" style=\"\"><\/h2><\/div><\/div><div id=\"panel-2866-0-0-1\" class=\"so-panel widget widget_wwm-image-widget\" data-index=\"1\" ><div\n\t\t\t\n\t\t\tclass=\"so-widget-wwm-image-widget so-widget-wwm-image-widget-base\"\n\t\t\t\n\t\t><style>\r\n.wwm-image .image-718241a1-2279-42e0-aa05-df63c5caff21{ \r\n}\r\n.wwm-image .image-718241a1-2279-42e0-aa05-df63c5caff21:hover\r\n{ \r\n}\r\n@media only screen and (max-width: 768px)\r\n{\r\n\t.wwm-image .image-718241a1-2279-42e0-aa05-df63c5caff21\t{ \r\n\t\t}\r\n}\r\n<\/style>\r\n\r\n<div class=\"wwm-image\" style=\"text-align:right\"><div class=\"wwm-lightbox\"><a href=\"https:\/\/scanrg.org\/wp-content\/uploads\/Logo_ScanRG_Produkt_v6_BAKEMETER.jpg\" rel=\"https:\/\/scanrg.org\/wp-content\/uploads\/Logo_ScanRG_Produkt_v6_BAKEMETER.jpg\" ><img decoding=\"async\" class=\"image-718241a1-2279-42e0-aa05-df63c5caff21\" src=\"https:\/\/scanrg.org\/wp-content\/uploads\/Logo_ScanRG_Produkt_v6_BAKEMETER.jpg\" alt=\"\" width=20% title=\"\" \/><\/a><\/div><\/div><\/div><\/div><div id=\"panel-2866-0-0-2\" class=\"so-panel widget widget_wwm-text-widget panel-last-child\" data-index=\"2\" ><div\n\t\t\t\n\t\t\tclass=\"so-widget-wwm-text-widget so-widget-wwm-text-widget-base\"\n\t\t\t\n\t\t><div style=\"color:;\"><div style=\"padding:0px;\"><p>Le BAKEMETER est un appareil autonome destin\u00e9 au contr\u00f4le de qualit\u00e9 hors ligne des produits de boulangerie tels que le pain, les petits pains, les croissants, les biscuits, les pralines, les pizzas, les barres chocolat\u00e9es et les g\u00e2teaux.<br \/>\nLa technologie du scanner N1 int\u00e9gr\u00e9 est extr\u00eamement complexe et fournit des r\u00e9sultats de haute qualit\u00e9, tandis que son utilisation est un jeu d'enfant.<br \/>\nPour apprendre le syst\u00e8me, quelques articles sont plac\u00e9s sur le tapis roulant et scann\u00e9s par BAKEMETER, qui r\u00e9pondent aux crit\u00e8res de qualit\u00e9 souhait\u00e9s.<br \/>\nBAKEMETER cr\u00e9e alors un tableau avec les tol\u00e9rances correspondantes. Les produits qui doivent \u00eatre test\u00e9s sont ensuite plac\u00e9s sur le tapis roulant. BAKEMETER<br \/>\nsignale alors par une lumi\u00e8re rouge si un produit se trouve en dehors des tol\u00e9rances. Les r\u00e9sultats d\u00e9taill\u00e9s peuvent \u00eatre lus sur l'\u00e9cran.<br \/>\nToutes les donn\u00e9es peuvent \u00eatre \u00e9valu\u00e9es et export\u00e9es \u00e0 l'aide du logiciel d'analyse.<\/p>\n<\/div><\/div><\/div><\/div><\/div><\/div><div id=\"pg-2866-1\"  class=\"panel-grid panel-no-style\" ><div id=\"pgc-2866-1-0\"  class=\"panel-grid-cell\" ><div id=\"panel-2866-1-0-0\" class=\"so-panel widget widget_wwm-text-widget panel-first-child panel-last-child\" data-index=\"3\" ><div\n\t\t\t\n\t\t\tclass=\"so-widget-wwm-text-widget so-widget-wwm-text-widget-base\"\n\t\t\t\n\t\t><div style=\"color:;\"><div style=\"padding:0px;\"><ul>\n<li>Mesure en 3D, couleur et NIR<\/li>\n<li>Le syst\u00e8me calcule les param\u00e8tres du produit tels que les dimensions, le volume, la surface, la couleur de cuisson, les indices de couleur et la brillance.<\/li>\n<li>Les param\u00e8tres et les images du produit sont enregistr\u00e9s de mani\u00e8re permanente pour la visualisation et l'analyse.<\/li>\n<li>R\u00e9solution de 0,18 mm<\/li>\n<li>Taille max. du produit LxLxH = 700 x 365 x 190 mm<\/li>\n<li>Dimensions de l'appareil : LxlxH = 800 x 460 x 765 mm<\/li>\n<li>Poids 28 kg<\/li>\n<\/ul>\n<\/div><\/div><\/div><\/div><\/div><div id=\"pgc-2866-1-1\"  class=\"panel-grid-cell\" ><div id=\"panel-2866-1-1-0\" class=\"so-panel widget widget_wwm-image-widget panel-first-child panel-last-child\" data-index=\"4\" ><div\n\t\t\t\n\t\t\tclass=\"so-widget-wwm-image-widget so-widget-wwm-image-widget-base\"\n\t\t\t\n\t\t><style>\r\n.wwm-image .image-9d60eaac-2e4d-4634-b58d-c4655063c58c{ \r\n}\r\n.wwm-image .image-9d60eaac-2e4d-4634-b58d-c4655063c58c:hover\r\n{ \r\n}\r\n@media only screen and (max-width: 768px)\r\n{\r\n\t.wwm-image .image-9d60eaac-2e4d-4634-b58d-c4655063c58c\t{ \r\n\t\t}\r\n}\r\n<\/style>\r\n\r\n<div class=\"wwm-image\" style=\"text-align:left\"><img decoding=\"async\" class=\"image-9d60eaac-2e4d-4634-b58d-c4655063c58c\" src=\"https:\/\/scanrg.org\/wp-content\/uploads\/BAKEMETER.jpg\" alt=\"\" width=\"100%\" title=\"\" \/><\/div><\/div><\/div><\/div><\/div><div id=\"pg-2866-2\"  class=\"panel-grid panel-no-style\" ><div id=\"pgc-2866-2-0\"  class=\"panel-grid-cell\" ><div id=\"panel-2866-2-0-0\" class=\"so-panel widget widget_wwm-image-widget panel-first-child\" data-index=\"5\" ><div\n\t\t\t\n\t\t\tclass=\"so-widget-wwm-image-widget so-widget-wwm-image-widget-base\"\n\t\t\t\n\t\t><style>\r\n.wwm-image .image-a851ca84-c8ef-47ea-a142-39383247f8e8{ \r\n}\r\n.wwm-image .image-a851ca84-c8ef-47ea-a142-39383247f8e8:hover\r\n{ \r\n}\r\n@media only screen and (max-width: 768px)\r\n{\r\n\t.wwm-image .image-a851ca84-c8ef-47ea-a142-39383247f8e8\t{ \r\n\t\t}\r\n}\r\n<\/style>\r\n\r\n<div class=\"wwm-image\" style=\"text-align:left\"><img decoding=\"async\" class=\"image-a851ca84-c8ef-47ea-a142-39383247f8e8\" src=\"https:\/\/scanrg.org\/wp-content\/uploads\/Anwendung_Bakemeter_1.jpg\" alt=\"\" width=\"100%\" title=\"\" \/><\/div><\/div><\/div><div id=\"panel-2866-2-0-1\" class=\"so-panel widget widget_wwm-text-widget panel-last-child\" data-index=\"6\" ><div\n\t\t\t\n\t\t\tclass=\"so-widget-wwm-text-widget so-widget-wwm-text-widget-base\"\n\t\t\t\n\t\t><div style=\"color:;\"><div style=\"padding:0px;\"><p style=\"text-align: center;\">Petit pains<\/p>\n<\/div><\/div><\/div><\/div><\/div><div id=\"pgc-2866-2-1\"  class=\"panel-grid-cell\" ><div id=\"panel-2866-2-1-0\" class=\"so-panel widget widget_wwm-image-widget panel-first-child\" data-index=\"7\" ><div\n\t\t\t\n\t\t\tclass=\"so-widget-wwm-image-widget so-widget-wwm-image-widget-base\"\n\t\t\t\n\t\t><style>\r\n.wwm-image .image-ac8fa752-86c4-4d4e-9b6f-646c5a503475{ \r\n}\r\n.wwm-image .image-ac8fa752-86c4-4d4e-9b6f-646c5a503475:hover\r\n{ \r\n}\r\n@media only screen and (max-width: 768px)\r\n{\r\n\t.wwm-image .image-ac8fa752-86c4-4d4e-9b6f-646c5a503475\t{ \r\n\t\t}\r\n}\r\n<\/style>\r\n\r\n<div class=\"wwm-image\" style=\"text-align:left\"><img decoding=\"async\" class=\"image-ac8fa752-86c4-4d4e-9b6f-646c5a503475\" src=\"https:\/\/scanrg.org\/wp-content\/uploads\/Anwendung_Bakemeter_2.jpg\" alt=\"\" width=\"100%\" title=\"\" \/><\/div><\/div><\/div><div id=\"panel-2866-2-1-1\" class=\"so-panel widget widget_wwm-text-widget panel-last-child\" data-index=\"8\" ><div\n\t\t\t\n\t\t\tclass=\"so-widget-wwm-text-widget so-widget-wwm-text-widget-base\"\n\t\t\t\n\t\t><div style=\"color:;\"><div style=\"padding:0px;\"><p style=\"text-align: center;\">Croissants<\/p>\n<\/div><\/div><\/div><\/div><\/div><div id=\"pgc-2866-2-2\"  class=\"panel-grid-cell\" ><div id=\"panel-2866-2-2-0\" class=\"so-panel widget widget_wwm-image-widget panel-first-child\" data-index=\"9\" ><div\n\t\t\t\n\t\t\tclass=\"so-widget-wwm-image-widget so-widget-wwm-image-widget-base\"\n\t\t\t\n\t\t><style>\r\n.wwm-image .image-f2c9505d-67bb-41de-9759-0a591e3b6527{ \r\n}\r\n.wwm-image .image-f2c9505d-67bb-41de-9759-0a591e3b6527:hover\r\n{ \r\n}\r\n@media only screen and (max-width: 768px)\r\n{\r\n\t.wwm-image .image-f2c9505d-67bb-41de-9759-0a591e3b6527\t{ \r\n\t\t}\r\n}\r\n<\/style>\r\n\r\n<div class=\"wwm-image\" style=\"text-align:left\"><img decoding=\"async\" class=\"image-f2c9505d-67bb-41de-9759-0a591e3b6527\" src=\"https:\/\/scanrg.org\/wp-content\/uploads\/Anwendung_Bakemeter_3.jpg\" alt=\"\" width=\"100%\" title=\"\" \/><\/div><\/div><\/div><div id=\"panel-2866-2-2-1\" class=\"so-panel widget widget_wwm-text-widget panel-last-child\" data-index=\"10\" ><div\n\t\t\t\n\t\t\tclass=\"so-widget-wwm-text-widget so-widget-wwm-text-widget-base\"\n\t\t\t\n\t\t><div style=\"color:;\"><div style=\"padding:0px;\"><p style=\"text-align: center;\">Pizza<\/p>\n<\/div><\/div><\/div><\/div><\/div><div id=\"pgc-2866-2-3\"  class=\"panel-grid-cell\" ><div id=\"panel-2866-2-3-0\" class=\"so-panel widget widget_wwm-image-widget panel-first-child\" data-index=\"11\" ><div\n\t\t\t\n\t\t\tclass=\"so-widget-wwm-image-widget so-widget-wwm-image-widget-base\"\n\t\t\t\n\t\t><style>\r\n.wwm-image .image-9e2f0784-b817-434e-a0d9-d941c0e91658{ \r\n}\r\n.wwm-image .image-9e2f0784-b817-434e-a0d9-d941c0e91658:hover\r\n{ \r\n}\r\n@media only screen and (max-width: 768px)\r\n{\r\n\t.wwm-image .image-9e2f0784-b817-434e-a0d9-d941c0e91658\t{ \r\n\t\t}\r\n}\r\n<\/style>\r\n\r\n<div class=\"wwm-image\" style=\"text-align:left\"><img decoding=\"async\" class=\"image-9e2f0784-b817-434e-a0d9-d941c0e91658\" src=\"https:\/\/scanrg.org\/wp-content\/uploads\/Anwendung_Bakemeter_4.jpg\" alt=\"\" width=\"100%\" title=\"\" \/><\/div><\/div><\/div><div id=\"panel-2866-2-3-1\" class=\"so-panel widget widget_wwm-text-widget panel-last-child\" data-index=\"12\" ><div\n\t\t\t\n\t\t\tclass=\"so-widget-wwm-text-widget so-widget-wwm-text-widget-base\"\n\t\t\t\n\t\t><div style=\"color:;\"><div style=\"padding:0px;\"><p style=\"text-align: center;\">Pralin\u00e9<\/p>\n<\/div><\/div><\/div><\/div><\/div><div id=\"pgc-2866-2-4\"  class=\"panel-grid-cell\" ><div id=\"panel-2866-2-4-0\" class=\"so-panel widget widget_wwm-image-widget panel-first-child\" data-index=\"13\" ><div\n\t\t\t\n\t\t\tclass=\"so-widget-wwm-image-widget so-widget-wwm-image-widget-base\"\n\t\t\t\n\t\t><style>\r\n.wwm-image .image-6747a4c0-ac89-4ecf-86d7-b4c68e1c116a{ \r\n}\r\n.wwm-image .image-6747a4c0-ac89-4ecf-86d7-b4c68e1c116a:hover\r\n{ \r\n}\r\n@media only screen and (max-width: 768px)\r\n{\r\n\t.wwm-image .image-6747a4c0-ac89-4ecf-86d7-b4c68e1c116a\t{ \r\n\t\t}\r\n}\r\n<\/style>\r\n\r\n<div class=\"wwm-image\" style=\"text-align:left\"><img decoding=\"async\" class=\"image-6747a4c0-ac89-4ecf-86d7-b4c68e1c116a\" src=\"https:\/\/scanrg.org\/wp-content\/uploads\/Anwendung_Bakemeter_5.jpg\" alt=\"\" width=\"100%\" title=\"\" \/><\/div><\/div><\/div><div id=\"panel-2866-2-4-1\" class=\"so-panel widget widget_wwm-text-widget panel-last-child\" data-index=\"14\" ><div\n\t\t\t\n\t\t\tclass=\"so-widget-wwm-text-widget so-widget-wwm-text-widget-base\"\n\t\t\t\n\t\t><div style=\"color:;\"><div style=\"padding:0px;\"><p style=\"text-align: center;\">G\u00e2teau<\/p>\n<\/div><\/div><\/div><\/div><\/div><\/div><div id=\"pg-2866-3\"  class=\"panel-grid panel-no-style\" ><div id=\"pgc-2866-3-0\"  class=\"panel-grid-cell\" ><div id=\"panel-2866-3-0-0\" class=\"so-panel widget widget_wwm-text-widget panel-first-child panel-last-child\" data-index=\"15\" ><div\n\t\t\t\n\t\t\tclass=\"so-widget-wwm-text-widget so-widget-wwm-text-widget-base\"\n\t\t\t\n\t\t><div style=\"color:;\"><div style=\"padding:0px;\"><ul>\n<li>Indication du produit d\u00e9fectueux ou diff\u00e9rent par un voyant d'avertissement rouge<\/li>\n<li>Affichage des valeurs sur l'\u00e9cran<\/li>\n<\/ul>\n<\/div><\/div><\/div><\/div><\/div><\/div><div id=\"pg-2866-4\"  class=\"panel-grid panel-no-style\" ><div id=\"pgc-2866-4-0\"  class=\"panel-grid-cell\" ><div id=\"panel-2866-4-0-0\" class=\"so-panel widget widget_wwm-image-widget panel-first-child panel-last-child\" data-index=\"16\" ><div\n\t\t\t\n\t\t\tclass=\"so-widget-wwm-image-widget so-widget-wwm-image-widget-base\"\n\t\t\t\n\t\t><style>\r\n.wwm-image .image-2a0833a9-2b7c-48e0-bf54-1c65fd054b5b{ \r\n}\r\n.wwm-image .image-2a0833a9-2b7c-48e0-bf54-1c65fd054b5b:hover\r\n{ \r\n}\r\n@media only screen and (max-width: 768px)\r\n{\r\n\t.wwm-image .image-2a0833a9-2b7c-48e0-bf54-1c65fd054b5b\t{ \r\n\t\t}\r\n}\r\n<\/style>\r\n\r\n<div class=\"wwm-image\" style=\"text-align:left\"><div class=\"wwm-lightbox\"><a href=\"https:\/\/scanrg.org\/wp-content\/uploads\/Bakemeter_Failure-scaled.jpg\" rel=\"https:\/\/scanrg.org\/wp-content\/uploads\/Bakemeter_Failure-scaled.jpg\" ><img decoding=\"async\" class=\"image-2a0833a9-2b7c-48e0-bf54-1c65fd054b5b\" src=\"https:\/\/scanrg.org\/wp-content\/uploads\/Bakemeter_Failure-scaled.jpg\" alt=\"\" width=\"100%\" title=\"\" \/><\/a><\/div><\/div><\/div><\/div><\/div><\/div><div id=\"pg-2866-5\"  class=\"panel-grid panel-has-style\" ><div class=\"siteorigin-panels-stretch panel-row-style panel-row-style-for-2866-5\" id=\"fullwidthStartseite\" data-stretch-type=\"full-width-stretch\" ><div id=\"pgc-2866-5-0\"  class=\"panel-grid-cell\" ><div id=\"panel-2866-5-0-0\" class=\"so-panel widget widget_wwm-fullwidth-widget panel-first-child panel-last-child\" data-index=\"17\" ><div class=\"panel-widget-style panel-widget-style-for-2866-5-0-0\" ><div\n\t\t\t\n\t\t\tclass=\"so-widget-wwm-fullwidth-widget so-widget-wwm-fullwidth-widget-base\"\n\t\t\t\n\t\t><div class=\"wwm-fullwidth\"><div class=\"wwm-fullwidth-column\"  style=\"background-image:url(https:\/\/scanrg.org\/wp-content\/uploads\/Bakemeter_Broetchen.jpg);background-size:cover;background-position:center center; min-height:300px; \" ><\/div><div class=\"wwm-fullwidth-column\"><div class=\"wwm-fullwidth-column-content\"  style=\"padding:30px;\"><div id=\"pl-wcea27d0a\"  class=\"panel-layout\" ><div id=\"pg-wcea27d0a-0\"  class=\"panel-grid panel-has-style\" ><div id=\"fullwidthStartseiteContentColumn\" class=\"panel-row-style panel-row-style-for-wcea27d0a-0\" ><div id=\"pgc-wcea27d0a-0-0\"  class=\"panel-grid-cell\" ><div id=\"panel-wcea27d0a-0-0-0\" class=\"so-panel widget widget_wwm-headline-widget panel-first-child\" data-index=\"0\" ><div class=\"panel-widget-style panel-widget-style-for-wcea27d0a-0-0-0\" ><div\n\t\t\t\n\t\t\tclass=\"so-widget-wwm-headline-widget so-widget-wwm-headline-widget-base\"\n\t\t\t\n\t\t><h1 class=\"wwm-headline1\" style=\"color:#ffffff;\">Vos b\u00e9n\u00e9fices<\/h1><h2 class=\"wwm-headline2\" style=\"\"><\/h2><\/div><\/div><\/div><div id=\"panel-wcea27d0a-0-0-1\" class=\"so-panel widget widget_wwm-text-widget panel-last-child\" data-index=\"1\" ><div class=\"panel-widget-style panel-widget-style-for-wcea27d0a-0-0-1\" ><div\n\t\t\t\n\t\t\tclass=\"so-widget-wwm-text-widget so-widget-wwm-text-widget-base\"\n\t\t\t\n\t\t><div style=\"color:#ffffff;\"><div style=\"padding:0px;\"><ul>\n<li><span style=\"font-size: 24px;\">Donn\u00e9es compl\u00e8tes et objectives sur les produits<\/span><\/li>\n<li><span style=\"font-size: 24px;\">Augmentation de la connaissance des produits<\/span><\/li>\n<li><span style=\"font-size: 24px;\">Assurer une qualit\u00e9 constante des produits<\/span><\/li>\n<\/ul>\n<\/div><\/div><\/div><\/div><\/div><\/div><\/div><\/div><\/div><\/div><\/div><\/div><\/div><\/div><\/div><\/div><\/div><\/div><div id=\"pg-2866-6\"  class=\"panel-grid panel-no-style\" ><div id=\"pgc-2866-6-0\"  class=\"panel-grid-cell\" ><div id=\"panel-2866-6-0-0\" class=\"so-panel widget widget_media_video panel-first-child panel-last-child\" data-index=\"18\" ><div style=\"width:100%;\" class=\"wp-video\"><video class=\"wp-video-shortcode\" id=\"video-2866-1\" preload=\"metadata\" controls=\"controls\"><source type=\"video\/youtube\" src=\"https:\/\/youtu.be\/BAKFad5P94A?si=bfuOzv4IPWIdPxA4&#038;_=1\" \/><a href=\"https:\/\/youtu.be\/BAKFad5P94A?si=bfuOzv4IPWIdPxA4\">https:\/\/youtu.be\/BAKFad5P94A?si=bfuOzv4IPWIdPxA4<\/a><\/video><\/div><\/div><\/div><div id=\"pgc-2866-6-1\"  class=\"panel-grid-cell\" ><div id=\"panel-2866-6-1-0\" class=\"so-panel widget widget_wwm-text-widget panel-first-child\" data-index=\"19\" ><div\n\t\t\t\n\t\t\tclass=\"so-widget-wwm-text-widget so-widget-wwm-text-widget-base\"\n\t\t\t\n\t\t><div style=\"color:;\"><div style=\"padding:0px;\"><p>D\u00e9couvrez en vid\u00e9o les avantages du contr\u00f4le qualit\u00e9 BAKEMETER.<\/p>\n<\/div><\/div><\/div><\/div><div id=\"panel-2866-6-1-1\" class=\"so-panel widget widget_wwm-button-widget panel-last-child\" data-index=\"20\" ><div\n\t\t\t\n\t\t\tclass=\"so-widget-wwm-button-widget so-widget-wwm-button-widget-base\"\n\t\t\t\n\t\t><div><a class=\"button custom-btn btn-0\" href=\"https:\/\/scanrg.org\/wp-content\/uploads\/ScanRG_202410_EN.pdf\" target=\"_blank\">T\u00e9l\u00e9charger la brochure<\/a><\/div><\/div><\/div><\/div><\/div><div id=\"pg-2866-7\"  class=\"panel-grid panel-no-style\" ><div id=\"pgc-2866-7-0\"  class=\"panel-grid-cell\" ><div id=\"panel-2866-7-0-0\" class=\"so-panel widget widget_wwm-button-widget panel-first-child\" data-index=\"21\" ><div\n\t\t\t\n\t\t\tclass=\"so-widget-wwm-button-widget so-widget-wwm-button-widget-base\"\n\t\t\t\n\t\t><div><a class=\"button custom-btn btn-0\" href=\"https:\/\/scanrg.org\/produkte\/\" target=\"_self\">retour<\/a><\/div><\/div><\/div><div id=\"panel-2866-7-0-1\" class=\"so-panel widget widget_wwm-image-widget panel-last-child\" data-index=\"22\" ><div\n\t\t\t\n\t\t\tclass=\"so-widget-wwm-image-widget so-widget-wwm-image-widget-base\"\n\t\t\t\n\t\t><style>\r\n.wwm-image .image-dda2e98c-7f1d-421f-9a7e-15c3f5a86807{ \r\n}\r\n.wwm-image .image-dda2e98c-7f1d-421f-9a7e-15c3f5a86807:hover\r\n{ \r\n}\r\n@media only screen and (max-width: 768px)\r\n{\r\n\t.wwm-image .image-dda2e98c-7f1d-421f-9a7e-15c3f5a86807\t{ \r\n\t\t}\r\n}\r\n<\/style>\r\n\r\n<div class=\"wwm-image\" style=\"text-align:left\"><\/div><\/div><\/div><\/div><\/div><\/div>","protected":false},"excerpt":{"rendered":"<p>BAKEMETER Le BAKEMETER est un appareil autonome destin\u00e9 au contr\u00f4le de qualit\u00e9 hors ligne des produits de boulangerie tels que le pain, les petits pains, les croissants, les biscuits, les pralines, les pizzas, les barres chocolat\u00e9es et les g\u00e2teaux. La technologie du scanner N1 int\u00e9gr\u00e9 est extr\u00eamement complexe et fournit [&hellip;]<\/p>\n","protected":false},"author":5,"featured_media":0,"parent":0,"menu_order":0,"comment_status":"closed","ping_status":"closed","template":"","meta":{"_acf_changed":false,"footnotes":""},"class_list":["post-2866","page","type-page","status-publish","hentry"],"acf":[],"_links":{"self":[{"href":"https:\/\/scanrg.org\/fr\/wp-json\/wp\/v2\/pages\/2866","targetHints":{"allow":["GET"]}}],"collection":[{"href":"https:\/\/scanrg.org\/fr\/wp-json\/wp\/v2\/pages"}],"about":[{"href":"https:\/\/scanrg.org\/fr\/wp-json\/wp\/v2\/types\/page"}],"author":[{"embeddable":true,"href":"https:\/\/scanrg.org\/fr\/wp-json\/wp\/v2\/users\/5"}],"replies":[{"embeddable":true,"href":"https:\/\/scanrg.org\/fr\/wp-json\/wp\/v2\/comments?post=2866"}],"version-history":[{"count":2,"href":"https:\/\/scanrg.org\/fr\/wp-json\/wp\/v2\/pages\/2866\/revisions"}],"predecessor-version":[{"id":2868,"href":"https:\/\/scanrg.org\/fr\/wp-json\/wp\/v2\/pages\/2866\/revisions\/2868"}],"wp:attachment":[{"href":"https:\/\/scanrg.org\/fr\/wp-json\/wp\/v2\/media?parent=2866"}],"curies":[{"name":"wp","href":"https:\/\/api.w.org\/{rel}","templated":true}]}}