{"id":2863,"date":"2024-11-20T09:52:02","date_gmt":"2024-11-20T08:52:02","guid":{"rendered":"https:\/\/scanrg.org\/?page_id=2863"},"modified":"2024-11-21T11:38:52","modified_gmt":"2024-11-21T10:38:52","slug":"inliner","status":"publish","type":"page","link":"https:\/\/scanrg.org\/fr\/inliner\/","title":{"rendered":"INLINER"},"content":{"rendered":"<div id=\"pl-2863\"  class=\"panel-layout\" ><div id=\"pg-2863-0\"  class=\"panel-grid panel-no-style\" ><div id=\"pgc-2863-0-0\"  class=\"panel-grid-cell\" ><div id=\"panel-2863-0-0-0\" class=\"so-panel widget widget_wwm-headline-widget panel-first-child\" data-index=\"0\" ><div\n\t\t\t\n\t\t\tclass=\"so-widget-wwm-headline-widget so-widget-wwm-headline-widget-base\"\n\t\t\t\n\t\t><h1 class=\"wwm-headline1\" style=\"\">INLINER<\/h1><h2 class=\"wwm-headline2\" style=\"\"><\/h2><\/div><\/div><div id=\"panel-2863-0-0-1\" class=\"so-panel widget widget_wwm-image-widget\" data-index=\"1\" ><div\n\t\t\t\n\t\t\tclass=\"so-widget-wwm-image-widget so-widget-wwm-image-widget-base\"\n\t\t\t\n\t\t><style>\r\n.wwm-image .image-718241a1-2279-42e0-aa05-df63c5caff21{ \r\n}\r\n.wwm-image .image-718241a1-2279-42e0-aa05-df63c5caff21:hover\r\n{ \r\n}\r\n@media only screen and (max-width: 768px)\r\n{\r\n\t.wwm-image .image-718241a1-2279-42e0-aa05-df63c5caff21\t{ \r\n\t\t}\r\n}\r\n<\/style>\r\n\r\n<div class=\"wwm-image\" style=\"text-align:right\"><div class=\"wwm-lightbox\"><a href=\"https:\/\/scanrg.org\/wp-content\/uploads\/Logo_ScanRG_Produkt_v6_INLINER.jpg\" rel=\"https:\/\/scanrg.org\/wp-content\/uploads\/Logo_ScanRG_Produkt_v6_INLINER.jpg\" ><img decoding=\"async\" class=\"image-718241a1-2279-42e0-aa05-df63c5caff21\" src=\"https:\/\/scanrg.org\/wp-content\/uploads\/Logo_ScanRG_Produkt_v6_INLINER.jpg\" alt=\"\" width=20% title=\"\" \/><\/a><\/div><\/div><\/div><\/div><div id=\"panel-2863-0-0-2\" class=\"so-panel widget widget_wwm-text-widget panel-last-child\" data-index=\"2\" ><div\n\t\t\t\n\t\t\tclass=\"so-widget-wwm-text-widget so-widget-wwm-text-widget-base\"\n\t\t\t\n\t\t><div style=\"color:;\"><div style=\"padding:0px;\"><p>Notre INLINER a \u00e9t\u00e9 d\u00e9velopp\u00e9 sur la base de notre scanner N1 pour le contr\u00f4le de qualit\u00e9 en ligne des produits alimentaires et des composants. Comme notre scanner N1 a \u00e9t\u00e9 sp\u00e9cialement con\u00e7u pour les produits en mouvement, l'INLINER fournit des r\u00e9sultats de mesure pr\u00e9cis \u00e0 une vitesse \u00e9lev\u00e9e du tapis roulant. Les produits qui se d\u00e9placent en dehors des tol\u00e9rances prescrites sont par exemple \u00e9vacu\u00e9s au moyen d'un flux d'air. Nous adaptons l'INLINER \u00e0 vos besoins individuels.<\/p>\n<\/div><\/div><\/div><\/div><\/div><\/div><div id=\"pg-2863-1\"  class=\"panel-grid panel-no-style\" ><div id=\"pgc-2863-1-0\"  class=\"panel-grid-cell\" ><div id=\"panel-2863-1-0-0\" class=\"so-panel widget widget_wwm-text-widget panel-first-child panel-last-child\" data-index=\"3\" ><div\n\t\t\t\n\t\t\tclass=\"so-widget-wwm-text-widget so-widget-wwm-text-widget-base\"\n\t\t\t\n\t\t><div style=\"color:;\"><div style=\"padding:0px;\"><ul>\n<li>Saisie de la forme 3D et de la couleur (RGB et NIR) des produits sur le tapis roulant<\/li>\n<li>Calcul de la hauteur, du volume, du diam\u00e8tre, de la couleur, de la brillance ainsi que d'autres param\u00e8tres du produit gr\u00e2ce au module de machine learning int\u00e9gr\u00e9.<\/li>\n<li>R\u00e9solution 0,2 mm<\/li>\n<li>\u00c9limination des produits qui sont en dehors des tol\u00e9rances sp\u00e9cifi\u00e9es<\/li>\n<li>Adaptation et d\u00e9veloppement possibles pour les applications les plus diverses<\/li>\n<li>D\u00e9bit \u00e9lev\u00e9 : vitesse du convoyeur jusqu'\u00e0 30 m\/min pour une largeur de scannage jusqu'\u00e0 100 cm par scanner<\/li>\n<\/ul>\n<\/div><\/div><\/div><\/div><\/div><div id=\"pgc-2863-1-1\"  class=\"panel-grid-cell\" ><div id=\"panel-2863-1-1-0\" class=\"so-panel widget widget_wwm-image-widget panel-first-child panel-last-child\" data-index=\"4\" ><div\n\t\t\t\n\t\t\tclass=\"so-widget-wwm-image-widget so-widget-wwm-image-widget-base\"\n\t\t\t\n\t\t><style>\r\n.wwm-image .image-9d60eaac-2e4d-4634-b58d-c4655063c58c{ \r\n}\r\n.wwm-image .image-9d60eaac-2e4d-4634-b58d-c4655063c58c:hover\r\n{ \r\n}\r\n@media only screen and (max-width: 768px)\r\n{\r\n\t.wwm-image .image-9d60eaac-2e4d-4634-b58d-c4655063c58c\t{ \r\n\t\t}\r\n}\r\n<\/style>\r\n\r\n<div class=\"wwm-image\" style=\"text-align:left\"><img decoding=\"async\" class=\"image-9d60eaac-2e4d-4634-b58d-c4655063c58c\" src=\"https:\/\/scanrg.org\/wp-content\/uploads\/Scanner.jpg\" alt=\"\" width=\"100%\" title=\"\" \/><\/div><\/div><\/div><\/div><\/div><div id=\"pg-2863-2\"  class=\"panel-grid panel-has-style\" ><div class=\"siteorigin-panels-stretch panel-row-style panel-row-style-for-2863-2\" id=\"fullwidthStartseite\" data-stretch-type=\"full-width-stretch\" ><div id=\"pgc-2863-2-0\"  class=\"panel-grid-cell\" ><div id=\"panel-2863-2-0-0\" class=\"so-panel widget widget_wwm-fullwidth-widget panel-first-child panel-last-child\" data-index=\"5\" ><div class=\"panel-widget-style panel-widget-style-for-2863-2-0-0\" ><div\n\t\t\t\n\t\t\tclass=\"so-widget-wwm-fullwidth-widget so-widget-wwm-fullwidth-widget-base\"\n\t\t\t\n\t\t><div class=\"wwm-fullwidth\"><div class=\"wwm-fullwidth-column\"  style=\"background-image:url(https:\/\/scanrg.org\/wp-content\/uploads\/INLINER_Titel.jpg);background-size:cover;background-position:center center; min-height:300px; \" ><\/div><div class=\"wwm-fullwidth-column\"><div class=\"wwm-fullwidth-column-content\"  style=\"padding:30px;\"><div id=\"pl-w662c0330\"  class=\"panel-layout\" ><div id=\"pg-w662c0330-0\"  class=\"panel-grid panel-has-style\" ><div id=\"fullwidthStartseiteContentColumn\" class=\"panel-row-style panel-row-style-for-w662c0330-0\" ><div id=\"pgc-w662c0330-0-0\"  class=\"panel-grid-cell\" ><div id=\"panel-w662c0330-0-0-0\" class=\"so-panel widget widget_wwm-headline-widget panel-first-child\" data-index=\"0\" ><div class=\"panel-widget-style panel-widget-style-for-w662c0330-0-0-0\" ><div\n\t\t\t\n\t\t\tclass=\"so-widget-wwm-headline-widget so-widget-wwm-headline-widget-base\"\n\t\t\t\n\t\t><h1 class=\"wwm-headline1\" style=\"color:#ffffff;\">Vos b\u00e9n\u00e9fices<\/h1><h2 class=\"wwm-headline2\" style=\"\"><\/h2><\/div><\/div><\/div><div id=\"panel-w662c0330-0-0-1\" class=\"so-panel widget widget_wwm-text-widget panel-last-child\" data-index=\"1\" ><div class=\"panel-widget-style panel-widget-style-for-w662c0330-0-0-1\" ><div\n\t\t\t\n\t\t\tclass=\"so-widget-wwm-text-widget so-widget-wwm-text-widget-base\"\n\t\t\t\n\t\t><div style=\"color:#ffffff;\"><div style=\"padding:0px;\"><ul>\n<li><span style=\"font-size: 24px;\">VCaract\u00e9risation compl\u00e8te du produit en 3D, couleur et NIR<\/span><\/li>\n<li><span style=\"font-size: 24px;\">Inspection \u00e0 100<\/span><\/li>\n<li><span style=\"font-size: 24px;\">Rentable gr\u00e2ce \u00e0 l'int\u00e9gration de la 3D, de la couleur et du traitement des donn\u00e9es dans un seul appareil<\/span><\/li>\n<\/ul>\n<\/div><\/div><\/div><\/div><\/div><\/div><\/div><\/div><\/div><\/div><\/div><\/div><\/div><\/div><\/div><\/div><\/div><\/div><div id=\"pg-2863-3\"  class=\"panel-grid panel-no-style\" ><div id=\"pgc-2863-3-0\"  class=\"panel-grid-cell\" ><div id=\"panel-2863-3-0-0\" class=\"so-panel widget widget_media_video panel-first-child panel-last-child\" data-index=\"6\" ><div style=\"width:100%;\" class=\"wp-video\"><video class=\"wp-video-shortcode\" id=\"video-2863-1\" preload=\"metadata\" controls=\"controls\"><source type=\"video\/youtube\" src=\"https:\/\/youtu.be\/_PmgTgK0lUY?si=u0X4qKLIMueJMCl7&#038;_=1\" \/><a href=\"https:\/\/youtu.be\/_PmgTgK0lUY?si=u0X4qKLIMueJMCl7\">https:\/\/youtu.be\/_PmgTgK0lUY?si=u0X4qKLIMueJMCl7<\/a><\/video><\/div><\/div><\/div><div id=\"pgc-2863-3-1\"  class=\"panel-grid-cell\" ><div id=\"panel-2863-3-1-0\" class=\"so-panel widget widget_wwm-text-widget panel-first-child\" data-index=\"7\" ><div\n\t\t\t\n\t\t\tclass=\"so-widget-wwm-text-widget so-widget-wwm-text-widget-base\"\n\t\t\t\n\t\t><div style=\"color:;\"><div style=\"padding:0px;\"><p>D\u00e9couvrez en vid\u00e9o les avantages du contr\u00f4le qualit\u00e9 en ligne avec notre INLINER.<\/p>\n<\/div><\/div><\/div><\/div><div id=\"panel-2863-3-1-1\" class=\"so-panel widget widget_wwm-button-widget panel-last-child\" data-index=\"8\" ><div\n\t\t\t\n\t\t\tclass=\"so-widget-wwm-button-widget so-widget-wwm-button-widget-base\"\n\t\t\t\n\t\t><div><a class=\"button custom-btn btn-0\" href=\"https:\/\/scanrg.org\/wp-content\/uploads\/ScanRG_202410_EN.pdf\" target=\"_blank\">T\u00e9l\u00e9charger la brochure<\/a><\/div><\/div><\/div><\/div><\/div><div id=\"pg-2863-4\"  class=\"panel-grid panel-no-style\" ><div id=\"pgc-2863-4-0\"  class=\"panel-grid-cell\" ><div id=\"panel-2863-4-0-0\" class=\"so-panel widget widget_wwm-button-widget panel-first-child panel-last-child\" data-index=\"9\" ><div\n\t\t\t\n\t\t\tclass=\"so-widget-wwm-button-widget so-widget-wwm-button-widget-base\"\n\t\t\t\n\t\t><div><a class=\"button custom-btn btn-0\" href=\"https:\/\/scanrg.org\/produkte\/\" target=\"_self\">retour<\/a><\/div><\/div><\/div><\/div><\/div><\/div>","protected":false},"excerpt":{"rendered":"<p>INLINER Notre INLINER a \u00e9t\u00e9 d\u00e9velopp\u00e9 sur la base de notre scanner N1 pour le contr\u00f4le de qualit\u00e9 en ligne des produits alimentaires et des composants. Comme notre scanner N1 a \u00e9t\u00e9 sp\u00e9cialement con\u00e7u pour les produits en mouvement, l&rsquo;INLINER fournit des r\u00e9sultats de mesure pr\u00e9cis \u00e0 une vitesse \u00e9lev\u00e9e [&hellip;]<\/p>\n","protected":false},"author":5,"featured_media":0,"parent":0,"menu_order":0,"comment_status":"closed","ping_status":"closed","template":"","meta":{"_acf_changed":false,"footnotes":""},"class_list":["post-2863","page","type-page","status-publish","hentry"],"acf":[],"_links":{"self":[{"href":"https:\/\/scanrg.org\/fr\/wp-json\/wp\/v2\/pages\/2863","targetHints":{"allow":["GET"]}}],"collection":[{"href":"https:\/\/scanrg.org\/fr\/wp-json\/wp\/v2\/pages"}],"about":[{"href":"https:\/\/scanrg.org\/fr\/wp-json\/wp\/v2\/types\/page"}],"author":[{"embeddable":true,"href":"https:\/\/scanrg.org\/fr\/wp-json\/wp\/v2\/users\/5"}],"replies":[{"embeddable":true,"href":"https:\/\/scanrg.org\/fr\/wp-json\/wp\/v2\/comments?post=2863"}],"version-history":[{"count":1,"href":"https:\/\/scanrg.org\/fr\/wp-json\/wp\/v2\/pages\/2863\/revisions"}],"predecessor-version":[{"id":2864,"href":"https:\/\/scanrg.org\/fr\/wp-json\/wp\/v2\/pages\/2863\/revisions\/2864"}],"wp:attachment":[{"href":"https:\/\/scanrg.org\/fr\/wp-json\/wp\/v2\/media?parent=2863"}],"curies":[{"name":"wp","href":"https:\/\/api.w.org\/{rel}","templated":true}]}}