{"id":2861,"date":"2024-11-20T09:58:30","date_gmt":"2024-11-20T08:58:30","guid":{"rendered":"https:\/\/scanrg.org\/?page_id=2861"},"modified":"2024-11-21T11:39:21","modified_gmt":"2024-11-21T10:39:21","slug":"produits","status":"publish","type":"page","link":"https:\/\/scanrg.org\/fr\/produits\/","title":{"rendered":"Produits"},"content":{"rendered":"<div id=\"pl-2861\"  class=\"panel-layout\" ><div id=\"pg-2861-0\"  class=\"panel-grid panel-no-style\" ><div id=\"pgc-2861-0-0\"  class=\"panel-grid-cell\" ><div id=\"panel-2861-0-0-0\" class=\"so-panel widget widget_wwm-headline-widget panel-first-child panel-last-child\" data-index=\"0\" ><div\n\t\t\t\n\t\t\tclass=\"so-widget-wwm-headline-widget so-widget-wwm-headline-widget-base\"\n\t\t\t\n\t\t><h1 class=\"wwm-headline1\" style=\"\">Produits<\/h1><h2 class=\"wwm-headline2\" style=\"\"><\/h2><\/div><\/div><\/div><\/div><div id=\"pg-2861-1\"  class=\"panel-grid panel-no-style\" ><div id=\"pgc-2861-1-0\"  class=\"panel-grid-cell\" ><div id=\"panel-2861-1-0-0\" class=\"so-panel widget widget_wwm-text-widget panel-first-child\" data-index=\"1\" ><div\n\t\t\t\n\t\t\tclass=\"so-widget-wwm-text-widget so-widget-wwm-text-widget-base\"\n\t\t\t\n\t\t><div style=\"color:;\"><div style=\"padding:0px;\"><p style=\"text-align: left;\"><span style=\"font-size: 24px; color: #2f67af;\">INLINER<\/span><\/p>\n<\/div><\/div><\/div><\/div><div id=\"panel-2861-1-0-1\" class=\"so-panel widget widget_wwm-text-widget panel-last-child\" data-index=\"2\" ><div\n\t\t\t\n\t\t\tclass=\"so-widget-wwm-text-widget so-widget-wwm-text-widget-base\"\n\t\t\t\n\t\t><div style=\"color:;\"><div style=\"padding:0px;\"><p style=\"text-align: left;\">pour le contr\u00f4le qualit\u00e9 en ligne des produits alimentaires et des composants<\/p>\n<\/div><\/div><\/div><\/div><\/div><div id=\"pgc-2861-1-1\"  class=\"panel-grid-cell\" ><div id=\"panel-2861-1-1-0\" class=\"so-panel widget widget_wwm-text-widget panel-first-child\" data-index=\"3\" ><div\n\t\t\t\n\t\t\tclass=\"so-widget-wwm-text-widget so-widget-wwm-text-widget-base\"\n\t\t\t\n\t\t><div style=\"color:;\"><div style=\"padding:0px;\"><p><span style=\"font-size: 24px; color: #2f67af;\">BAKEMETER<\/span><\/p>\n<\/div><\/div><\/div><\/div><div id=\"panel-2861-1-1-1\" class=\"so-panel widget widget_wwm-text-widget panel-last-child\" data-index=\"4\" ><div\n\t\t\t\n\t\t\tclass=\"so-widget-wwm-text-widget so-widget-wwm-text-widget-base\"\n\t\t\t\n\t\t><div style=\"color:;\"><div style=\"padding:0px;\"><p style=\"text-align: left;\">pour le contr\u00f4le de qualit\u00e9 hors ligne des produits de boulangerie comme le pain, les petits pains, les croissants, les biscuits, les pralines, les pizzas, les barres de chocolat, les g\u00e2teaux<\/p>\n<\/div><\/div><\/div><\/div><\/div><div id=\"pgc-2861-1-2\"  class=\"panel-grid-cell\" ><div id=\"panel-2861-1-2-0\" class=\"so-panel widget widget_wwm-text-widget panel-first-child\" data-index=\"5\" ><div\n\t\t\t\n\t\t\tclass=\"so-widget-wwm-text-widget so-widget-wwm-text-widget-base\"\n\t\t\t\n\t\t><div style=\"color:;\"><div style=\"padding:0px;\"><p><span style=\"font-size: 24px; color: #2f67af;\">FOODMETER<\/span><\/p>\n<\/div><\/div><\/div><\/div><div id=\"panel-2861-1-2-1\" class=\"so-panel widget widget_wwm-text-widget panel-last-child\" data-index=\"6\" ><div\n\t\t\t\n\t\t\tclass=\"so-widget-wwm-text-widget so-widget-wwm-text-widget-base\"\n\t\t\t\n\t\t><div style=\"color:;\"><div style=\"padding:0px;\"><p style=\"text-align: left;\">pour le contr\u00f4le de qualit\u00e9 hors ligne de la viande, de la volaille, du poisson, du fromage, etc.<\/p>\n<\/div><\/div><\/div><\/div><\/div><div id=\"pgc-2861-1-3\"  class=\"panel-grid-cell\" ><div id=\"panel-2861-1-3-0\" class=\"so-panel widget widget_wwm-text-widget panel-first-child\" data-index=\"7\" ><div\n\t\t\t\n\t\t\tclass=\"so-widget-wwm-text-widget so-widget-wwm-text-widget-base\"\n\t\t\t\n\t\t><div style=\"color:;\"><div style=\"padding:0px;\"><p><span style=\"font-size: 24px; color: #2f67af;\">QUALIMETER<\/span><\/p>\n<\/div><\/div><\/div><\/div><div id=\"panel-2861-1-3-1\" class=\"so-panel widget widget_wwm-text-widget panel-last-child\" data-index=\"8\" ><div\n\t\t\t\n\t\t\tclass=\"so-widget-wwm-text-widget so-widget-wwm-text-widget-base\"\n\t\t\t\n\t\t><div style=\"color:;\"><div style=\"padding:0px;\"><p style=\"text-align: left;\">pour le contr\u00f4le qualit\u00e9 hors ligne des cartes de circuits imprim\u00e9s, des pi\u00e8ces en plastique, des composants m\u00e9talliques, des composants en c\u00e9ramique<\/p>\n<\/div><\/div><\/div><\/div><\/div><\/div><div id=\"pg-2861-2\"  class=\"panel-grid panel-no-style\" ><div id=\"pgc-2861-2-0\"  class=\"panel-grid-cell\" ><div id=\"panel-2861-2-0-0\" class=\"so-panel widget widget_wwm-image-widget panel-first-child\" data-index=\"9\" ><div\n\t\t\t\n\t\t\tclass=\"so-widget-wwm-image-widget so-widget-wwm-image-widget-base\"\n\t\t\t\n\t\t><style>\r\n.wwm-image .image-efa825ae-25f8-4ed8-8956-2bcde98e7ab9{ \r\n}\r\n.wwm-image .image-efa825ae-25f8-4ed8-8956-2bcde98e7ab9:hover\r\n{ \r\n}\r\n@media only screen and (max-width: 768px)\r\n{\r\n\t.wwm-image .image-efa825ae-25f8-4ed8-8956-2bcde98e7ab9\t{ \r\n\t\t}\r\n}\r\n<\/style>\r\n\r\n<div class=\"wwm-image\" style=\"text-align:center\"><img decoding=\"async\" class=\"image-efa825ae-25f8-4ed8-8956-2bcde98e7ab9\" src=\"https:\/\/scanrg.org\/wp-content\/uploads\/INLINER_Titel.jpg\" alt=\"\" width=\"100%\" title=\"\" \/><\/div><\/div><\/div><div id=\"panel-2861-2-0-1\" class=\"so-panel widget widget_wwm-button-widget panel-last-child\" data-index=\"10\" ><div\n\t\t\t\n\t\t\tclass=\"so-widget-wwm-button-widget so-widget-wwm-button-widget-base\"\n\t\t\t\n\t\t><div><a class=\"button custom-btn btn-0\" href=\"https:\/\/scanrg.org\/inliner\/\" target=\"_self\">En savoir plus<\/a><\/div><\/div><\/div><\/div><div id=\"pgc-2861-2-1\"  class=\"panel-grid-cell\" ><div id=\"panel-2861-2-1-0\" class=\"so-panel widget widget_wwm-image-widget panel-first-child\" data-index=\"11\" ><div\n\t\t\t\n\t\t\tclass=\"so-widget-wwm-image-widget so-widget-wwm-image-widget-base\"\n\t\t\t\n\t\t><style>\r\n.wwm-image .image-c3c43d82-d9fb-4692-acd3-60b41e41344f{ \r\n}\r\n.wwm-image .image-c3c43d82-d9fb-4692-acd3-60b41e41344f:hover\r\n{ \r\n}\r\n@media only screen and (max-width: 768px)\r\n{\r\n\t.wwm-image .image-c3c43d82-d9fb-4692-acd3-60b41e41344f\t{ \r\n\t\t}\r\n}\r\n<\/style>\r\n\r\n<div class=\"wwm-image\" style=\"text-align:center\"><img decoding=\"async\" class=\"image-c3c43d82-d9fb-4692-acd3-60b41e41344f\" src=\"https:\/\/scanrg.org\/wp-content\/uploads\/BAKEMETER.jpg\" alt=\"\" width=\"100%\" title=\"\" \/><\/div><\/div><\/div><div id=\"panel-2861-2-1-1\" class=\"so-panel widget widget_wwm-button-widget panel-last-child\" data-index=\"12\" ><div\n\t\t\t\n\t\t\tclass=\"so-widget-wwm-button-widget so-widget-wwm-button-widget-base\"\n\t\t\t\n\t\t><div><a class=\"button custom-btn btn-0\" href=\"https:\/\/scanrg.org\/bakemeter\/\" target=\"_self\">En savoir plus<\/a><\/div><\/div><\/div><\/div><div id=\"pgc-2861-2-2\"  class=\"panel-grid-cell\" ><div id=\"panel-2861-2-2-0\" class=\"so-panel widget widget_wwm-image-widget panel-first-child\" data-index=\"13\" ><div\n\t\t\t\n\t\t\tclass=\"so-widget-wwm-image-widget so-widget-wwm-image-widget-base\"\n\t\t\t\n\t\t><style>\r\n.wwm-image .image-16665c71-1cbc-4b57-a4e8-97504420d3d3{ \r\n}\r\n.wwm-image .image-16665c71-1cbc-4b57-a4e8-97504420d3d3:hover\r\n{ \r\n}\r\n@media only screen and (max-width: 768px)\r\n{\r\n\t.wwm-image .image-16665c71-1cbc-4b57-a4e8-97504420d3d3\t{ \r\n\t\t}\r\n}\r\n<\/style>\r\n\r\n<div class=\"wwm-image\" style=\"text-align:center\"><img decoding=\"async\" class=\"image-16665c71-1cbc-4b57-a4e8-97504420d3d3\" src=\"https:\/\/scanrg.org\/wp-content\/uploads\/Scanbeispiel_Kaese_Cheese.jpg\" alt=\"\" width=\"100%\" title=\"\" \/><\/div><\/div><\/div><div id=\"panel-2861-2-2-1\" class=\"so-panel widget widget_wwm-button-widget panel-last-child\" data-index=\"14\" ><div\n\t\t\t\n\t\t\tclass=\"so-widget-wwm-button-widget so-widget-wwm-button-widget-base\"\n\t\t\t\n\t\t><div><a class=\"button custom-btn btn-0\" href=\"https:\/\/scanrg.org\/foodmeter\/\" target=\"_self\">En savoir plus<\/a><\/div><\/div><\/div><\/div><div id=\"pgc-2861-2-3\"  class=\"panel-grid-cell\" ><div id=\"panel-2861-2-3-0\" class=\"so-panel widget widget_wwm-image-widget panel-first-child\" data-index=\"15\" ><div\n\t\t\t\n\t\t\tclass=\"so-widget-wwm-image-widget so-widget-wwm-image-widget-base\"\n\t\t\t\n\t\t><style>\r\n.wwm-image .image-3f63536f-6a13-47d2-8566-628ebd328c70{ \r\n}\r\n.wwm-image .image-3f63536f-6a13-47d2-8566-628ebd328c70:hover\r\n{ \r\n}\r\n@media only screen and (max-width: 768px)\r\n{\r\n\t.wwm-image .image-3f63536f-6a13-47d2-8566-628ebd328c70\t{ \r\n\t\t}\r\n}\r\n<\/style>\r\n\r\n<div class=\"wwm-image\" style=\"text-align:center\"><img decoding=\"async\" class=\"image-3f63536f-6a13-47d2-8566-628ebd328c70\" src=\"https:\/\/scanrg.org\/wp-content\/uploads\/QUALIMETER-Licht_grau.png\" alt=\"\" width=\"100%\" title=\"\" \/><\/div><\/div><\/div><div id=\"panel-2861-2-3-1\" class=\"so-panel widget widget_wwm-button-widget panel-last-child\" data-index=\"16\" ><div\n\t\t\t\n\t\t\tclass=\"so-widget-wwm-button-widget so-widget-wwm-button-widget-base\"\n\t\t\t\n\t\t><div><a class=\"button custom-btn btn-0\" href=\"https:\/\/scanrg.org\/qualimeter\/\" target=\"_self\">En savoir plus<\/a><\/div><\/div><\/div><\/div><\/div><div id=\"pg-2861-3\"  class=\"panel-grid panel-no-style\" ><div id=\"pgc-2861-3-0\"  class=\"panel-grid-cell panel-grid-cell-mobile-last\" ><div id=\"panel-2861-3-0-0\" class=\"so-panel widget widget_wwm-button-widget panel-first-child panel-last-child\" data-index=\"17\" ><div\n\t\t\t\n\t\t\tclass=\"so-widget-wwm-button-widget so-widget-wwm-button-widget-base\"\n\t\t\t\n\t\t><div><a class=\"button custom-btn btn-0\" href=\"https:\/\/scanrg.org\/wp-content\/uploads\/ScanRG_202410_EN.pdf\" target=\"_self\">T\u00e9l\u00e9charger la brochure<\/a><\/div><\/div><\/div><\/div><div id=\"pgc-2861-3-1\"  class=\"panel-grid-cell panel-grid-cell-empty\" ><\/div><\/div><\/div>","protected":false},"excerpt":{"rendered":"<p>ProduitsINLINER pour le contr\u00f4le qualit\u00e9 en ligne des produits alimentaires et des composants BAKEMETER pour le contr\u00f4le de qualit\u00e9 hors ligne des produits de boulangerie comme le pain, les petits pains, les croissants, les biscuits, les pralines, les pizzas, les barres de chocolat, les g\u00e2teaux FOODMETER pour le contr\u00f4le de [&hellip;]<\/p>\n","protected":false},"author":5,"featured_media":0,"parent":0,"menu_order":0,"comment_status":"closed","ping_status":"closed","template":"","meta":{"_acf_changed":false,"footnotes":""},"class_list":["post-2861","page","type-page","status-publish","hentry"],"acf":[],"_links":{"self":[{"href":"https:\/\/scanrg.org\/fr\/wp-json\/wp\/v2\/pages\/2861","targetHints":{"allow":["GET"]}}],"collection":[{"href":"https:\/\/scanrg.org\/fr\/wp-json\/wp\/v2\/pages"}],"about":[{"href":"https:\/\/scanrg.org\/fr\/wp-json\/wp\/v2\/types\/page"}],"author":[{"embeddable":true,"href":"https:\/\/scanrg.org\/fr\/wp-json\/wp\/v2\/users\/5"}],"replies":[{"embeddable":true,"href":"https:\/\/scanrg.org\/fr\/wp-json\/wp\/v2\/comments?post=2861"}],"version-history":[{"count":2,"href":"https:\/\/scanrg.org\/fr\/wp-json\/wp\/v2\/pages\/2861\/revisions"}],"predecessor-version":[{"id":2865,"href":"https:\/\/scanrg.org\/fr\/wp-json\/wp\/v2\/pages\/2861\/revisions\/2865"}],"wp:attachment":[{"href":"https:\/\/scanrg.org\/fr\/wp-json\/wp\/v2\/media?parent=2861"}],"curies":[{"name":"wp","href":"https:\/\/api.w.org\/{rel}","templated":true}]}}