{"id":2855,"date":"2024-11-19T18:19:32","date_gmt":"2024-11-19T17:19:32","guid":{"rendered":"https:\/\/scanrg.org\/?page_id=2855"},"modified":"2024-11-20T17:11:43","modified_gmt":"2024-11-20T16:11:43","slug":"logiciel-analyse","status":"publish","type":"page","link":"https:\/\/scanrg.org\/fr\/logiciel-analyse\/","title":{"rendered":"Logiciel d&rsquo;analyse"},"content":{"rendered":"<div id=\"pl-2855\"  class=\"panel-layout\" ><div id=\"pg-2855-0\"  class=\"panel-grid panel-no-style\" ><div id=\"pgc-2855-0-0\"  class=\"panel-grid-cell\" ><div id=\"panel-2855-0-0-0\" class=\"so-panel widget widget_wwm-headline-widget panel-first-child\" data-index=\"0\" ><div\n\t\t\t\n\t\t\tclass=\"so-widget-wwm-headline-widget so-widget-wwm-headline-widget-base\"\n\t\t\t\n\t\t><h1 class=\"wwm-headline1\" style=\"\">Logiciel d'analyse<\/h1><h2 class=\"wwm-headline2\" style=\"\"><\/h2><\/div><\/div><div id=\"panel-2855-0-0-1\" class=\"so-panel widget widget_wwm-text-widget panel-last-child\" data-index=\"1\" ><div\n\t\t\t\n\t\t\tclass=\"so-widget-wwm-text-widget so-widget-wwm-text-widget-base\"\n\t\t\t\n\t\t><div style=\"color:;\"><div style=\"padding:0px;\"><p>De nombreuses possibilit\u00e9s sont disponibles pour analyser les donn\u00e9es obtenues. Le logiciel est constamment d\u00e9velopp\u00e9 en fonction des exigences de nos clients.<\/p>\n<p>Cliquez sur les captures d'\u00e9cran pour les voir dans un format plus grand.<\/p>\n<\/div><\/div><\/div><\/div><\/div><\/div><div id=\"pg-2855-1\"  class=\"panel-grid panel-no-style\" ><div id=\"pgc-2855-1-0\"  class=\"panel-grid-cell\" ><div id=\"panel-2855-1-0-0\" class=\"so-panel widget widget_wwm-text-widget panel-first-child\" data-index=\"2\" ><div\n\t\t\t\n\t\t\tclass=\"so-widget-wwm-text-widget so-widget-wwm-text-widget-base\"\n\t\t\t\n\t\t><div style=\"color:;\"><div style=\"padding:0px;\"><p><span style=\"font-size: 28px; color: #262d60;\">Configuration<\/span><\/p>\n<\/div><\/div><\/div><\/div><div id=\"panel-2855-1-0-1\" class=\"so-panel widget widget_wwm-image-widget panel-last-child\" data-index=\"3\" ><div\n\t\t\t\n\t\t\tclass=\"so-widget-wwm-image-widget so-widget-wwm-image-widget-base\"\n\t\t\t\n\t\t><style>\r\n.wwm-image .image-034ae4bb-a8f3-4513-8617-db01ab0f75da{ \r\n}\r\n.wwm-image .image-034ae4bb-a8f3-4513-8617-db01ab0f75da:hover\r\n{ \r\n}\r\n@media only screen and (max-width: 768px)\r\n{\r\n\t.wwm-image .image-034ae4bb-a8f3-4513-8617-db01ab0f75da\t{ \r\n\t\t}\r\n}\r\n<\/style>\r\n\r\n<div class=\"wwm-image\" style=\"text-align:left\"><div class=\"wwm-lightbox\"><a href=\"https:\/\/scanrg.org\/wp-content\/uploads\/setup_page.png\" rel=\"https:\/\/scanrg.org\/wp-content\/uploads\/setup_page.png\" ><img decoding=\"async\" class=\"image-034ae4bb-a8f3-4513-8617-db01ab0f75da\" src=\"https:\/\/scanrg.org\/wp-content\/uploads\/setup_page.png\" alt=\"\" width=\"100%\" title=\"\" \/><\/a><\/div><\/div><\/div><\/div><\/div><div id=\"pgc-2855-1-1\"  class=\"panel-grid-cell\" ><div id=\"panel-2855-1-1-0\" class=\"so-panel widget widget_wwm-text-widget panel-first-child\" data-index=\"4\" ><div\n\t\t\t\n\t\t\tclass=\"so-widget-wwm-text-widget so-widget-wwm-text-widget-base\"\n\t\t\t\n\t\t><div style=\"color:;\"><div style=\"padding:0px;\"><p><span style=\"font-size: 28px; color: #262d60;\">Fen\u00eatre de processus<br \/>\n<\/span><\/p>\n<\/div><\/div><\/div><\/div><div id=\"panel-2855-1-1-1\" class=\"so-panel widget widget_wwm-image-widget panel-last-child\" data-index=\"5\" ><div\n\t\t\t\n\t\t\tclass=\"so-widget-wwm-image-widget so-widget-wwm-image-widget-base\"\n\t\t\t\n\t\t><style>\r\n.wwm-image .image-d92123a5-d9c5-478b-8657-0f38f5c20ad6{ \r\n}\r\n.wwm-image .image-d92123a5-d9c5-478b-8657-0f38f5c20ad6:hover\r\n{ \r\n}\r\n@media only screen and (max-width: 768px)\r\n{\r\n\t.wwm-image .image-d92123a5-d9c5-478b-8657-0f38f5c20ad6\t{ \r\n\t\t}\r\n}\r\n<\/style>\r\n\r\n<div class=\"wwm-image\" style=\"text-align:left\"><div class=\"wwm-lightbox\"><a href=\"https:\/\/scanrg.org\/wp-content\/uploads\/parameter_page.png\" rel=\"https:\/\/scanrg.org\/wp-content\/uploads\/parameter_page.png\" ><img decoding=\"async\" class=\"image-d92123a5-d9c5-478b-8657-0f38f5c20ad6\" src=\"https:\/\/scanrg.org\/wp-content\/uploads\/parameter_page.png\" alt=\"\" width=\"100%\" title=\"\" \/><\/a><\/div><\/div><\/div><\/div><\/div><div id=\"pgc-2855-1-2\"  class=\"panel-grid-cell\" ><div id=\"panel-2855-1-2-0\" class=\"so-panel widget widget_wwm-text-widget panel-first-child\" data-index=\"6\" ><div\n\t\t\t\n\t\t\tclass=\"so-widget-wwm-text-widget so-widget-wwm-text-widget-base\"\n\t\t\t\n\t\t><div style=\"color:;\"><div style=\"padding:0px;\"><p><span style=\"font-size: 28px; color: #262d60;\">S\u00e9lection des donn\u00e9es<\/span><\/p>\n<\/div><\/div><\/div><\/div><div id=\"panel-2855-1-2-1\" class=\"so-panel widget widget_wwm-image-widget panel-last-child\" data-index=\"7\" ><div\n\t\t\t\n\t\t\tclass=\"so-widget-wwm-image-widget so-widget-wwm-image-widget-base\"\n\t\t\t\n\t\t><style>\r\n.wwm-image .image-31767de8-a048-4e53-9413-4585b76985da{ \r\n}\r\n.wwm-image .image-31767de8-a048-4e53-9413-4585b76985da:hover\r\n{ \r\n}\r\n@media only screen and (max-width: 768px)\r\n{\r\n\t.wwm-image .image-31767de8-a048-4e53-9413-4585b76985da\t{ \r\n\t\t}\r\n}\r\n<\/style>\r\n\r\n<div class=\"wwm-image\" style=\"text-align:left\"><div class=\"wwm-lightbox\"><a href=\"https:\/\/scanrg.org\/wp-content\/uploads\/select_data_page.png\" rel=\"https:\/\/scanrg.org\/wp-content\/uploads\/select_data_page.png\" ><img decoding=\"async\" class=\"image-31767de8-a048-4e53-9413-4585b76985da\" src=\"https:\/\/scanrg.org\/wp-content\/uploads\/select_data_page.png\" alt=\"\" width=\"100%\" title=\"\" \/><\/a><\/div><\/div><\/div><\/div><\/div><\/div><div id=\"pg-2855-2\"  class=\"panel-grid panel-no-style\" ><div id=\"pgc-2855-2-0\"  class=\"panel-grid-cell\" ><div id=\"panel-2855-2-0-0\" class=\"so-panel widget widget_wwm-text-widget panel-first-child\" data-index=\"8\" ><div\n\t\t\t\n\t\t\tclass=\"so-widget-wwm-text-widget so-widget-wwm-text-widget-base\"\n\t\t\t\n\t\t><div style=\"color:;\"><div style=\"padding:0px;\"><p><span style=\"font-size: 28px; color: #262d60;\">Vue du tableau<\/span><\/p>\n<\/div><\/div><\/div><\/div><div id=\"panel-2855-2-0-1\" class=\"so-panel widget widget_wwm-image-widget panel-last-child\" data-index=\"9\" ><div\n\t\t\t\n\t\t\tclass=\"so-widget-wwm-image-widget so-widget-wwm-image-widget-base\"\n\t\t\t\n\t\t><style>\r\n.wwm-image .image-a81ebda5-37af-4fbc-8689-ff0ff6212540{ \r\n}\r\n.wwm-image .image-a81ebda5-37af-4fbc-8689-ff0ff6212540:hover\r\n{ \r\n}\r\n@media only screen and (max-width: 768px)\r\n{\r\n\t.wwm-image .image-a81ebda5-37af-4fbc-8689-ff0ff6212540\t{ \r\n\t\t}\r\n}\r\n<\/style>\r\n\r\n<div class=\"wwm-image\" style=\"text-align:left\"><div class=\"wwm-lightbox\"><a href=\"https:\/\/scanrg.org\/wp-content\/uploads\/analysis_table.png\" rel=\"https:\/\/scanrg.org\/wp-content\/uploads\/analysis_table.png\" ><img decoding=\"async\" class=\"image-a81ebda5-37af-4fbc-8689-ff0ff6212540\" src=\"https:\/\/scanrg.org\/wp-content\/uploads\/analysis_table.png\" alt=\"\" width=\"100%\" title=\"\" \/><\/a><\/div><\/div><\/div><\/div><\/div><div id=\"pgc-2855-2-1\"  class=\"panel-grid-cell\" ><div id=\"panel-2855-2-1-0\" class=\"so-panel widget widget_wwm-text-widget panel-first-child\" data-index=\"10\" ><div\n\t\t\t\n\t\t\tclass=\"so-widget-wwm-text-widget so-widget-wwm-text-widget-base\"\n\t\t\t\n\t\t><div style=\"color:;\"><div style=\"padding:0px;\"><p><span style=\"font-size: 28px; color: #262d60;\">Vue de l'histogramme<\/span><\/p>\n<\/div><\/div><\/div><\/div><div id=\"panel-2855-2-1-1\" class=\"so-panel widget widget_wwm-image-widget panel-last-child\" data-index=\"11\" ><div\n\t\t\t\n\t\t\tclass=\"so-widget-wwm-image-widget so-widget-wwm-image-widget-base\"\n\t\t\t\n\t\t><style>\r\n.wwm-image .image-3524e548-f2bc-420f-95e0-fbba3f59c8f4{ \r\n}\r\n.wwm-image .image-3524e548-f2bc-420f-95e0-fbba3f59c8f4:hover\r\n{ \r\n}\r\n@media only screen and (max-width: 768px)\r\n{\r\n\t.wwm-image .image-3524e548-f2bc-420f-95e0-fbba3f59c8f4\t{ \r\n\t\t}\r\n}\r\n<\/style>\r\n\r\n<div class=\"wwm-image\" style=\"text-align:left\"><div class=\"wwm-lightbox\"><a href=\"https:\/\/scanrg.org\/wp-content\/uploads\/analysis_histogram.png\" rel=\"https:\/\/scanrg.org\/wp-content\/uploads\/analysis_histogram.png\" ><img decoding=\"async\" class=\"image-3524e548-f2bc-420f-95e0-fbba3f59c8f4\" src=\"https:\/\/scanrg.org\/wp-content\/uploads\/analysis_histogram.png\" alt=\"\" width=\"100%\" title=\"\" \/><\/a><\/div><\/div><\/div><\/div><\/div><div id=\"pgc-2855-2-2\"  class=\"panel-grid-cell\" ><div id=\"panel-2855-2-2-0\" class=\"so-panel widget widget_wwm-text-widget panel-first-child\" data-index=\"12\" ><div\n\t\t\t\n\t\t\tclass=\"so-widget-wwm-text-widget so-widget-wwm-text-widget-base\"\n\t\t\t\n\t\t><div style=\"color:;\"><div style=\"padding:0px;\"><p><span style=\"font-size: 28px; color: #262d60;\">Diagramme de tendance<\/span><\/p>\n<\/div><\/div><\/div><\/div><div id=\"panel-2855-2-2-1\" class=\"so-panel widget widget_wwm-image-widget panel-last-child\" data-index=\"13\" ><div\n\t\t\t\n\t\t\tclass=\"so-widget-wwm-image-widget so-widget-wwm-image-widget-base\"\n\t\t\t\n\t\t><style>\r\n.wwm-image .image-651627fb-e25f-4c30-b60c-0e2741ff28b6{ \r\n}\r\n.wwm-image .image-651627fb-e25f-4c30-b60c-0e2741ff28b6:hover\r\n{ \r\n}\r\n@media only screen and (max-width: 768px)\r\n{\r\n\t.wwm-image .image-651627fb-e25f-4c30-b60c-0e2741ff28b6\t{ \r\n\t\t}\r\n}\r\n<\/style>\r\n\r\n<div class=\"wwm-image\" style=\"text-align:left\"><div class=\"wwm-lightbox\"><a href=\"https:\/\/scanrg.org\/wp-content\/uploads\/analysis_trendplot.png\" rel=\"https:\/\/scanrg.org\/wp-content\/uploads\/analysis_trendplot.png\" ><img decoding=\"async\" class=\"image-651627fb-e25f-4c30-b60c-0e2741ff28b6\" src=\"https:\/\/scanrg.org\/wp-content\/uploads\/analysis_trendplot.png\" alt=\"\" width=\"100%\" title=\"\" \/><\/a><\/div><\/div><\/div><\/div><\/div><\/div><div id=\"pg-2855-3\"  class=\"panel-grid panel-no-style\" ><div id=\"pgc-2855-3-0\"  class=\"panel-grid-cell\" ><div id=\"panel-2855-3-0-0\" class=\"so-panel widget widget_wwm-text-widget panel-first-child\" data-index=\"14\" ><div\n\t\t\t\n\t\t\tclass=\"so-widget-wwm-text-widget so-widget-wwm-text-widget-base\"\n\t\t\t\n\t\t><div style=\"color:;\"><div style=\"padding:0px;\"><p><span style=\"font-size: 28px; color: #262d60;\">Vue de l'utilisateur Produit ok<\/span><\/p>\n<\/div><\/div><\/div><\/div><div id=\"panel-2855-3-0-1\" class=\"so-panel widget widget_wwm-image-widget panel-last-child\" data-index=\"15\" ><div\n\t\t\t\n\t\t\tclass=\"so-widget-wwm-image-widget so-widget-wwm-image-widget-base\"\n\t\t\t\n\t\t><style>\r\n.wwm-image .image-8d8c257b-ca56-4860-a6b5-61d0c21d592e{ \r\n}\r\n.wwm-image .image-8d8c257b-ca56-4860-a6b5-61d0c21d592e:hover\r\n{ \r\n}\r\n@media only screen and (max-width: 768px)\r\n{\r\n\t.wwm-image .image-8d8c257b-ca56-4860-a6b5-61d0c21d592e\t{ \r\n\t\t}\r\n}\r\n<\/style>\r\n\r\n<div class=\"wwm-image\" style=\"text-align:left\"><div class=\"wwm-lightbox\"><a href=\"https:\/\/scanrg.org\/wp-content\/uploads\/operation_table_passed.png\" rel=\"https:\/\/scanrg.org\/wp-content\/uploads\/operation_table_passed.png\" ><img decoding=\"async\" class=\"image-8d8c257b-ca56-4860-a6b5-61d0c21d592e\" src=\"https:\/\/scanrg.org\/wp-content\/uploads\/operation_table_passed.png\" alt=\"\" width=\"100%\" title=\"\" \/><\/a><\/div><\/div><\/div><\/div><\/div><div id=\"pgc-2855-3-1\"  class=\"panel-grid-cell\" ><div id=\"panel-2855-3-1-0\" class=\"so-panel widget widget_wwm-text-widget panel-first-child\" data-index=\"16\" ><div\n\t\t\t\n\t\t\tclass=\"so-widget-wwm-text-widget so-widget-wwm-text-widget-base\"\n\t\t\t\n\t\t><div style=\"color:;\"><div style=\"padding:0px;\"><p><span style=\"font-size: 28px; color: #262d60;\">Vue de l'op\u00e9rateur Produit pas ok<\/span><\/p>\n<\/div><\/div><\/div><\/div><div id=\"panel-2855-3-1-1\" class=\"so-panel widget widget_wwm-image-widget panel-last-child\" data-index=\"17\" ><div\n\t\t\t\n\t\t\tclass=\"so-widget-wwm-image-widget so-widget-wwm-image-widget-base\"\n\t\t\t\n\t\t><style>\r\n.wwm-image .image-6d3fddb8-701f-48e1-b79f-c7886ef38925{ \r\n}\r\n.wwm-image .image-6d3fddb8-701f-48e1-b79f-c7886ef38925:hover\r\n{ \r\n}\r\n@media only screen and (max-width: 768px)\r\n{\r\n\t.wwm-image .image-6d3fddb8-701f-48e1-b79f-c7886ef38925\t{ \r\n\t\t}\r\n}\r\n<\/style>\r\n\r\n<div class=\"wwm-image\" style=\"text-align:left\"><div class=\"wwm-lightbox\"><a href=\"https:\/\/scanrg.org\/wp-content\/uploads\/operation_table_failed.png\" rel=\"https:\/\/scanrg.org\/wp-content\/uploads\/operation_table_failed.png\" ><img decoding=\"async\" class=\"image-6d3fddb8-701f-48e1-b79f-c7886ef38925\" src=\"https:\/\/scanrg.org\/wp-content\/uploads\/operation_table_failed.png\" alt=\"\" width=\"100%\" title=\"\" \/><\/a><\/div><\/div><\/div><\/div><\/div><div id=\"pgc-2855-3-2\"  class=\"panel-grid-cell\" ><div id=\"panel-2855-3-2-0\" class=\"so-panel widget widget_wwm-text-widget panel-first-child\" data-index=\"18\" ><div\n\t\t\t\n\t\t\tclass=\"so-widget-wwm-text-widget so-widget-wwm-text-widget-base\"\n\t\t\t\n\t\t><div style=\"color:;\"><div style=\"padding:0px;\"><p><span style=\"font-size: 28px; color: #262d60;\">Vue de l'op\u00e9rateur Trendplot<br \/>\n<\/span><\/p>\n<\/div><\/div><\/div><\/div><div id=\"panel-2855-3-2-1\" class=\"so-panel widget widget_wwm-image-widget panel-last-child\" data-index=\"19\" ><div\n\t\t\t\n\t\t\tclass=\"so-widget-wwm-image-widget so-widget-wwm-image-widget-base\"\n\t\t\t\n\t\t><style>\r\n.wwm-image .image-43a8b79f-783c-4ca9-bf14-9a42cd1adead{ \r\n}\r\n.wwm-image .image-43a8b79f-783c-4ca9-bf14-9a42cd1adead:hover\r\n{ \r\n}\r\n@media only screen and (max-width: 768px)\r\n{\r\n\t.wwm-image .image-43a8b79f-783c-4ca9-bf14-9a42cd1adead\t{ \r\n\t\t}\r\n}\r\n<\/style>\r\n\r\n<div class=\"wwm-image\" style=\"text-align:left\"><div class=\"wwm-lightbox\"><a href=\"https:\/\/scanrg.org\/wp-content\/uploads\/operation_trendplot.png\" rel=\"https:\/\/scanrg.org\/wp-content\/uploads\/operation_trendplot.png\" ><img decoding=\"async\" class=\"image-43a8b79f-783c-4ca9-bf14-9a42cd1adead\" src=\"https:\/\/scanrg.org\/wp-content\/uploads\/operation_trendplot.png\" alt=\"\" width=\"100%\" title=\"\" \/><\/a><\/div><\/div><\/div><\/div><\/div><\/div><div id=\"pg-2855-4\"  class=\"panel-grid panel-no-style\" ><div id=\"pgc-2855-4-0\"  class=\"panel-grid-cell\" ><div id=\"panel-2855-4-0-0\" class=\"so-panel widget widget_wwm-button-widget panel-first-child panel-last-child\" data-index=\"20\" ><div\n\t\t\t\n\t\t\tclass=\"so-widget-wwm-button-widget so-widget-wwm-button-widget-base\"\n\t\t\t\n\t\t><div><a class=\"button custom-btn btn-0\" href=\"https:\/\/scanrg.org\/scannertechnologie\/\" target=\"_self\">retour<\/a><\/div><\/div><\/div><\/div><\/div><\/div>","protected":false},"excerpt":{"rendered":"<p>Logiciel d&rsquo;analyseDe nombreuses possibilit\u00e9s sont disponibles pour analyser les donn\u00e9es obtenues. Le logiciel est constamment d\u00e9velopp\u00e9 en fonction des exigences de nos clients. Cliquez sur les captures d&rsquo;\u00e9cran pour les voir dans un format plus grand. Configuration Fen\u00eatre de processus S\u00e9lection des donn\u00e9es Vue du tableau Vue de l&rsquo;histogramme Diagramme [&hellip;]<\/p>\n","protected":false},"author":5,"featured_media":0,"parent":0,"menu_order":0,"comment_status":"closed","ping_status":"closed","template":"","meta":{"_acf_changed":false,"footnotes":""},"class_list":["post-2855","page","type-page","status-publish","hentry"],"acf":[],"_links":{"self":[{"href":"https:\/\/scanrg.org\/fr\/wp-json\/wp\/v2\/pages\/2855","targetHints":{"allow":["GET"]}}],"collection":[{"href":"https:\/\/scanrg.org\/fr\/wp-json\/wp\/v2\/pages"}],"about":[{"href":"https:\/\/scanrg.org\/fr\/wp-json\/wp\/v2\/types\/page"}],"author":[{"embeddable":true,"href":"https:\/\/scanrg.org\/fr\/wp-json\/wp\/v2\/users\/5"}],"replies":[{"embeddable":true,"href":"https:\/\/scanrg.org\/fr\/wp-json\/wp\/v2\/comments?post=2855"}],"version-history":[{"count":1,"href":"https:\/\/scanrg.org\/fr\/wp-json\/wp\/v2\/pages\/2855\/revisions"}],"predecessor-version":[{"id":2856,"href":"https:\/\/scanrg.org\/fr\/wp-json\/wp\/v2\/pages\/2855\/revisions\/2856"}],"wp:attachment":[{"href":"https:\/\/scanrg.org\/fr\/wp-json\/wp\/v2\/media?parent=2855"}],"curies":[{"name":"wp","href":"https:\/\/api.w.org\/{rel}","templated":true}]}}