{"id":2853,"date":"2024-11-20T10:10:12","date_gmt":"2024-11-20T09:10:12","guid":{"rendered":"https:\/\/scanrg.org\/?page_id=2853"},"modified":"2024-11-20T17:04:30","modified_gmt":"2024-11-20T16:04:30","slug":"interfaces","status":"publish","type":"page","link":"https:\/\/scanrg.org\/fr\/interfaces\/","title":{"rendered":"Interfaces"},"content":{"rendered":"<div id=\"pl-2853\"  class=\"panel-layout\" ><div id=\"pg-2853-0\"  class=\"panel-grid panel-no-style\" ><div id=\"pgc-2853-0-0\"  class=\"panel-grid-cell\" ><div id=\"panel-2853-0-0-0\" class=\"so-panel widget widget_wwm-headline-widget panel-first-child\" data-index=\"0\" ><div\n\t\t\t\n\t\t\tclass=\"so-widget-wwm-headline-widget so-widget-wwm-headline-widget-base\"\n\t\t\t\n\t\t><h1 class=\"wwm-headline1\" style=\"\">Interfaces<\/h1><h2 class=\"wwm-headline2\" style=\"\"><\/h2><\/div><\/div><div id=\"panel-2853-0-0-1\" class=\"so-panel widget widget_wwm-text-widget\" data-index=\"1\" ><div\n\t\t\t\n\t\t\tclass=\"so-widget-wwm-text-widget so-widget-wwm-text-widget-base\"\n\t\t\t\n\t\t><div style=\"color:;\"><div style=\"padding:0px;\"><p>N1 dispose d'une interface s\u00e9rielle Gigabit Ethernet, RS232, d'une entr\u00e9e codeur et de quatre entr\u00e9es\/sorties num\u00e9riques.<\/p>\n<p>Les profils 3D\/multispectraux mesur\u00e9s peuvent \u00eatre trait\u00e9s sur le PC int\u00e9gr\u00e9 par des applications sp\u00e9cifiques \u00e0 l'utilisateur. Cela permet de r\u00e9duire la complexit\u00e9 du syst\u00e8me et de r\u00e9aliser des \u00e9conomies. L'application peut alors piloter directement le mat\u00e9riel externe, comme les robots, les bras de pr\u00e9hension, les actionneurs ou les capteurs, via les interfaces des appareils.<\/p>\n<p>Alternativement, les profils 3D\/multispectraux mesur\u00e9s peuvent \u00eatre envoy\u00e9s via Gigabit Ethernet et trait\u00e9s sur un PC externe.<\/p>\n<p>N1 a \u00e9t\u00e9 d\u00e9velopp\u00e9 pour la mesure dans les syst\u00e8mes de convoyeurs \u00e0 bande. La mesure peut \u00eatre d\u00e9clench\u00e9e par une cellule photo\u00e9lectrique ou un capteur de proximit\u00e9, la fr\u00e9quence de mesure est synchronis\u00e9e avec le mouvement du tapis roulant par un encodeur.<\/p>\n<p><strong>Traitement des donn\u00e9es int\u00e9gr\u00e9<\/strong><\/p>\n<p>N1 dispose d'un PC int\u00e9gr\u00e9 avec processeur quadric\u0153ur et 4 Go de RAM pour les applications personnalis\u00e9es. L'application a un acc\u00e8s complet \u00e0 toutes les fonctions et interfaces du scanner via l'API REST.<\/p>\n<p>Le syst\u00e8me de sauvegarde de la batterie permet d'arr\u00eater le PC int\u00e9gr\u00e9 en toute s\u00e9curit\u00e9. Cela r\u00e9duit au minimum le risque de perte de donn\u00e9es et de dommages cons\u00e9cutifs.<\/p>\n<\/div><\/div><\/div><\/div><div id=\"panel-2853-0-0-2\" class=\"so-panel widget widget_wwm-image-widget\" data-index=\"2\" ><div\n\t\t\t\n\t\t\tclass=\"so-widget-wwm-image-widget so-widget-wwm-image-widget-base\"\n\t\t\t\n\t\t><style>\r\n.wwm-image .image-6b807d76-9551-4085-b60f-8991e8aef749{ \r\n}\r\n.wwm-image .image-6b807d76-9551-4085-b60f-8991e8aef749:hover\r\n{ \r\n}\r\n@media only screen and (max-width: 768px)\r\n{\r\n\t.wwm-image .image-6b807d76-9551-4085-b60f-8991e8aef749\t{ \r\n\t\t}\r\n}\r\n<\/style>\r\n\r\n<div class=\"wwm-image\" style=\"text-align:left\"><img decoding=\"async\" class=\"image-6b807d76-9551-4085-b60f-8991e8aef749\" src=\"https:\/\/scanrg.org\/wp-content\/uploads\/INLINER_Kekse_Cookies.jpg\" alt=\"\" width=\"100%\" title=\"\" \/><\/div><\/div><\/div><div id=\"panel-2853-0-0-3\" class=\"so-panel widget widget_wwm-button-widget panel-last-child\" data-index=\"3\" ><div\n\t\t\t\n\t\t\tclass=\"so-widget-wwm-button-widget so-widget-wwm-button-widget-base\"\n\t\t\t\n\t\t><div><a class=\"button custom-btn btn-0\" href=\"https:\/\/scanrg.org\/scannertechnologie\/\" target=\"_self\">retour<\/a><\/div><\/div><\/div><\/div><\/div><\/div>","protected":false},"excerpt":{"rendered":"<p>InterfacesN1 dispose d&rsquo;une interface s\u00e9rielle Gigabit Ethernet, RS232, d&rsquo;une entr\u00e9e codeur et de quatre entr\u00e9es\/sorties num\u00e9riques. Les profils 3D\/multispectraux mesur\u00e9s peuvent \u00eatre trait\u00e9s sur le PC int\u00e9gr\u00e9 par des applications sp\u00e9cifiques \u00e0 l&rsquo;utilisateur. Cela permet de r\u00e9duire la complexit\u00e9 du syst\u00e8me et de r\u00e9aliser des \u00e9conomies. L&rsquo;application peut alors piloter [&hellip;]<\/p>\n","protected":false},"author":5,"featured_media":0,"parent":0,"menu_order":0,"comment_status":"closed","ping_status":"closed","template":"","meta":{"_acf_changed":false,"footnotes":""},"class_list":["post-2853","page","type-page","status-publish","hentry"],"acf":[],"_links":{"self":[{"href":"https:\/\/scanrg.org\/fr\/wp-json\/wp\/v2\/pages\/2853","targetHints":{"allow":["GET"]}}],"collection":[{"href":"https:\/\/scanrg.org\/fr\/wp-json\/wp\/v2\/pages"}],"about":[{"href":"https:\/\/scanrg.org\/fr\/wp-json\/wp\/v2\/types\/page"}],"author":[{"embeddable":true,"href":"https:\/\/scanrg.org\/fr\/wp-json\/wp\/v2\/users\/5"}],"replies":[{"embeddable":true,"href":"https:\/\/scanrg.org\/fr\/wp-json\/wp\/v2\/comments?post=2853"}],"version-history":[{"count":1,"href":"https:\/\/scanrg.org\/fr\/wp-json\/wp\/v2\/pages\/2853\/revisions"}],"predecessor-version":[{"id":2854,"href":"https:\/\/scanrg.org\/fr\/wp-json\/wp\/v2\/pages\/2853\/revisions\/2854"}],"wp:attachment":[{"href":"https:\/\/scanrg.org\/fr\/wp-json\/wp\/v2\/media?parent=2853"}],"curies":[{"name":"wp","href":"https:\/\/api.w.org\/{rel}","templated":true}]}}