{"id":2851,"date":"2024-11-20T10:11:58","date_gmt":"2024-11-20T09:11:58","guid":{"rendered":"https:\/\/scanrg.org\/?page_id=2851"},"modified":"2024-11-20T17:02:56","modified_gmt":"2024-11-20T16:02:56","slug":"configuration","status":"publish","type":"page","link":"https:\/\/scanrg.org\/fr\/configuration\/","title":{"rendered":"Configuration"},"content":{"rendered":"<div id=\"pl-2851\"  class=\"panel-layout\" ><div id=\"pg-2851-0\"  class=\"panel-grid panel-no-style\" ><div id=\"pgc-2851-0-0\"  class=\"panel-grid-cell\" ><div id=\"panel-2851-0-0-0\" class=\"so-panel widget widget_wwm-headline-widget panel-first-child\" data-index=\"0\" ><div\n\t\t\t\n\t\t\tclass=\"so-widget-wwm-headline-widget so-widget-wwm-headline-widget-base\"\n\t\t\t\n\t\t><h1 class=\"wwm-headline1\" style=\"\">Configuration<\/h1><h2 class=\"wwm-headline2\" style=\"\"><\/h2><\/div><\/div><div id=\"panel-2851-0-0-1\" class=\"so-panel widget widget_wwm-text-widget\" data-index=\"1\" ><div\n\t\t\t\n\t\t\tclass=\"so-widget-wwm-text-widget so-widget-wwm-text-widget-base\"\n\t\t\t\n\t\t><div style=\"color:;\"><div style=\"padding:0px;\"><p>N1 poss\u00e8de des outils puissants et conviviaux pour la configuration, l'int\u00e9gration et la mise en service du syst\u00e8me :<\/p>\n<ul>\n<li><strong>\u00c9cran tactile<\/strong> : pour une saisie facile des param\u00e8tres de connexion, du mode de mesure, de la plage de mesure, du temps d'exposition et de la m\u00e9thode de synchronisation. La plupart des param\u00e8tres peuvent \u00eatre ajust\u00e9s sans interrompre la mesure en cours. Les donn\u00e9es g\u00e9n\u00e9r\u00e9es sont directement affich\u00e9es sur l'\u00e9cran tactile. Les probl\u00e8mes \u00e9ventuels peuvent ainsi \u00eatre d\u00e9tect\u00e9s et \u00e9limin\u00e9s \u00e0 temps.<\/li>\n<li><strong>Interface web<\/strong> : pour un param\u00e9trage complet de N1. Elle permet entre autres de t\u00e9l\u00e9charger et de tester des applications sp\u00e9cifiques \u00e0 l'utilisateur.<\/li>\n<li><strong>API REST<\/strong> : pour l'int\u00e9gration du syst\u00e8me.<\/li>\n<\/ul>\n<\/div><\/div><\/div><\/div><div id=\"panel-2851-0-0-2\" class=\"so-panel widget widget_wwm-image-widget\" data-index=\"2\" ><div\n\t\t\t\n\t\t\tclass=\"so-widget-wwm-image-widget so-widget-wwm-image-widget-base\"\n\t\t\t\n\t\t><style>\r\n.wwm-image .image-6b807d76-9551-4085-b60f-8991e8aef749{ \r\n}\r\n.wwm-image .image-6b807d76-9551-4085-b60f-8991e8aef749:hover\r\n{ \r\n}\r\n@media only screen and (max-width: 768px)\r\n{\r\n\t.wwm-image .image-6b807d76-9551-4085-b60f-8991e8aef749\t{ \r\n\t\t}\r\n}\r\n<\/style>\r\n\r\n<div class=\"wwm-image\" style=\"text-align:left\"><img decoding=\"async\" class=\"image-6b807d76-9551-4085-b60f-8991e8aef749\" src=\"https:\/\/scanrg.org\/wp-content\/uploads\/Scannertechnologie_Setup.jpg\" alt=\"\" width=\"100%\" title=\"\" \/><\/div><\/div><\/div><div id=\"panel-2851-0-0-3\" class=\"so-panel widget widget_wwm-button-widget panel-last-child\" data-index=\"3\" ><div\n\t\t\t\n\t\t\tclass=\"so-widget-wwm-button-widget so-widget-wwm-button-widget-base\"\n\t\t\t\n\t\t><div><a class=\"button custom-btn btn-0\" href=\"https:\/\/scanrg.org\/scannertechnologie\/\" target=\"_self\">retour<\/a><\/div><\/div><\/div><\/div><\/div><\/div>","protected":false},"excerpt":{"rendered":"<p>ConfigurationN1 poss\u00e8de des outils puissants et conviviaux pour la configuration, l&rsquo;int\u00e9gration et la mise en service du syst\u00e8me : \u00c9cran tactile : pour une saisie facile des param\u00e8tres de connexion, du mode de mesure, de la plage de mesure, du temps d&rsquo;exposition et de la m\u00e9thode de synchronisation. La plupart [&hellip;]<\/p>\n","protected":false},"author":5,"featured_media":0,"parent":0,"menu_order":0,"comment_status":"closed","ping_status":"closed","template":"","meta":{"_acf_changed":false,"footnotes":""},"class_list":["post-2851","page","type-page","status-publish","hentry"],"acf":[],"_links":{"self":[{"href":"https:\/\/scanrg.org\/fr\/wp-json\/wp\/v2\/pages\/2851","targetHints":{"allow":["GET"]}}],"collection":[{"href":"https:\/\/scanrg.org\/fr\/wp-json\/wp\/v2\/pages"}],"about":[{"href":"https:\/\/scanrg.org\/fr\/wp-json\/wp\/v2\/types\/page"}],"author":[{"embeddable":true,"href":"https:\/\/scanrg.org\/fr\/wp-json\/wp\/v2\/users\/5"}],"replies":[{"embeddable":true,"href":"https:\/\/scanrg.org\/fr\/wp-json\/wp\/v2\/comments?post=2851"}],"version-history":[{"count":1,"href":"https:\/\/scanrg.org\/fr\/wp-json\/wp\/v2\/pages\/2851\/revisions"}],"predecessor-version":[{"id":2852,"href":"https:\/\/scanrg.org\/fr\/wp-json\/wp\/v2\/pages\/2851\/revisions\/2852"}],"wp:attachment":[{"href":"https:\/\/scanrg.org\/fr\/wp-json\/wp\/v2\/media?parent=2851"}],"curies":[{"name":"wp","href":"https:\/\/api.w.org\/{rel}","templated":true}]}}