{"id":2849,"date":"2024-11-20T09:55:12","date_gmt":"2024-11-20T08:55:12","guid":{"rendered":"https:\/\/scanrg.org\/?page_id=2849"},"modified":"2024-11-20T17:01:03","modified_gmt":"2024-11-20T16:01:03","slug":"principe-de-mesure","status":"publish","type":"page","link":"https:\/\/scanrg.org\/fr\/principe-de-mesure\/","title":{"rendered":"Principe de mesure"},"content":{"rendered":"<div id=\"pl-2849\"  class=\"panel-layout\" ><div id=\"pg-2849-0\"  class=\"panel-grid panel-no-style\" ><div id=\"pgc-2849-0-0\"  class=\"panel-grid-cell\" ><div id=\"panel-2849-0-0-0\" class=\"so-panel widget widget_wwm-headline-widget panel-first-child\" data-index=\"0\" ><div\n\t\t\t\n\t\t\tclass=\"so-widget-wwm-headline-widget so-widget-wwm-headline-widget-base\"\n\t\t\t\n\t\t><h1 class=\"wwm-headline1\" style=\"\">Principe de mesure<\/h1><h2 class=\"wwm-headline2\" style=\"\"><\/h2><\/div><\/div><div id=\"panel-2849-0-0-1\" class=\"so-panel widget widget_wwm-text-widget\" data-index=\"1\" ><div\n\t\t\t\n\t\t\tclass=\"so-widget-wwm-text-widget so-widget-wwm-text-widget-base\"\n\t\t\t\n\t\t><div style=\"color:;\"><div style=\"padding:0px;\"><p>La mesure combine le r\u00e9sultat d'une mesure 3D avec une mesure multispectrale et fournit pour chaque point de mesure un vecteur de r\u00e9sultat en 8 dimensions.<\/p>\n<h2>Mesure 3D\u200b<\/h2>\n<p>Le scanner fonctionne selon le proc\u00e9d\u00e9 de triangulation laser. \u00c0 l'aide d'une optique lin\u00e9aire, une ligne laser est projet\u00e9e sur l'objet \u00e0 mesurer et enregistr\u00e9e par une cam\u00e9ra 3D. La distance Z et la position le long de la ligne laser X sont calcul\u00e9es \u00e0 partir de la position de la ligne laser sur l'image de la cam\u00e9ra.<\/p>\n<p>La m\u00e9thode de triangulation laser garantit une pr\u00e9cision maximale et permet une int\u00e9gration simple dans les applications industrielles.<\/p>\n<h2>Mesure multispectrale\u200b<\/h2>\n<p>Le module multispectral mesure la r\u00e9flectance dans le domaine visible (RGB) et NIR (730 nm). Le module se compose de LED haute puissance, d'une optique collectrice, d'un diffuseur et de la cam\u00e9ra multispectrale. La lumi\u00e8re des LED est concentr\u00e9e par l'optique de collecte et le diffuseur en une bande \u00e9troite et projet\u00e9e sur l'objet \u00e0 mesurer. La lumi\u00e8re r\u00e9fl\u00e9chie est enregistr\u00e9e par la cam\u00e9ra multispectrale. La cam\u00e9ra multispectrale prend alors des photos avec les LED allum\u00e9es et \u00e9teintes pour chaque couleur (R, G, B, NIR 730). Pour \u00e9liminer la lumi\u00e8re ambiante, les images de r\u00e9f\u00e9rence (LED \u00e9teinte) sont soustraites des images de signal (LED allum\u00e9e).<\/p>\n<h2>Fusion des donn\u00e9es<\/h2>\n<p>Ensuite, les intensit\u00e9s multispectrales mesur\u00e9es (R, G, B, NIR 730) et l'intensit\u00e9 laser mesur\u00e9e (NIR 940) sont combin\u00e9es avec des valeurs 3D correspondantes et normalis\u00e9es. Les donn\u00e9es sont produites sous forme de nuage de points multidimensionnel avec 3 coordonn\u00e9es spatiales et 5 valeurs de couleur (X, Y, Z, R, G, B, NIR 730, NIR 940).<\/p>\n<h2>Modes de mesure<\/h2>\n<p>Le N1 supporte les modes de mesure FAST et HDR. Le mode FAST a \u00e9t\u00e9 d\u00e9velopp\u00e9 pour des applications dynamiques dans des conditions d'\u00e9clairage ambiant mod\u00e9r\u00e9es (int\u00e9rieur, \u00e9clairage artificiel, pas de fortes r\u00e9flexions). Le mode HDR (high dynamic range) est utilis\u00e9 sous la lumi\u00e8re directe du soleil ou pour des mat\u00e9riaux particuli\u00e8rement exigeants (contraste \u00e9lev\u00e9 ou surfaces tr\u00e8s brillantes).<\/p>\n<p><strong>Haute vitesse<\/strong> : jusqu'\u00e0 1.500 Hz en mode FAST et jusqu'\u00e0 1.000 Hz en mode HDR.<\/p>\n<p><strong>Mesure sous la lumi\u00e8re directe du soleil<\/strong> : N1 dispose de la technologie HDR (high dynamic range) qui permet de mesurer m\u00eame dans des conditions difficiles comme la lumi\u00e8re directe du soleil et\/ou des surfaces brillantes.<\/p>\n<\/div><\/div><\/div><\/div><div id=\"panel-2849-0-0-2\" class=\"so-panel widget widget_wwm-image-widget\" data-index=\"2\" ><div\n\t\t\t\n\t\t\tclass=\"so-widget-wwm-image-widget so-widget-wwm-image-widget-base\"\n\t\t\t\n\t\t><style>\r\n.wwm-image .image-6b807d76-9551-4085-b60f-8991e8aef749{ \r\n}\r\n.wwm-image .image-6b807d76-9551-4085-b60f-8991e8aef749:hover\r\n{ \r\n}\r\n@media only screen and (max-width: 768px)\r\n{\r\n\t.wwm-image .image-6b807d76-9551-4085-b60f-8991e8aef749\t{ \r\n\t\t}\r\n}\r\n<\/style>\r\n\r\n<div class=\"wwm-image\" style=\"text-align:left\"><img decoding=\"async\" class=\"image-6b807d76-9551-4085-b60f-8991e8aef749\" src=\"https:\/\/scanrg.org\/wp-content\/uploads\/Croissant.jpg\" alt=\"\" width=\"100%\" title=\"\" \/><\/div><\/div><\/div><div id=\"panel-2849-0-0-3\" class=\"so-panel widget widget_wwm-button-widget panel-last-child\" data-index=\"3\" ><div\n\t\t\t\n\t\t\tclass=\"so-widget-wwm-button-widget so-widget-wwm-button-widget-base\"\n\t\t\t\n\t\t><div><a class=\"button custom-btn btn-0\" href=\"https:\/\/scanrg.org\/scannertechnologie\/\" target=\"_self\">retour<\/a><\/div><\/div><\/div><\/div><\/div><\/div>","protected":false},"excerpt":{"rendered":"<p>Principe de mesureLa mesure combine le r\u00e9sultat d&rsquo;une mesure 3D avec une mesure multispectrale et fournit pour chaque point de mesure un vecteur de r\u00e9sultat en 8 dimensions. Mesure 3D\u200b Le scanner fonctionne selon le proc\u00e9d\u00e9 de triangulation laser. \u00c0 l&rsquo;aide d&rsquo;une optique lin\u00e9aire, une ligne laser est projet\u00e9e sur [&hellip;]<\/p>\n","protected":false},"author":5,"featured_media":0,"parent":0,"menu_order":0,"comment_status":"closed","ping_status":"closed","template":"","meta":{"_acf_changed":false,"footnotes":""},"class_list":["post-2849","page","type-page","status-publish","hentry"],"acf":[],"_links":{"self":[{"href":"https:\/\/scanrg.org\/fr\/wp-json\/wp\/v2\/pages\/2849","targetHints":{"allow":["GET"]}}],"collection":[{"href":"https:\/\/scanrg.org\/fr\/wp-json\/wp\/v2\/pages"}],"about":[{"href":"https:\/\/scanrg.org\/fr\/wp-json\/wp\/v2\/types\/page"}],"author":[{"embeddable":true,"href":"https:\/\/scanrg.org\/fr\/wp-json\/wp\/v2\/users\/5"}],"replies":[{"embeddable":true,"href":"https:\/\/scanrg.org\/fr\/wp-json\/wp\/v2\/comments?post=2849"}],"version-history":[{"count":1,"href":"https:\/\/scanrg.org\/fr\/wp-json\/wp\/v2\/pages\/2849\/revisions"}],"predecessor-version":[{"id":2850,"href":"https:\/\/scanrg.org\/fr\/wp-json\/wp\/v2\/pages\/2849\/revisions\/2850"}],"wp:attachment":[{"href":"https:\/\/scanrg.org\/fr\/wp-json\/wp\/v2\/media?parent=2849"}],"curies":[{"name":"wp","href":"https:\/\/api.w.org\/{rel}","templated":true}]}}