{"id":2847,"date":"2024-11-19T18:11:10","date_gmt":"2024-11-19T17:11:10","guid":{"rendered":"https:\/\/scanrg.org\/?page_id=2847"},"modified":"2024-11-20T16:58:37","modified_gmt":"2024-11-20T15:58:37","slug":"technologie-du-scanner","status":"publish","type":"page","link":"https:\/\/scanrg.org\/fr\/technologie-du-scanner\/","title":{"rendered":"Technologie du scanner"},"content":{"rendered":"<div id=\"pl-2847\"  class=\"panel-layout\" ><div id=\"pg-2847-0\"  class=\"panel-grid panel-no-style\" ><div id=\"pgc-2847-0-0\"  class=\"panel-grid-cell\" ><div id=\"panel-2847-0-0-0\" class=\"so-panel widget widget_wwm-headline-widget panel-first-child\" data-index=\"0\" ><div\n\t\t\t\n\t\t\tclass=\"so-widget-wwm-headline-widget so-widget-wwm-headline-widget-base\"\n\t\t\t\n\t\t><h1 class=\"wwm-headline1\" style=\"\">Technologie du scanner<\/h1><h2 class=\"wwm-headline2\" style=\"\"><\/h2><\/div><\/div><div id=\"panel-2847-0-0-1\" class=\"so-panel widget widget_wwm-text-widget panel-last-child\" data-index=\"1\" ><div\n\t\t\t\n\t\t\tclass=\"so-widget-wwm-text-widget so-widget-wwm-text-widget-base\"\n\t\t\t\n\t\t><div style=\"color:;\"><div style=\"padding:0px;\"><p>Le c\u0153ur de tous nos produits est notre technologie brevet\u00e9e de scanner 3D multispectral. Notre scanner N1 combine la 3D, la colorim\u00e9trie et le traitement des donn\u00e9es en un seul appareil et fonctionne selon le proc\u00e9d\u00e9 de triangulation laser. Cela garantit une pr\u00e9cision maximale et une int\u00e9gration facile dans les applications industrielles. Le module multispectral mesure la r\u00e9flectance dans les domaines RGB et NIR.<\/p>\n<\/div><\/div><\/div><\/div><\/div><\/div><div id=\"pg-2847-1\"  class=\"panel-grid panel-no-style\" ><div id=\"pgc-2847-1-0\"  class=\"panel-grid-cell\" ><div id=\"panel-2847-1-0-0\" class=\"so-panel widget widget_wwm-image-widget panel-first-child panel-last-child\" data-index=\"2\" ><div\n\t\t\t\n\t\t\tclass=\"so-widget-wwm-image-widget so-widget-wwm-image-widget-base\"\n\t\t\t\n\t\t><style>\r\n.wwm-image .image-2a0a6977-8353-4827-bf78-de54972da0c9{ \r\n}\r\n.wwm-image .image-2a0a6977-8353-4827-bf78-de54972da0c9:hover\r\n{ \r\n}\r\n@media only screen and (max-width: 768px)\r\n{\r\n\t.wwm-image .image-2a0a6977-8353-4827-bf78-de54972da0c9\t{ \r\n\t\t}\r\n}\r\n<\/style>\r\n\r\n<div class=\"wwm-image\" style=\"text-align:left\"><img decoding=\"async\" class=\"image-2a0a6977-8353-4827-bf78-de54972da0c9\" src=\"https:\/\/scanrg.org\/wp-content\/uploads\/N1_Scanner.jpg\" alt=\"\" width=\"100%\" title=\"\" \/><\/div><\/div><\/div><\/div><div id=\"pgc-2847-1-1\"  class=\"panel-grid-cell\" ><div id=\"panel-2847-1-1-0\" class=\"so-panel widget widget_wwm-headline-widget panel-first-child\" data-index=\"3\" ><div\n\t\t\t\n\t\t\tclass=\"so-widget-wwm-headline-widget so-widget-wwm-headline-widget-base\"\n\t\t\t\n\t\t><h1 class=\"wwm-headline1\" style=\"\">Points forts<\/h1><h2 class=\"wwm-headline2\" style=\"\"><\/h2><\/div><\/div><div id=\"panel-2847-1-1-1\" class=\"so-panel widget widget_wwm-text-widget panel-last-child\" data-index=\"4\" ><div\n\t\t\t\n\t\t\tclass=\"so-widget-wwm-text-widget so-widget-wwm-text-widget-base\"\n\t\t\t\n\t\t><div style=\"color:;\"><div style=\"padding:0px;\"><ul>\n<li>PERFORMANTE : caract\u00e9risation compl\u00e8te du produit en 3D (hauteur, surface, volume et plus) et en couleur (RGB et NIR)<\/li>\n<li>ROBUSTE et PR\u00c9CIS : couleurs stables gr\u00e2ce \u00e0 l'\u00e9clairage actif, mesure m\u00eame sous la lumi\u00e8re directe du soleil, pr\u00e9cision maximale gr\u00e2ce au proc\u00e9d\u00e9 de triangulation laser<\/li>\n<li>RAPIDE : taux d'\u00e9chantillonnage jusqu'\u00e0 1.500 Hz<\/li>\n<li>FLEXIBLE : possibilit\u00e9s d'int\u00e9gration gr\u00e2ce \u00e0 de multiples interfaces et APIs<\/li>\n<li>CO\u00dbT R\u00c9DUIT : L'int\u00e9gration de la 3D, de la colorim\u00e9trie et du traitement des donn\u00e9es dans un seul appareil r\u00e9duit la complexit\u00e9 du syst\u00e8me et permet de r\u00e9aliser des \u00e9conomies.<\/li>\n<\/ul>\n<\/div><\/div><\/div><\/div><\/div><\/div><div id=\"pg-2847-2\"  class=\"panel-grid panel-no-style\" ><div id=\"pgc-2847-2-0\"  class=\"panel-grid-cell\" ><div id=\"panel-2847-2-0-0\" class=\"so-panel widget widget_wwm-headline-widget panel-first-child panel-last-child\" data-index=\"5\" ><div\n\t\t\t\n\t\t\tclass=\"so-widget-wwm-headline-widget so-widget-wwm-headline-widget-base\"\n\t\t\t\n\t\t><h1 class=\"wwm-headline1\" style=\"\">Les d\u00e9tails<\/h1><h2 class=\"wwm-headline2\" style=\"\"><\/h2><\/div><\/div><\/div><\/div><div id=\"pg-2847-3\"  class=\"panel-grid panel-no-style\" ><div id=\"pgc-2847-3-0\"  class=\"panel-grid-cell\" ><div id=\"panel-2847-3-0-0\" class=\"so-panel widget widget_wwm-image-widget panel-first-child panel-last-child\" data-index=\"6\" ><div\n\t\t\t\n\t\t\tclass=\"so-widget-wwm-image-widget so-widget-wwm-image-widget-base\"\n\t\t\t\n\t\t><style>\r\n.wwm-image .image-966a79d4-bfe6-4ac2-bb70-c3e103756d29{ \r\n}\r\n.wwm-image .image-966a79d4-bfe6-4ac2-bb70-c3e103756d29:hover\r\n{ \r\n}\r\n@media only screen and (max-width: 768px)\r\n{\r\n\t.wwm-image .image-966a79d4-bfe6-4ac2-bb70-c3e103756d29\t{ \r\n\t\t}\r\n}\r\n<\/style>\r\n\r\n<div class=\"wwm-image\" style=\"text-align:left\"><img decoding=\"async\" class=\"image-966a79d4-bfe6-4ac2-bb70-c3e103756d29\" src=\"https:\/\/scanrg.org\/wp-content\/uploads\/Detail_Messprinzip.jpg\" alt=\"\" width=\"100%\" title=\"\" \/><\/div><\/div><\/div><\/div><div id=\"pgc-2847-3-1\"  class=\"panel-grid-cell\" ><div id=\"panel-2847-3-1-0\" class=\"so-panel widget widget_wwm-text-widget panel-first-child\" data-index=\"7\" ><div\n\t\t\t\n\t\t\tclass=\"so-widget-wwm-text-widget so-widget-wwm-text-widget-base\"\n\t\t\t\n\t\t><div style=\"color:;\"><div style=\"padding:0px;\"><h2>Principe de mesure<\/h2>\n<p>La mesure combine le r\u00e9sultat d'une mesure 3D avec une mesure multispectrale et fournit pour chaque point de mesure un vecteur de r\u00e9sultat en 8 dimensions.<\/p>\n<\/div><\/div><\/div><\/div><div id=\"panel-2847-3-1-1\" class=\"so-panel widget widget_wwm-button-widget panel-last-child\" data-index=\"8\" ><div\n\t\t\t\n\t\t\tclass=\"so-widget-wwm-button-widget so-widget-wwm-button-widget-base\"\n\t\t\t\n\t\t><div><a class=\"button custom-btn btn-0\" href=\"https:\/\/scanrg.org\/messprinzip\/\" target=\"_self\">en savoir plus<\/a><\/div><\/div><\/div><\/div><\/div><div id=\"pg-2847-4\"  class=\"panel-grid panel-no-style\" ><div id=\"pgc-2847-4-0\"  class=\"panel-grid-cell\" ><div id=\"panel-2847-4-0-0\" class=\"so-panel widget widget_wwm-image-widget panel-first-child panel-last-child\" data-index=\"9\" ><div\n\t\t\t\n\t\t\tclass=\"so-widget-wwm-image-widget so-widget-wwm-image-widget-base\"\n\t\t\t\n\t\t><style>\r\n.wwm-image .image-a5878945-42b2-43bb-b477-e62daebe63f1{ \r\n}\r\n.wwm-image .image-a5878945-42b2-43bb-b477-e62daebe63f1:hover\r\n{ \r\n}\r\n@media only screen and (max-width: 768px)\r\n{\r\n\t.wwm-image .image-a5878945-42b2-43bb-b477-e62daebe63f1\t{ \r\n\t\t}\r\n}\r\n<\/style>\r\n\r\n<div class=\"wwm-image\" style=\"text-align:left\"><img decoding=\"async\" class=\"image-a5878945-42b2-43bb-b477-e62daebe63f1\" src=\"https:\/\/scanrg.org\/wp-content\/uploads\/Detail_Setup.jpg\" alt=\"\" width=\"100%\" title=\"\" \/><\/div><\/div><\/div><\/div><div id=\"pgc-2847-4-1\"  class=\"panel-grid-cell\" ><div id=\"panel-2847-4-1-0\" class=\"so-panel widget widget_wwm-text-widget panel-first-child\" data-index=\"10\" ><div\n\t\t\t\n\t\t\tclass=\"so-widget-wwm-text-widget so-widget-wwm-text-widget-base\"\n\t\t\t\n\t\t><div style=\"color:;\"><div style=\"padding:0px;\"><h2>Configuration<\/h2>\n<p>N1 poss\u00e8de des outils puissants et conviviaux pour la configuration, l'int\u00e9gration et la mise en service du syst\u00e8me.<\/p>\n<\/div><\/div><\/div><\/div><div id=\"panel-2847-4-1-1\" class=\"so-panel widget widget_wwm-button-widget panel-last-child\" data-index=\"11\" ><div\n\t\t\t\n\t\t\tclass=\"so-widget-wwm-button-widget so-widget-wwm-button-widget-base\"\n\t\t\t\n\t\t><div><a class=\"button custom-btn btn-0\" href=\"https:\/\/scanrg.org\/setup\/\" target=\"_self\">en savoir plus<\/a><\/div><\/div><\/div><\/div><\/div><div id=\"pg-2847-5\"  class=\"panel-grid panel-no-style\" ><div id=\"pgc-2847-5-0\"  class=\"panel-grid-cell\" ><div id=\"panel-2847-5-0-0\" class=\"so-panel widget widget_wwm-image-widget panel-first-child panel-last-child\" data-index=\"12\" ><div\n\t\t\t\n\t\t\tclass=\"so-widget-wwm-image-widget so-widget-wwm-image-widget-base\"\n\t\t\t\n\t\t><style>\r\n.wwm-image .image-6dab170a-bb03-47df-a383-346838dc243b{ \r\n}\r\n.wwm-image .image-6dab170a-bb03-47df-a383-346838dc243b:hover\r\n{ \r\n}\r\n@media only screen and (max-width: 768px)\r\n{\r\n\t.wwm-image .image-6dab170a-bb03-47df-a383-346838dc243b\t{ \r\n\t\t}\r\n}\r\n<\/style>\r\n\r\n<div class=\"wwm-image\" style=\"text-align:left\"><img decoding=\"async\" class=\"image-6dab170a-bb03-47df-a383-346838dc243b\" src=\"https:\/\/scanrg.org\/wp-content\/uploads\/Detail_Schnittstellen.jpg\" alt=\"\" width=\"100%\" title=\"\" \/><\/div><\/div><\/div><\/div><div id=\"pgc-2847-5-1\"  class=\"panel-grid-cell\" ><div id=\"panel-2847-5-1-0\" class=\"so-panel widget widget_wwm-text-widget panel-first-child\" data-index=\"13\" ><div\n\t\t\t\n\t\t\tclass=\"so-widget-wwm-text-widget so-widget-wwm-text-widget-base\"\n\t\t\t\n\t\t><div style=\"color:;\"><div style=\"padding:0px;\"><h2>Interfaces<\/h2>\n<p>N1 dispose de Gigabit Ethernet, d'une interface s\u00e9rie RS232, d'une entr\u00e9e codeur et de quatre entr\u00e9es\/sorties num\u00e9riques.<\/p>\n<\/div><\/div><\/div><\/div><div id=\"panel-2847-5-1-1\" class=\"so-panel widget widget_wwm-button-widget panel-last-child\" data-index=\"14\" ><div\n\t\t\t\n\t\t\tclass=\"so-widget-wwm-button-widget so-widget-wwm-button-widget-base\"\n\t\t\t\n\t\t><div><a class=\"button custom-btn btn-0\" href=\"https:\/\/scanrg.org\/schnittstellen\/\" target=\"_self\">en savoir plus<\/a><\/div><\/div><\/div><\/div><\/div><div id=\"pg-2847-6\"  class=\"panel-grid panel-no-style\" ><div id=\"pgc-2847-6-0\"  class=\"panel-grid-cell\" ><div id=\"panel-2847-6-0-0\" class=\"so-panel widget widget_wwm-image-widget panel-first-child panel-last-child\" data-index=\"15\" ><div\n\t\t\t\n\t\t\tclass=\"so-widget-wwm-image-widget so-widget-wwm-image-widget-base\"\n\t\t\t\n\t\t><style>\r\n.wwm-image .image-4da1e558-2820-4ec6-8adf-7b1477e24147{ \r\n}\r\n.wwm-image .image-4da1e558-2820-4ec6-8adf-7b1477e24147:hover\r\n{ \r\n}\r\n@media only screen and (max-width: 768px)\r\n{\r\n\t.wwm-image .image-4da1e558-2820-4ec6-8adf-7b1477e24147\t{ \r\n\t\t}\r\n}\r\n<\/style>\r\n\r\n<div class=\"wwm-image\" style=\"text-align:left\"><img decoding=\"async\" class=\"image-4da1e558-2820-4ec6-8adf-7b1477e24147\" src=\"https:\/\/scanrg.org\/wp-content\/uploads\/Detail_Analysesoftware.jpg\" alt=\"\" width=\"100%\" title=\"\" \/><\/div><\/div><\/div><\/div><div id=\"pgc-2847-6-1\"  class=\"panel-grid-cell\" ><div id=\"panel-2847-6-1-0\" class=\"so-panel widget widget_wwm-text-widget panel-first-child\" data-index=\"16\" ><div\n\t\t\t\n\t\t\tclass=\"so-widget-wwm-text-widget so-widget-wwm-text-widget-base\"\n\t\t\t\n\t\t><div style=\"color:;\"><div style=\"padding:0px;\"><h2>Logiciel d'analyse<\/h2>\n<p>Pour l'analyse des donn\u00e9es, nous disposons d'un logiciel d'analyse complet qui est livr\u00e9 en bonus avec chaque syst\u00e8me \u00e0 nos frais.<\/p>\n<\/div><\/div><\/div><\/div><div id=\"panel-2847-6-1-1\" class=\"so-panel widget widget_wwm-button-widget panel-last-child\" data-index=\"17\" ><div\n\t\t\t\n\t\t\tclass=\"so-widget-wwm-button-widget so-widget-wwm-button-widget-base\"\n\t\t\t\n\t\t><div><a class=\"button custom-btn btn-0\" href=\"https:\/\/scanrg.org\/analysesoftware\/\" target=\"_self\">en savoir plus<\/a><\/div><\/div><\/div><\/div><\/div><div id=\"pg-2847-7\"  class=\"panel-grid panel-no-style\" ><div id=\"pgc-2847-7-0\"  class=\"panel-grid-cell\" ><div id=\"panel-2847-7-0-0\" class=\"so-panel widget widget_wwm-image-widget panel-first-child panel-last-child\" data-index=\"18\" ><div\n\t\t\t\n\t\t\tclass=\"so-widget-wwm-image-widget so-widget-wwm-image-widget-base\"\n\t\t\t\n\t\t><style>\r\n.wwm-image .image-d2d0f999-de0f-4b27-a744-cd8821422abf{ \r\n}\r\n.wwm-image .image-d2d0f999-de0f-4b27-a744-cd8821422abf:hover\r\n{ \r\n}\r\n@media only screen and (max-width: 768px)\r\n{\r\n\t.wwm-image .image-d2d0f999-de0f-4b27-a744-cd8821422abf\t{ \r\n\t\t}\r\n}\r\n<\/style>\r\n\r\n<div class=\"wwm-image\" style=\"text-align:left\"><img decoding=\"async\" class=\"image-d2d0f999-de0f-4b27-a744-cd8821422abf\" src=\"https:\/\/scanrg.org\/wp-content\/uploads\/Scanbeispiel_Bohrer_Drill.jpg\" alt=\"\" width=\"100%\" title=\"\" \/><\/div><\/div><\/div><\/div><div id=\"pgc-2847-7-1\"  class=\"panel-grid-cell\" ><div id=\"panel-2847-7-1-0\" class=\"so-panel widget widget_wwm-text-widget panel-first-child\" data-index=\"19\" ><div\n\t\t\t\n\t\t\tclass=\"so-widget-wwm-text-widget so-widget-wwm-text-widget-base\"\n\t\t\t\n\t\t><div style=\"color:;\"><div style=\"padding:0px;\"><h2>Exemples de scannage<\/h2>\n<p>D\u00e9couvrez les r\u00e9sultats de scannage impressionnants de notre scanner N1 dans diff\u00e9rents domaines d'application.<\/p>\n<\/div><\/div><\/div><\/div><div id=\"panel-2847-7-1-1\" class=\"so-panel widget widget_wwm-button-widget panel-last-child\" data-index=\"20\" ><div\n\t\t\t\n\t\t\tclass=\"so-widget-wwm-button-widget so-widget-wwm-button-widget-base\"\n\t\t\t\n\t\t><div><a class=\"button custom-btn btn-0\" href=\"https:\/\/scanrg.org\/scanbeispiele\/\" target=\"_self\">en savoir plus<\/a><\/div><\/div><\/div><\/div><\/div><div id=\"pg-2847-8\"  class=\"panel-grid panel-no-style\" ><div id=\"pgc-2847-8-0\"  class=\"panel-grid-cell\" ><div id=\"panel-2847-8-0-0\" class=\"so-panel widget widget_wwm-button-widget panel-first-child panel-last-child\" data-index=\"21\" ><div\n\t\t\t\n\t\t\tclass=\"so-widget-wwm-button-widget so-widget-wwm-button-widget-base\"\n\t\t\t\n\t\t><div><a class=\"button custom-btn btn-0\" href=\"https:\/\/scanrg.org\/wp-content\/uploads\/n1_datasheet_v2.1.pdf\" target=\"_self\">T\u00e9l\u00e9charger la fiche technique du N1<\/a><\/div><\/div><\/div><\/div><\/div><\/div>","protected":false},"excerpt":{"rendered":"<p>Technologie du scannerLe c\u0153ur de tous nos produits est notre technologie brevet\u00e9e de scanner 3D multispectral. Notre scanner N1 combine la 3D, la colorim\u00e9trie et le traitement des donn\u00e9es en un seul appareil et fonctionne selon le proc\u00e9d\u00e9 de triangulation laser. Cela garantit une pr\u00e9cision maximale et une int\u00e9gration facile [&hellip;]<\/p>\n","protected":false},"author":5,"featured_media":0,"parent":0,"menu_order":0,"comment_status":"closed","ping_status":"closed","template":"","meta":{"_acf_changed":false,"footnotes":""},"class_list":["post-2847","page","type-page","status-publish","hentry"],"acf":[],"_links":{"self":[{"href":"https:\/\/scanrg.org\/fr\/wp-json\/wp\/v2\/pages\/2847","targetHints":{"allow":["GET"]}}],"collection":[{"href":"https:\/\/scanrg.org\/fr\/wp-json\/wp\/v2\/pages"}],"about":[{"href":"https:\/\/scanrg.org\/fr\/wp-json\/wp\/v2\/types\/page"}],"author":[{"embeddable":true,"href":"https:\/\/scanrg.org\/fr\/wp-json\/wp\/v2\/users\/5"}],"replies":[{"embeddable":true,"href":"https:\/\/scanrg.org\/fr\/wp-json\/wp\/v2\/comments?post=2847"}],"version-history":[{"count":1,"href":"https:\/\/scanrg.org\/fr\/wp-json\/wp\/v2\/pages\/2847\/revisions"}],"predecessor-version":[{"id":2848,"href":"https:\/\/scanrg.org\/fr\/wp-json\/wp\/v2\/pages\/2847\/revisions\/2848"}],"wp:attachment":[{"href":"https:\/\/scanrg.org\/fr\/wp-json\/wp\/v2\/media?parent=2847"}],"curies":[{"name":"wp","href":"https:\/\/api.w.org\/{rel}","templated":true}]}}