{"id":2845,"date":"2024-11-19T18:15:13","date_gmt":"2024-11-19T17:15:13","guid":{"rendered":"https:\/\/scanrg.org\/?page_id=2845"},"modified":"2024-11-20T16:53:01","modified_gmt":"2024-11-20T15:53:01","slug":"actualites","status":"publish","type":"page","link":"https:\/\/scanrg.org\/fr\/actualites\/","title":{"rendered":"Actualit\u00e9s"},"content":{"rendered":"<div id=\"pl-2845\"  class=\"panel-layout\" ><div id=\"pg-2845-0\"  class=\"panel-grid panel-no-style\" ><div id=\"pgc-2845-0-0\"  class=\"panel-grid-cell\" ><div id=\"panel-2845-0-0-0\" class=\"so-panel widget widget_wwm-headline-widget panel-first-child\" data-index=\"0\" ><div\n\t\t\t\n\t\t\tclass=\"so-widget-wwm-headline-widget so-widget-wwm-headline-widget-base\"\n\t\t\t\n\t\t><h1 class=\"wwm-headline1\" style=\"\">Actualit\u00e9s<\/h1><h2 class=\"wwm-headline2\" style=\"\"><\/h2><\/div><\/div><div id=\"panel-2845-0-0-1\" class=\"so-panel widget widget_wwm-blog WWMBlog panel-last-child\" data-index=\"1\" ><div id=\"panel-2845-0-0-1\" class=\"so-panel widget widget_wwm-blog WWMBlog panel-last-child\" data-index=\"1\" ><div class=\"wwm-blog-list\"><div class=\"blogContainer\"><div class=\"row\"><section class=\"col_nml_4\"><div class=\"blogImage\"><img loading=\"lazy\" decoding=\"async\" width=\"600\" height=\"400\" src=\"https:\/\/scanrg.org\/wp-content\/uploads\/News_Suedback_Rueckblick.jpg\" class=\"attachment-full size-full wp-post-image\" alt=\"\" srcset=\"https:\/\/scanrg.org\/wp-content\/uploads\/News_Suedback_Rueckblick.jpg 600w, https:\/\/scanrg.org\/wp-content\/uploads\/News_Suedback_Rueckblick-300x200.jpg 300w, https:\/\/scanrg.org\/wp-content\/uploads\/News_Suedback_Rueckblick-272x182.jpg 272w, https:\/\/scanrg.org\/wp-content\/uploads\/News_Suedback_Rueckblick-360x240.jpg 360w\" sizes=\"auto, (max-width: 600px) 100vw, 600px\" \/><\/div><\/section><section class=\"col_nm_7\"><h2>Le contr\u00f4le qualit\u00e9 gagne en importance \u2013 S\u00fcdback 2024<\/h2><div class=\"blogDate\"><strong>31. octobre 2024<\/strong><\/div><div class=\"blogText\">Un grand merci \u00e0 tous les visiteurs du salon S\u00fcdback avec lesquels nous avons eu des discussions int\u00e9ressantes sur notre stand.<\/div><div class=\"blogButton\"><a class=\"button custom-btn btn-0\" href=\"https:\/\/scanrg.org\/fr\/retrospective-suedback-2024\/\">weiterlesen<\/a><\/div><\/section><\/div><\/div><div class=\"blogContainer\"><div class=\"row\"><section class=\"col_nml_4\"><div class=\"blogImage\"><img loading=\"lazy\" decoding=\"async\" width=\"600\" height=\"400\" src=\"https:\/\/scanrg.org\/wp-content\/uploads\/News_Suedback.jpg\" class=\"attachment-full size-full wp-post-image\" alt=\"\" srcset=\"https:\/\/scanrg.org\/wp-content\/uploads\/News_Suedback.jpg 600w, https:\/\/scanrg.org\/wp-content\/uploads\/News_Suedback-300x200.jpg 300w, https:\/\/scanrg.org\/wp-content\/uploads\/News_Suedback-272x182.jpg 272w, https:\/\/scanrg.org\/wp-content\/uploads\/News_Suedback-360x240.jpg 360w\" sizes=\"auto, (max-width: 600px) 100vw, 600px\" \/><\/div><\/section><section class=\"col_nm_7\"><h2>Venez visiter nous au salon s\u00fcdback \u00e0 Stuttgart<\/h2><div class=\"blogDate\"><strong>17. octobre 2024<\/strong><\/div><div class=\"blogText\">Venez visiter notre stand 6D22 au salon s\u00fcdback \u00e0 Stuttgart.<\/div><div class=\"blogButton\"><a class=\"button custom-btn btn-0\" href=\"https:\/\/scanrg.org\/fr\/invitation-suedback-2024\/\">weiterlesen<\/a><\/div><\/section><\/div><\/div><div class=\"blogContainer\"><div class=\"row\"><section class=\"col_nml_4\"><div class=\"blogImage\"><img loading=\"lazy\" decoding=\"async\" width=\"600\" height=\"400\" src=\"https:\/\/scanrg.org\/wp-content\/uploads\/News_Vision_Rueckblick.jpg\" class=\"attachment-full size-full wp-post-image\" alt=\"\" srcset=\"https:\/\/scanrg.org\/wp-content\/uploads\/News_Vision_Rueckblick.jpg 600w, https:\/\/scanrg.org\/wp-content\/uploads\/News_Vision_Rueckblick-300x200.jpg 300w, https:\/\/scanrg.org\/wp-content\/uploads\/News_Vision_Rueckblick-272x182.jpg 272w, https:\/\/scanrg.org\/wp-content\/uploads\/News_Vision_Rueckblick-360x240.jpg 360w\" sizes=\"auto, (max-width: 600px) 100vw, 600px\" \/><\/div><\/section><section class=\"col_nm_7\"><h2>R\u00e9trospective du salon Vision \u00e0 Stuttgart<\/h2><div class=\"blogDate\"><strong>16. octobre 2024<\/strong><\/div><div class=\"blogText\">Wir bedanken uns bei allen Besuchen, die sich auf der Vision in Stuttgart von der erstklassigen Qualit\u00e4t der Scans \u00fcberzeugt haben, die unser neuer QUALIMETER liefert.<\/div><div class=\"blogButton\"><a class=\"button custom-btn btn-0\" href=\"https:\/\/scanrg.org\/fr\/retrospective-vision-2024\/\">weiterlesen<\/a><\/div><\/section><\/div><\/div><div class=\"blogContainer\"><div class=\"row\"><section class=\"col_nml_4\"><div class=\"blogImage\"><img loading=\"lazy\" decoding=\"async\" width=\"600\" height=\"400\" src=\"https:\/\/scanrg.org\/wp-content\/uploads\/Umzug_iStock-1284588086.jpg\" class=\"attachment-full size-full wp-post-image\" alt=\"\" srcset=\"https:\/\/scanrg.org\/wp-content\/uploads\/Umzug_iStock-1284588086.jpg 600w, https:\/\/scanrg.org\/wp-content\/uploads\/Umzug_iStock-1284588086-300x200.jpg 300w, https:\/\/scanrg.org\/wp-content\/uploads\/Umzug_iStock-1284588086-272x182.jpg 272w, https:\/\/scanrg.org\/wp-content\/uploads\/Umzug_iStock-1284588086-360x240.jpg 360w\" sizes=\"auto, (max-width: 600px) 100vw, 600px\" \/><\/div><\/section><section class=\"col_nm_7\"><h2>Nous d\u00e9m\u00e9nageons !<\/h2><div class=\"blogDate\"><strong>01. octobre 2024<\/strong><\/div><div class=\"blogText\">Nous nous d\u00e9veloppons, ce qui n\u00e9cessite un d\u00e9m\u00e9nagement dans de nouveaux locaux.<\/div><div class=\"blogButton\"><a class=\"button custom-btn btn-0\" href=\"https:\/\/scanrg.org\/fr\/nous-demenageons\/\">weiterlesen<\/a><\/div><\/section><\/div><\/div><div class=\"blogContainer\"><div class=\"row\"><section class=\"col_nml_4\"><div class=\"blogImage\"><img loading=\"lazy\" decoding=\"async\" width=\"600\" height=\"400\" src=\"https:\/\/scanrg.org\/wp-content\/uploads\/News_Vision.jpg\" class=\"attachment-full size-full wp-post-image\" alt=\"\" srcset=\"https:\/\/scanrg.org\/wp-content\/uploads\/News_Vision.jpg 600w, https:\/\/scanrg.org\/wp-content\/uploads\/News_Vision-300x200.jpg 300w, https:\/\/scanrg.org\/wp-content\/uploads\/News_Vision-272x182.jpg 272w, https:\/\/scanrg.org\/wp-content\/uploads\/News_Vision-360x240.jpg 360w\" sizes=\"auto, (max-width: 600px) 100vw, 600px\" \/><\/div><\/section><section class=\"col_nm_7\"><h2>D\u00e9couvrez notre nouveau QUALIMETER au salon Vision<\/h2><div class=\"blogDate\"><strong>29. ao\u00fbt 2024<\/strong><\/div><div class=\"blogText\">Venez nous rendre visite sur notre stand dans le hall 10, stand 10E70.6 du 8 au 10 octobre 2024 au salon Vision \u00e0 Stuttgart. Nous nous r\u00e9jouissons de vous pr\u00e9senter notre nouveau QUALIMETER.<\/div><div class=\"blogButton\"><a class=\"button custom-btn btn-0\" href=\"https:\/\/scanrg.org\/fr\/invitation-vision-2024\/\">weiterlesen<\/a><\/div><\/section><\/div><\/div><div class=\"blogContainer\"><div class=\"row\"><section class=\"col_nml_4\"><div class=\"blogImage\"><img loading=\"lazy\" decoding=\"async\" width=\"600\" height=\"400\" src=\"https:\/\/scanrg.org\/wp-content\/uploads\/News_ES.jpg\" class=\"attachment-full size-full wp-post-image\" alt=\"\" srcset=\"https:\/\/scanrg.org\/wp-content\/uploads\/News_ES.jpg 600w, https:\/\/scanrg.org\/wp-content\/uploads\/News_ES-300x200.jpg 300w, https:\/\/scanrg.org\/wp-content\/uploads\/News_ES-272x182.jpg 272w, https:\/\/scanrg.org\/wp-content\/uploads\/News_ES-360x240.jpg 360w\" sizes=\"auto, (max-width: 600px) 100vw, 600px\" \/><\/div><\/section><section class=\"col_nm_7\"><h2>Nouveau partenaire de distribution sur les march\u00e9s francophones<\/h2><div class=\"blogDate\"><strong>02. juillet 2024<\/strong><\/div><div class=\"blogText\">Nous sommes tr\u00e8s heureux d'avoir trouv\u00e9 en Equipements Scientifiques (ES) un partenaire fiable et comp\u00e9tent pour la distribution et le service apr\u00e8s-vente sur les march\u00e9s francophones.<\/div><div class=\"blogButton\"><a class=\"button custom-btn btn-0\" href=\"https:\/\/scanrg.org\/fr\/partenaire-france\/\">weiterlesen<\/a><\/div><\/section><\/div><\/div><div class=\"blogContainer\"><div class=\"row\"><section class=\"col_nml_4\"><div class=\"blogImage\"><img loading=\"lazy\" decoding=\"async\" width=\"600\" height=\"400\" src=\"https:\/\/scanrg.org\/wp-content\/uploads\/News_DIL_2024.jpg\" class=\"attachment-full size-full wp-post-image\" alt=\"\" srcset=\"https:\/\/scanrg.org\/wp-content\/uploads\/News_DIL_2024.jpg 600w, https:\/\/scanrg.org\/wp-content\/uploads\/News_DIL_2024-300x200.jpg 300w, https:\/\/scanrg.org\/wp-content\/uploads\/News_DIL_2024-272x182.jpg 272w, https:\/\/scanrg.org\/wp-content\/uploads\/News_DIL_2024-360x240.jpg 360w\" sizes=\"auto, (max-width: 600px) 100vw, 600px\" \/><\/div><\/section><section class=\"col_nm_7\"><h2>DIL Technology Day 2024 in Quackenbr\u00fcck<\/h2><div class=\"blogDate\"><strong>13. juin 2024<\/strong><\/div><div class=\"blogText\">Le DIL Technology Day annuel est un moment fort pour le secteur alimentaire.<\/div><div class=\"blogButton\"><a class=\"button custom-btn btn-0\" href=\"https:\/\/scanrg.org\/fr\/dil-2024\/\">weiterlesen<\/a><\/div><\/section><\/div><\/div><div class=\"blogContainer\"><div class=\"row\"><section class=\"col_nml_4\"><div class=\"blogImage\"><img loading=\"lazy\" decoding=\"async\" width=\"600\" height=\"400\" src=\"https:\/\/scanrg.org\/wp-content\/uploads\/News_Foodtech.jpg\" class=\"attachment-full size-full wp-post-image\" alt=\"\" srcset=\"https:\/\/scanrg.org\/wp-content\/uploads\/News_Foodtech.jpg 600w, https:\/\/scanrg.org\/wp-content\/uploads\/News_Foodtech-300x200.jpg 300w, https:\/\/scanrg.org\/wp-content\/uploads\/News_Foodtech-272x182.jpg 272w, https:\/\/scanrg.org\/wp-content\/uploads\/News_Foodtech-360x240.jpg 360w\" sizes=\"auto, (max-width: 600px) 100vw, 600px\" \/><\/div><\/section><section class=\"col_nm_7\"><h2>Des discussions int\u00e9ressantes lors du Food Tech Event 2024<\/h2><div class=\"blogDate\"><strong>16. mai 2024<\/strong><\/div><div class=\"blogText\">Les 15 et 16 mai, nous \u00e9tions pr\u00e9sents en tant qu'exposants au Food Tech Event 2024 \u00e0 s'Hertogenbosch.<\/div><div class=\"blogButton\"><a class=\"button custom-btn btn-0\" href=\"https:\/\/scanrg.org\/fr\/food-tech-event-2024\/\">weiterlesen<\/a><\/div><\/section><\/div><\/div><div class=\"blogNavigation\"><\/div><\/div><\/div><\/div><\/div><div id=\"pgc-2845-0-1\"  class=\"panel-grid-cell\" ><div id=\"panel-2845-0-1-0\" class=\"so-panel widget widget_wwm-headline-widget panel-first-child\" data-index=\"2\" ><div\n\t\t\t\n\t\t\tclass=\"so-widget-wwm-headline-widget so-widget-wwm-headline-widget-base\"\n\t\t\t\n\t\t><h1 class=\"wwm-headline1\" style=\"\">Dates<\/h1><h2 class=\"wwm-headline2\" style=\"\"><\/h2><\/div><\/div><div id=\"panel-2845-0-1-1\" class=\"so-panel widget widget_wwm-termine WWMTermine panel-last-child\" data-index=\"3\" ><div class=\"wwm-blog-list\"><div class=\"blogContainer\"><div class=\"row\"><section class=\"col_nml_4\"><div class=\"blogImage\"><img loading=\"lazy\" decoding=\"async\" width=\"1365\" height=\"1024\" src=\"https:\/\/scanrg.org\/wp-content\/uploads\/Messelogo-CONTROL.webp\" class=\"attachment-full size-full wp-post-image\" alt=\"\" srcset=\"https:\/\/scanrg.org\/wp-content\/uploads\/Messelogo-CONTROL.webp 1365w, https:\/\/scanrg.org\/wp-content\/uploads\/Messelogo-CONTROL-300x225.webp 300w, https:\/\/scanrg.org\/wp-content\/uploads\/Messelogo-CONTROL-1024x768.webp 1024w, https:\/\/scanrg.org\/wp-content\/uploads\/Messelogo-CONTROL-768x576.webp 768w\" sizes=\"auto, (max-width: 1365px) 100vw, 1365px\" \/><\/div><\/section><section class=\"col_nm_7\"><h2>Control 2025<\/h2><span class=\"terminDate\"><strong>06.-09.05.2025<\/strong><\/span><br \/><span class=\"terminOrt\">Stuttgart<\/span><br \/><div class=\"blogText\">Halle 5 <\/div><div class=\"blogButton\"><a target=\"_blank\" href=\"https:\/\/www.control-messe.de\/\">weiterlesen<\/a><\/div><\/section><\/div><\/div><div class=\"blogContainer\"><div class=\"row\"><section class=\"col_nml_4\"><div class=\"blogImage\"><img loading=\"lazy\" decoding=\"async\" width=\"182\" height=\"182\" src=\"https:\/\/scanrg.org\/wp-content\/uploads\/iba.png\" class=\"attachment-full size-full wp-post-image\" alt=\"\" srcset=\"https:\/\/scanrg.org\/wp-content\/uploads\/iba.png 182w, https:\/\/scanrg.org\/wp-content\/uploads\/iba-150x150.png 150w\" sizes=\"auto, (max-width: 182px) 100vw, 182px\" \/><\/div><\/section><section class=\"col_nm_7\"><h2>iba 2025<\/h2><span class=\"terminDate\"><strong>18.-22.05.2025<\/strong><\/span><br \/><span class=\"terminOrt\">D\u00fcsseldorf<\/span><br \/><div class=\"blogText\"><\/div><div class=\"blogButton\"><a target=\"_blank\" href=\"https:\/\/www.iba-tradefair.com\/de\">weiterlesen<\/a><\/div><\/section><\/div><\/div><div class=\"blogNavigation\"><\/div><\/div><\/div><\/div><\/div><\/div>","protected":false},"excerpt":{"rendered":"","protected":false},"author":5,"featured_media":0,"parent":0,"menu_order":0,"comment_status":"closed","ping_status":"closed","template":"","meta":{"_acf_changed":false,"footnotes":""},"class_list":["post-2845","page","type-page","status-publish","hentry"],"acf":[],"_links":{"self":[{"href":"https:\/\/scanrg.org\/fr\/wp-json\/wp\/v2\/pages\/2845","targetHints":{"allow":["GET"]}}],"collection":[{"href":"https:\/\/scanrg.org\/fr\/wp-json\/wp\/v2\/pages"}],"about":[{"href":"https:\/\/scanrg.org\/fr\/wp-json\/wp\/v2\/types\/page"}],"author":[{"embeddable":true,"href":"https:\/\/scanrg.org\/fr\/wp-json\/wp\/v2\/users\/5"}],"replies":[{"embeddable":true,"href":"https:\/\/scanrg.org\/fr\/wp-json\/wp\/v2\/comments?post=2845"}],"version-history":[{"count":1,"href":"https:\/\/scanrg.org\/fr\/wp-json\/wp\/v2\/pages\/2845\/revisions"}],"predecessor-version":[{"id":2846,"href":"https:\/\/scanrg.org\/fr\/wp-json\/wp\/v2\/pages\/2845\/revisions\/2846"}],"wp:attachment":[{"href":"https:\/\/scanrg.org\/fr\/wp-json\/wp\/v2\/media?parent=2845"}],"curies":[{"name":"wp","href":"https:\/\/api.w.org\/{rel}","templated":true}]}}