{"id":2805,"date":"2024-11-20T16:51:00","date_gmt":"2024-11-20T15:51:00","guid":{"rendered":"https:\/\/scanrg.org\/?page_id=2805"},"modified":"2024-11-20T16:51:00","modified_gmt":"2024-11-20T15:51:00","slug":"a-propos-de-nous","status":"publish","type":"page","link":"https:\/\/scanrg.org\/fr\/a-propos-de-nous\/","title":{"rendered":"\u00c0 propos de nous"},"content":{"rendered":"<div id=\"pl-2805\"  class=\"panel-layout\" ><div id=\"pg-2805-0\"  class=\"panel-grid panel-no-style\" ><div id=\"pgc-2805-0-0\"  class=\"panel-grid-cell\" ><div id=\"panel-2805-0-0-0\" class=\"so-panel widget widget_wwm-headline-widget panel-first-child panel-last-child\" data-index=\"0\" ><div\n\t\t\t\n\t\t\tclass=\"so-widget-wwm-headline-widget so-widget-wwm-headline-widget-base\"\n\t\t\t\n\t\t><h1 class=\"wwm-headline1\" style=\"\">\u00c0 propos de nous<\/h1><h2 class=\"wwm-headline2\" style=\"\"><\/h2><\/div><\/div><\/div><\/div><div id=\"pg-2805-1\"  class=\"panel-grid panel-no-style\" ><div id=\"pgc-2805-1-0\"  class=\"panel-grid-cell\" ><div id=\"panel-2805-1-0-0\" class=\"so-panel widget widget_wwm-text-widget panel-first-child panel-last-child\" data-index=\"1\" ><div\n\t\t\t\n\t\t\tclass=\"so-widget-wwm-text-widget so-widget-wwm-text-widget-base\"\n\t\t\t\n\t\t><div style=\"color:;\"><div style=\"padding:0px;\"><p>ScanRG GmbH a \u00e9t\u00e9 fond\u00e9e en 2021 \u00e0 Aix-la-Chapelle. Le nom de notre entreprise se compose de Scanner et EneRGy. Nous mettons toute notre \u00e9nergie \u00e0 obtenir des r\u00e9sultats de num\u00e9risation optimaux !<\/p>\n<p>Notre directeur, le Dr Uladzimir Zhokhavets, s'int\u00e9resse depuis plus de 20 ans \u00e0 l'optique, \u00e0 la technologie des scanners et au traitement des donn\u00e9es.<\/p>\n<p>Il a \u00e9tudi\u00e9 de 2001 \u00e0 2005 \u00e0 l'universit\u00e9 technique d'Ilmenau et a obtenu son dipl\u00f4me de docteur en physique technique. Il a ensuite travaill\u00e9 pendant 5 ans comme scientifique senior chez Philips. En 2010, il a fond\u00e9 avec un partenaire la soci\u00e9t\u00e9 PHENOSPEX, o\u00f9 il a occup\u00e9 le poste de CTO jusqu'en 2021.<\/p>\n<p>Le Dr Uladzimir Zhokhavets est assist\u00e9 par Bettina Kern pour le marketing et les ventes.<\/p>\n<p><img loading=\"lazy\" decoding=\"async\" class=\"alignnone size-medium wp-image-2291\" src=\"https:\/\/scanrg.org\/wp-content\/uploads\/YesWeScan-01-300x61.jpg\" alt=\"\" width=\"300\" height=\"61\" srcset=\"https:\/\/scanrg.org\/wp-content\/uploads\/YesWeScan-01-300x61.jpg 300w, https:\/\/scanrg.org\/wp-content\/uploads\/YesWeScan-01-1024x208.jpg 1024w, https:\/\/scanrg.org\/wp-content\/uploads\/YesWeScan-01-768x156.jpg 768w, https:\/\/scanrg.org\/wp-content\/uploads\/YesWeScan-01-1536x312.jpg 1536w, https:\/\/scanrg.org\/wp-content\/uploads\/YesWeScan-01-2048x416.jpg 2048w\" sizes=\"auto, (max-width: 300px) 100vw, 300px\" \/><\/p>\n<\/div><\/div><\/div><\/div><\/div><div id=\"pgc-2805-1-1\"  class=\"panel-grid-cell\" ><div id=\"panel-2805-1-1-0\" class=\"so-panel widget widget_wwm-image-widget panel-first-child panel-last-child\" data-index=\"2\" ><div\n\t\t\t\n\t\t\tclass=\"so-widget-wwm-image-widget so-widget-wwm-image-widget-base\"\n\t\t\t\n\t\t><style>\r\n.wwm-image .image-a1cff21d-1a01-4efd-bd97-ea0021c80f3b{ \r\n}\r\n.wwm-image .image-a1cff21d-1a01-4efd-bd97-ea0021c80f3b:hover\r\n{ \r\n}\r\n@media only screen and (max-width: 768px)\r\n{\r\n\t.wwm-image .image-a1cff21d-1a01-4efd-bd97-ea0021c80f3b\t{ \r\n\t\t}\r\n}\r\n<\/style>\r\n\r\n<div class=\"wwm-image\" style=\"text-align:left\"><img decoding=\"async\" class=\"image-a1cff21d-1a01-4efd-bd97-ea0021c80f3b\" src=\"https:\/\/scanrg.org\/wp-content\/uploads\/Uladzimir_Zhokhavets_230912_032_1200x800.jpg\" alt=\"\" width=\"100%\" title=\"\" \/><\/div><\/div><\/div><\/div><\/div><div id=\"pg-2805-2\"  class=\"panel-grid panel-no-style\" ><div id=\"pgc-2805-2-0\"  class=\"panel-grid-cell panel-grid-cell-mobile-last\" ><div id=\"panel-2805-2-0-0\" class=\"so-panel widget widget_wwm-button-widget panel-first-child panel-last-child\" data-index=\"3\" ><div\n\t\t\t\n\t\t\tclass=\"so-widget-wwm-button-widget so-widget-wwm-button-widget-base\"\n\t\t\t\n\t\t><div><a class=\"button custom-btn btn-0\" href=\"https:\/\/scanrg.org\/wp-content\/uploads\/ScanRG_202410_DE.pdf\" target=\"_blank\">T\u00e9l\u00e9chargez la brochure<\/a><\/div><\/div><\/div><\/div><div id=\"pgc-2805-2-1\"  class=\"panel-grid-cell panel-grid-cell-empty\" ><\/div><\/div><\/div>","protected":false},"excerpt":{"rendered":"<p>\u00c0 propos de nousScanRG GmbH a \u00e9t\u00e9 fond\u00e9e en 2021 \u00e0 Aix-la-Chapelle. Le nom de notre entreprise se compose de Scanner et EneRGy. Nous mettons toute notre \u00e9nergie \u00e0 obtenir des r\u00e9sultats de num\u00e9risation optimaux ! Notre directeur, le Dr Uladzimir Zhokhavets, s&rsquo;int\u00e9resse depuis plus de 20 ans \u00e0 l&rsquo;optique, [&hellip;]<\/p>\n","protected":false},"author":5,"featured_media":0,"parent":0,"menu_order":0,"comment_status":"closed","ping_status":"closed","template":"","meta":{"_acf_changed":false,"footnotes":""},"class_list":["post-2805","page","type-page","status-publish","hentry"],"acf":[],"_links":{"self":[{"href":"https:\/\/scanrg.org\/fr\/wp-json\/wp\/v2\/pages\/2805","targetHints":{"allow":["GET"]}}],"collection":[{"href":"https:\/\/scanrg.org\/fr\/wp-json\/wp\/v2\/pages"}],"about":[{"href":"https:\/\/scanrg.org\/fr\/wp-json\/wp\/v2\/types\/page"}],"author":[{"embeddable":true,"href":"https:\/\/scanrg.org\/fr\/wp-json\/wp\/v2\/users\/5"}],"replies":[{"embeddable":true,"href":"https:\/\/scanrg.org\/fr\/wp-json\/wp\/v2\/comments?post=2805"}],"version-history":[{"count":1,"href":"https:\/\/scanrg.org\/fr\/wp-json\/wp\/v2\/pages\/2805\/revisions"}],"predecessor-version":[{"id":2844,"href":"https:\/\/scanrg.org\/fr\/wp-json\/wp\/v2\/pages\/2805\/revisions\/2844"}],"wp:attachment":[{"href":"https:\/\/scanrg.org\/fr\/wp-json\/wp\/v2\/media?parent=2805"}],"curies":[{"name":"wp","href":"https:\/\/api.w.org\/{rel}","templated":true}]}}