{"id":2797,"date":"2024-11-20T10:32:49","date_gmt":"2024-11-20T09:32:49","guid":{"rendered":"https:\/\/scanrg.org\/?page_id=2797"},"modified":"2024-11-20T10:32:49","modified_gmt":"2024-11-20T09:32:49","slug":"protection-donnees","status":"publish","type":"page","link":"https:\/\/scanrg.org\/fr\/protection-donnees\/","title":{"rendered":"Protection des donn\u00e9es"},"content":{"rendered":"<div id=\"pl-2797\"  class=\"panel-layout\" ><div id=\"pg-2797-0\"  class=\"panel-grid panel-no-style\" ><div id=\"pgc-2797-0-0\"  class=\"panel-grid-cell\" ><div id=\"panel-2797-0-0-0\" class=\"so-panel widget widget_wwm-headline-widget panel-first-child\" data-index=\"0\" ><div\n\t\t\t\n\t\t\tclass=\"so-widget-wwm-headline-widget so-widget-wwm-headline-widget-base\"\n\t\t\t\n\t\t><h1 class=\"wwm-headline1\" style=\"\"> Protection des donn\u00e9es<\/h1><h2 class=\"wwm-headline2\" style=\"\"><\/h2><\/div><\/div><div id=\"panel-2797-0-0-1\" class=\"so-panel widget widget_wwm-text-widget panel-last-child\" data-index=\"1\" ><div\n\t\t\t\n\t\t\tclass=\"so-widget-wwm-text-widget so-widget-wwm-text-widget-base\"\n\t\t\t\n\t\t><div style=\"color:;\"><div style=\"padding:0px;\"><p>Nous souhaitons vous informer ci-apr\u00e8s de notre d\u00e9claration de protection des donn\u00e9es. Vous y trouverez des informations sur la collecte et l'utilisation des donn\u00e9es personnelles lors de l'utilisation de notre site web. Nous respectons \u00e0 cet \u00e9gard la l\u00e9gislation sur la protection des donn\u00e9es en vigueur en Allemagne. Vous pouvez consulter cette d\u00e9claration \u00e0 tout moment sur notre site web.<\/p>\n<p>Nous attirons express\u00e9ment l'attention sur le fait que la transmission de donn\u00e9es sur Internet (par ex. lors de la communication par e-mail) pr\u00e9sente des failles de s\u00e9curit\u00e9 et ne peut pas \u00eatre enti\u00e8rement prot\u00e9g\u00e9e contre l'acc\u00e8s par des tiers.<\/p>\n<p>L'utilisation des donn\u00e9es de contact de nos mentions l\u00e9gales \u00e0 des fins de publicit\u00e9 commerciale n'est express\u00e9ment pas souhait\u00e9e, \u00e0 moins que nous n'ayons donn\u00e9 notre accord \u00e9crit au pr\u00e9alable ou qu'il existe d\u00e9j\u00e0 une relation commerciale. Le fournisseur et toutes les personnes mentionn\u00e9es sur ce site web s'opposent par la pr\u00e9sente \u00e0 toute utilisation et transmission commerciales de leurs donn\u00e9es.<\/p>\n<p><strong>Donn\u00e9es personnelles<\/strong><\/p>\n<p>Vous pouvez visiter notre site web sans fournir de donn\u00e9es personnelles.<\/p>\n<p>Si des donn\u00e9es personnelles (telles que le nom, l'adresse ou l'adresse e-mail) sont collect\u00e9es sur notre site, elles le sont, dans la mesure du possible, sur une base volontaire. Ces donn\u00e9es ne sont pas transmises \u00e0 des tiers sans votre accord explicite. Dans la mesure o\u00f9 une relation contractuelle entre vous et nous doit \u00eatre fond\u00e9e, am\u00e9nag\u00e9e ou modifi\u00e9e ou si vous nous adressez une demande, nous collectons et utilisons vos donn\u00e9es personnelles dans la mesure o\u00f9 cela est n\u00e9cessaire \u00e0 ces fins (donn\u00e9es de base). Nous collectons, traitons et utilisons les donn\u00e9es personnelles dans la mesure o\u00f9 cela est n\u00e9cessaire pour vous permettre d'utiliser l'offre web (donn\u00e9es d'utilisation). Toutes les donn\u00e9es personnelles ne sont conserv\u00e9es que le temps n\u00e9cessaire \u00e0 la r\u00e9alisation de l'objectif mentionn\u00e9 (traitement de votre demande ou ex\u00e9cution d'un contrat). Les d\u00e9lais de conservation pr\u00e9vus par le droit fiscal et commercial sont pris en compte \u00e0 cet \u00e9gard. Sur ordre des services comp\u00e9tents, nous sommes autoris\u00e9s \u00e0 fournir des informations sur ces donn\u00e9es (donn\u00e9es d'inventaire) dans des cas particuliers, dans la mesure o\u00f9 cela est n\u00e9cessaire \u00e0 des fins de poursuite p\u00e9nale, de pr\u00e9vention des risques, d'ex\u00e9cution des t\u00e2ches l\u00e9gales des autorit\u00e9s de protection de la Constitution ou du service de contre-espionnage militaire ou de mise en \u0153uvre des droits de propri\u00e9t\u00e9 intellectuelle.<\/p>\n<p><strong>Droit d'acc\u00e8s<\/strong><\/p>\n<p>Vous avez \u00e0 tout moment le droit de vous renseigner gratuitement et sans d\u00e9lai sur les donn\u00e9es collect\u00e9es vous concernant. Vous avez le droit de retirer \u00e0 tout moment votre consentement \u00e0 l'utilisation de vos donn\u00e9es personnelles indiqu\u00e9es, avec effet pour l'avenir. Pour obtenir des informations, veuillez vous adresser au fournisseur en utilisant les coordonn\u00e9es figurant dans les mentions l\u00e9gales.<\/p>\n<p>Source : Experten-Branchenbuch.de<\/p>\n<\/div><\/div><\/div><\/div><\/div><\/div><\/div>","protected":false},"excerpt":{"rendered":"<p>Protection des donn\u00e9esNous souhaitons vous informer ci-apr\u00e8s de notre d\u00e9claration de protection des donn\u00e9es. Vous y trouverez des informations sur la collecte et l&rsquo;utilisation des donn\u00e9es personnelles lors de l&rsquo;utilisation de notre site web. Nous respectons \u00e0 cet \u00e9gard la l\u00e9gislation sur la protection des donn\u00e9es en vigueur en Allemagne. [&hellip;]<\/p>\n","protected":false},"author":5,"featured_media":0,"parent":0,"menu_order":3,"comment_status":"closed","ping_status":"closed","template":"","meta":{"_acf_changed":false,"footnotes":""},"class_list":["post-2797","page","type-page","status-publish","hentry"],"acf":[],"_links":{"self":[{"href":"https:\/\/scanrg.org\/fr\/wp-json\/wp\/v2\/pages\/2797","targetHints":{"allow":["GET"]}}],"collection":[{"href":"https:\/\/scanrg.org\/fr\/wp-json\/wp\/v2\/pages"}],"about":[{"href":"https:\/\/scanrg.org\/fr\/wp-json\/wp\/v2\/types\/page"}],"author":[{"embeddable":true,"href":"https:\/\/scanrg.org\/fr\/wp-json\/wp\/v2\/users\/5"}],"replies":[{"embeddable":true,"href":"https:\/\/scanrg.org\/fr\/wp-json\/wp\/v2\/comments?post=2797"}],"version-history":[{"count":1,"href":"https:\/\/scanrg.org\/fr\/wp-json\/wp\/v2\/pages\/2797\/revisions"}],"predecessor-version":[{"id":2798,"href":"https:\/\/scanrg.org\/fr\/wp-json\/wp\/v2\/pages\/2797\/revisions\/2798"}],"wp:attachment":[{"href":"https:\/\/scanrg.org\/fr\/wp-json\/wp\/v2\/media?parent=2797"}],"curies":[{"name":"wp","href":"https:\/\/api.w.org\/{rel}","templated":true}]}}