{"id":2794,"date":"2024-11-20T10:23:14","date_gmt":"2024-11-20T09:23:14","guid":{"rendered":"https:\/\/scanrg.org\/?page_id=2794"},"modified":"2024-11-20T10:28:21","modified_gmt":"2024-11-20T09:28:21","slug":"contact","status":"publish","type":"page","link":"https:\/\/scanrg.org\/fr\/contact\/","title":{"rendered":"Contact"},"content":{"rendered":"<div id=\"pl-2794\"  class=\"panel-layout\" ><div id=\"pg-2794-0\"  class=\"panel-grid panel-no-style\" ><div id=\"pgc-2794-0-0\"  class=\"panel-grid-cell\" ><div id=\"panel-2794-0-0-0\" class=\"so-panel widget widget_wwm-headline-widget panel-first-child\" data-index=\"0\" ><div\n\t\t\t\n\t\t\tclass=\"so-widget-wwm-headline-widget so-widget-wwm-headline-widget-base\"\n\t\t\t\n\t\t><h1 class=\"wwm-headline1\" style=\"\">Contact<\/h1><h2 class=\"wwm-headline2\" style=\"\"><\/h2><\/div><\/div><div id=\"panel-2794-0-0-1\" class=\"so-panel widget widget_wwm-text-widget panel-last-child\" data-index=\"1\" ><div\n\t\t\t\n\t\t\tclass=\"so-widget-wwm-text-widget so-widget-wwm-text-widget-base\"\n\t\t\t\n\t\t><div style=\"color:;\"><div style=\"padding:0px;\"><p>Nous nous r\u00e9jouissons de votre prise de contact par e-mail \u00e0 info@scranrg.com ou en remplissant le formulaire de contact ci-dessous et en nous l'envoyant.<\/p>\n<\/div><\/div><\/div><\/div><\/div><\/div><div id=\"pg-2794-1\"  class=\"panel-grid panel-no-style\" ><div id=\"pgc-2794-1-0\"  class=\"panel-grid-cell\" ><div id=\"panel-2794-1-0-0\" class=\"so-panel widget widget_wwm-text-widget panel-first-child panel-last-child\" data-index=\"2\" ><div\n\t\t\t\n\t\t\tclass=\"so-widget-wwm-text-widget so-widget-wwm-text-widget-base\"\n\t\t\t\n\t\t><div style=\"color:;\"><div style=\"padding:0px;\"><p>Distribution de BAKEMETER et QUALIMETER dans les pays francophones :<\/p>\n<p>ES France<br \/>\n127 Rue de BUZENVAL<br \/>\n92380 GARCHES<\/p>\n<p>T\u00e9l.: +33 1 47 95 99 90<br \/>\nE-mail: daniel.guez@es-france.com<br \/>\nWebsite:<\/p>\n<p><a href=\"https:\/\/www.es-france.com\/20357-scanner-3d-produit-agro-alimentaire-bakemeter.html\" target=\"_blank\" rel=\"noopener\">Scanner 3D produit agro-alimentaire : BAKEMETER | SCANRG<\/a><\/p>\n<p><a href=\"https:\/\/www.es-france.com\/20955-analyseur-controle-qualite-pieces-plastiques-metalliques-ceramiques-et-cartes-electroniques-qualimeter.html?search_query=qualimeter&amp;results=1\" target=\"_blank\" rel=\"noopener\">Analyseur contr\u00f4le qualit\u00e9 pi\u00e8ces plastiques, m\u00e9talliques, c\u00e9ramiques et cartes \u00e9lectroniques : QUALIMETER | SCANRG<\/a><\/p>\n<p><img loading=\"lazy\" decoding=\"async\" class=\"alignnone size-full wp-image-2735\" src=\"https:\/\/scanrg.org\/wp-content\/uploads\/ES-France.jpg\" alt=\"\" width=\"200\" height=\"200\" srcset=\"https:\/\/scanrg.org\/wp-content\/uploads\/ES-France.jpg 200w, https:\/\/scanrg.org\/wp-content\/uploads\/ES-France-150x150.jpg 150w\" sizes=\"auto, (max-width: 200px) 100vw, 200px\" \/><\/p>\n<p>&nbsp;<\/p>\n<\/div><\/div><\/div><\/div><\/div><div id=\"pgc-2794-1-1\"  class=\"panel-grid-cell\" ><div id=\"panel-2794-1-1-0\" class=\"so-panel widget widget_wwm-text-widget panel-first-child panel-last-child\" data-index=\"3\" ><div\n\t\t\t\n\t\t\tclass=\"so-widget-wwm-text-widget so-widget-wwm-text-widget-base\"\n\t\t\t\n\t\t><div style=\"color:;\"><div style=\"padding:0px;\"><p>Distribution de BAKEMETER en Chine :<\/p>\n<p>TENOVO International Co.,Ltd.<br \/>\n1302-1303 Building 8, Landscape International<br \/>\n9 TianHua Street, Bio-Pharmaceutical Industry Base\uff0c<br \/>\nDaxing District, 102600 Beijing, P.R. China<\/p>\n<p>T\u00e9l.: +86-10-60273429<br \/>\nE-mail: tenovobj@vip.163.com<br \/>\nWebsite: <a href=\"http:\/\/www.tenovolab.cn\" target=\"_blank\" rel=\"noopener\">www.tenovolab.cn<\/a><\/p>\n<p><img loading=\"lazy\" decoding=\"async\" class=\"alignnone size-medium wp-image-2741\" src=\"https:\/\/scanrg.org\/wp-content\/uploads\/TenovoLOGO-300x131.jpg\" alt=\"\" width=\"300\" height=\"131\" srcset=\"https:\/\/scanrg.org\/wp-content\/uploads\/TenovoLOGO-300x131.jpg 300w, https:\/\/scanrg.org\/wp-content\/uploads\/TenovoLOGO-1024x448.jpg 1024w, https:\/\/scanrg.org\/wp-content\/uploads\/TenovoLOGO-768x336.jpg 768w, https:\/\/scanrg.org\/wp-content\/uploads\/TenovoLOGO-1536x671.jpg 1536w, https:\/\/scanrg.org\/wp-content\/uploads\/TenovoLOGO-2048x895.jpg 2048w\" sizes=\"auto, (max-width: 300px) 100vw, 300px\" \/><\/p>\n<\/div><\/div><\/div><\/div><\/div><div id=\"pgc-2794-1-2\"  class=\"panel-grid-cell\" ><div id=\"panel-2794-1-2-0\" class=\"so-panel widget widget_wwm-text-widget panel-first-child panel-last-child\" data-index=\"4\" ><div\n\t\t\t\n\t\t\tclass=\"so-widget-wwm-text-widget so-widget-wwm-text-widget-base\"\n\t\t\t\n\t\t><div style=\"color:;\"><div style=\"padding:0px;\"><p>Distribution en Arabie saoudite, au Bahre\u00efn, au Qatar, \u00e0 Oman, au Kowe\u00eft et aux \u00c9mirats arabes unis :<\/p>\n<p>Shelron Enterprises<br \/>\n[6729649 Canada Inc.]<br \/>\n5800 Ambler Drive, Suite 210,<br \/>\nMississauga, Ontario L4W 4J4<br \/>\nKanada<\/p>\n<p>T\u00e9l.: +1 905-361-8740<br \/>\nE-mail: info@shelronenterprises.com<br \/>\nWebsite: <a href=\"http:\/\/www.shelronenterprises.com\" target=\"_blank\" rel=\"noopener\">www.shelronenterprises.com<\/a><\/p>\n<p><img loading=\"lazy\" decoding=\"async\" class=\"alignnone size-medium wp-image-2738\" src=\"https:\/\/scanrg.org\/wp-content\/uploads\/Shelron-Logo-PNG-R-300x249.png\" alt=\"\" width=\"300\" height=\"249\" srcset=\"https:\/\/scanrg.org\/wp-content\/uploads\/Shelron-Logo-PNG-R-300x249.png 300w, https:\/\/scanrg.org\/wp-content\/uploads\/Shelron-Logo-PNG-R-1024x851.png 1024w, https:\/\/scanrg.org\/wp-content\/uploads\/Shelron-Logo-PNG-R-768x638.png 768w, https:\/\/scanrg.org\/wp-content\/uploads\/Shelron-Logo-PNG-R.png 1280w\" sizes=\"auto, (max-width: 300px) 100vw, 300px\" \/><\/p>\n<\/div><\/div><\/div><\/div><\/div><\/div><div id=\"pg-2794-2\"  class=\"panel-grid panel-no-style\" ><div id=\"pgc-2794-2-0\"  class=\"panel-grid-cell\" ><div id=\"panel-2794-2-0-0\" class=\"so-panel widget widget_wwm-headline-widget panel-first-child\" data-index=\"5\" ><div\n\t\t\t\n\t\t\tclass=\"so-widget-wwm-headline-widget so-widget-wwm-headline-widget-base\"\n\t\t\t\n\t\t><h1 class=\"wwm-headline1\" style=\"\">Formulaire de contact<\/h1><h2 class=\"wwm-headline2\" style=\"\"><\/h2><\/div><\/div><div id=\"panel-2794-2-0-1\" class=\"so-panel widget widget_fluentform_widget panel-last-child\" data-index=\"6\" ><div class='fluentform ff-default fluentform_wrapper_3 ffs_default_wrap'><form data-form_id=\"3\" id=\"fluentform_3\" class=\"frm-fluent-form fluent_form_3 ff-el-form-top ff_form_instance_3_1 ff-form-loading ffs_default\" data-form_instance=\"ff_form_instance_3_1\" method=\"POST\" ><fieldset  style=\"border: none!important;margin: 0!important;padding: 0!important;background-color: transparent!important;box-shadow: none!important;outline: none!important; min-inline-size: 100%;\">\n                    <legend class=\"ff_screen_reader_title\" style=\"display: block; margin: 0!important;padding: 0!important;height: 0!important;text-indent: -999999px;width: 0!important;overflow:hidden;\">Kontaktformular FR (#3)<\/legend>        <span style=\"display: none !important;\"><input type=\"checkbox\"\n                name=\"item__3__fluent_checkme_\"\n                value=\"1\" style=\"display:none !important;\" tabindex=\"-1\" aria-hidden=\"true\"><\/span>\n        <input type='hidden' name='__fluent_form_embded_post_id' value='2794' \/><input type=\"hidden\" id=\"_fluentform_3_fluentformnonce\" name=\"_fluentform_3_fluentformnonce\" value=\"6601ba7d03\" \/><input type=\"hidden\" name=\"_wp_http_referer\" value=\"\/fr\/wp-json\/wp\/v2\/pages\/2794\" \/><div data-name=\"ff_cn_id_1\"  class='ff-t-container ff-column-container ff_columns_total_1  '><div class='ff-t-cell ff-t-column-1' style='flex-basis: 100%;'><div class='ff-el-group'><div class=\"ff-el-input--label asterisk-right\"><label  aria-label=\"Titre de civilit\u00e9\">Titre de civilit\u00e9<\/label><\/div><div class='ff-el-input--content'><div class='ff-el-form-check ff-el-form-check-'><label class='ff-el-form-check-label' for=input_Anrede_a3f0984006f3ce4959e9b48dd6ebea1d><input  type=\"radio\" name=\"input_Anrede\" data-name=\"input_Anrede\" class=\"ff-el-form-check-input ff-el-form-check-radio\" value=\"Monsieur\"  id='input_Anrede_a3f0984006f3ce4959e9b48dd6ebea1d' aria-label='Monsieur' aria-invalid='false' aria-required=false> <span>Monsieur<\/span><\/label><\/div><div class='ff-el-form-check ff-el-form-check-'><label class='ff-el-form-check-label' for=input_Anrede_008ec394359306fd144d16ddbe030151><input  type=\"radio\" name=\"input_Anrede\" data-name=\"input_Anrede\" class=\"ff-el-form-check-input ff-el-form-check-radio\" value=\"Madama\"  id='input_Anrede_008ec394359306fd144d16ddbe030151' aria-label='Madama' aria-invalid='false' aria-required=false> <span>Madama<\/span><\/label><\/div><div class='ff-el-form-check ff-el-form-check-'><label class='ff-el-form-check-label' for=input_Anrede_57ea5f0cdff598c93214fe7de952b930><input  type=\"radio\" name=\"input_Anrede\" data-name=\"input_Anrede\" class=\"ff-el-form-check-input ff-el-form-check-radio\" value=\"Divers\"  id='input_Anrede_57ea5f0cdff598c93214fe7de952b930' aria-label='Divers' aria-invalid='false' aria-required=false> <span>Divers<\/span><\/label><\/div><\/div><\/div><\/div><\/div><div data-name=\"ff_cn_id_2\"  class='ff-t-container ff-column-container ff_columns_total_2  '><div class='ff-t-cell ff-t-column-1' style='flex-basis: 50%;'><div class='ff-el-group'><div class=\"ff-el-input--label asterisk-right\"><label for='ff_3_input_Vorname' >Pr\u00e9nom<\/label><\/div><div class='ff-el-input--content'><input type=\"text\" name=\"input_Vorname\" class=\"ff-el-form-control\" maxlength=\"100\" data-name=\"input_Vorname\" id=\"ff_3_input_Vorname\"  aria-invalid=\"false\" aria-required=false><\/div><\/div><div class='ff-el-group'><div class=\"ff-el-input--label asterisk-right\"><label for='ff_3_input_Strasse' aria-label=\"Rue\">Rue<\/label><\/div><div class='ff-el-input--content'><input type=\"text\" name=\"input_Strasse\" class=\"ff-el-form-control\" maxlength=\"255\" data-name=\"input_Strasse\" id=\"ff_3_input_Strasse\"  aria-invalid=\"false\" aria-required=false><\/div><\/div><div class='ff-el-group'><div class=\"ff-el-input--label ff-el-is-required asterisk-right\"><label for='ff_3_input_Email' aria-label=\"E-mail\">E-mail<\/label><\/div><div class='ff-el-input--content'><input type=\"text\" name=\"input_Email\" class=\"ff-el-form-control\" maxlength=\"255\" data-name=\"input_Email\" id=\"ff_3_input_Email\"  aria-invalid=\"false\" aria-required=true><\/div><\/div><\/div><div class='ff-t-cell ff-t-column-2' style='flex-basis: 50%;'><div class='ff-el-group'><div class=\"ff-el-input--label ff-el-is-required asterisk-right\"><label for='ff_3_input_Nachname' >Nom<\/label><\/div><div class='ff-el-input--content'><input type=\"text\" name=\"input_Nachname\" class=\"ff-el-form-control\" maxlength=\"100\" data-name=\"input_Nachname\" id=\"ff_3_input_Nachname\"  aria-invalid=\"false\" aria-required=true><\/div><\/div><div class='ff-el-group'><div class=\"ff-el-input--label asterisk-right\"><label for='ff_3_input_PLZOrt' aria-label=\"Code postal \/ Ville\">Code postal \/ Ville<\/label><\/div><div class='ff-el-input--content'><input type=\"text\" name=\"input_PLZOrt\" class=\"ff-el-form-control\" maxlength=\"255\" data-name=\"input_PLZOrt\" id=\"ff_3_input_PLZOrt\"  aria-invalid=\"false\" aria-required=false><\/div><\/div><div class='ff-el-group'><div class=\"ff-el-input--label asterisk-right\"><label for='ff_3_input_Telefon' aria-label=\"T\u00e9l\u00e9phone\">T\u00e9l\u00e9phone<\/label><\/div><div class='ff-el-input--content'><input type=\"text\" name=\"input_Telefon\" class=\"ff-el-form-control\" maxlength=\"30\" data-name=\"input_Telefon\" id=\"ff_3_input_Telefon\"  aria-invalid=\"false\" aria-required=false><\/div><\/div><\/div><\/div><div class='ff-el-group ff-el-form-top wwm-checkbox-datenschutz'><div class=\"ff-el-input--label ff-el-is-required asterisk-right\"><label  aria-label=\"Protection des donn\u00e9es\">Protection des donn\u00e9es<\/label><\/div><div class='ff-el-input--content'><div class='ff-el-form-check ff-el-form-check-'><label class='ff-el-form-check-label' for=checkbox_Datenschutz_f8e152e5fae9a416adf02a68f4d2f95b><input  type=\"checkbox\" name=\"checkbox_Datenschutz[]\" data-name=\"checkbox_Datenschutz\" class=\"ff-el-form-check-input ff-el-form-check-checkbox\" value=\"J&#039;ai pris connaissance de la &lt;a href=&quot;\/scanrg\/fr\/protection-donnees&quot;&gt;d\u00e9claration de protection des donn\u00e9es&lt;\/a&gt;. J&#039;accepte que mes donn\u00e9es soient enregistr\u00e9es durablement pour la prise de contact et pour des questions.\"  id='checkbox_Datenschutz_f8e152e5fae9a416adf02a68f4d2f95b' aria-label='J&#039;ai pris connaissance de la &lt;a href=&quot;\/scanrg\/fr\/protection-donnees&quot;&gt;d\u00e9claration de protection des donn\u00e9es&lt;\/a&gt;. J&#039;accepte que mes donn\u00e9es soient enregistr\u00e9es durablement pour la prise de contact et pour des questions.' aria-invalid='false' aria-required=true> <span>J'ai pris connaissance de la <a href=\"\/scanrg\/fr\/protection-donnees\">d\u00e9claration de protection des donn\u00e9es<\/a>. J'accepte que mes donn\u00e9es soient enregistr\u00e9es durablement pour la prise de contact et pour des questions.<\/span><\/label><\/div><\/div><\/div><div data-name=\"ff_cn_id_3\"  class='ff-t-container ff-column-container ff_columns_total_1  '><div class='ff-t-cell ff-t-column-1' style='flex-basis: 100%;'><div class='ff-el-group'><div class=\"ff-el-input--label asterisk-right\"><label for='ff_3_description_Anliegen' aria-label=\"Votre demande\">Votre demande<\/label><\/div><div class='ff-el-input--content'><textarea aria-invalid=\"false\" aria-required=false name=\"description_Anliegen\" id=\"ff_3_description_Anliegen\" class=\"ff-el-form-control\" rows=\"3\" cols=\"2\" maxlength=\"600\" data-name=\"description_Anliegen\" ><\/textarea><\/div><\/div><\/div><\/div><div class='ff-el-group ff-text-left ff_submit_btn_wrapper'><button type=\"submit\" class=\"ff-btn ff-btn-submit ff-btn-md button custom-btn btn-0 ff_btn_style\" >Envoyer<\/button><\/div><\/fieldset><\/form><div id='fluentform_3_errors' class='ff-errors-in-stack ff_form_instance_3_1 ff-form-loading_errors ff_form_instance_3_1_errors'><\/div><\/div>        <script type=\"text\/javascript\">\n            window.fluent_form_ff_form_instance_3_1 = {\"id\":\"3\",\"settings\":{\"layout\":{\"labelPlacement\":\"top\",\"helpMessagePlacement\":\"with_label\",\"errorMessagePlacement\":\"inline\",\"asteriskPlacement\":\"asterisk-right\"},\"restrictions\":{\"denyEmptySubmission\":{\"enabled\":false}}},\"form_instance\":\"ff_form_instance_3_1\",\"form_id_selector\":\"fluentform_3\",\"rules\":{\"input_Anrede\":{\"required\":{\"value\":false,\"message\":\"Dieses Feld ist erforderlich\",\"global\":false,\"global_message\":\"Dieses Feld ist erforderlich\"}},\"input_Vorname\":{\"required\":{\"value\":false,\"message\":\"Dieses Feld ist erforderlich\",\"global\":false,\"global_message\":\"Dieses Feld ist erforderlich\"}},\"input_Strasse\":{\"required\":{\"value\":false,\"message\":\"Dieses Feld ist erforderlich\",\"global\":false,\"global_message\":\"Dieses Feld ist erforderlich\"}},\"input_Email\":{\"required\":{\"value\":true,\"message\":\"Dieses Feld ist erforderlich\",\"global\":false,\"global_message\":\"Dieses Feld ist erforderlich\"}},\"input_Nachname\":{\"required\":{\"value\":true,\"message\":\"Dieses Feld ist erforderlich\",\"global\":false,\"global_message\":\"Dieses Feld ist erforderlich\"}},\"input_PLZOrt\":{\"required\":{\"value\":false,\"message\":\"Dieses Feld ist erforderlich\",\"global\":false,\"global_message\":\"Dieses Feld ist erforderlich\"}},\"input_Telefon\":{\"required\":{\"value\":false,\"message\":\"Dieses Feld ist erforderlich\",\"global\":false,\"global_message\":\"Dieses Feld ist erforderlich\"}},\"checkbox_Datenschutz\":{\"required\":{\"value\":true,\"message\":\"Dieses Feld ist erforderlich\",\"global\":false,\"global_message\":\"Dieses Feld ist erforderlich\"}},\"description_Anliegen\":{\"required\":{\"value\":false,\"message\":\"Dieses Feld ist erforderlich\",\"global\":false,\"global_message\":\"Dieses Feld ist erforderlich\"}}},\"debounce_time\":300};\n                    <\/script>\n        <\/div><\/div><\/div><\/div>","protected":false},"excerpt":{"rendered":"<p>ContactNous nous r\u00e9jouissons de votre prise de contact par e-mail \u00e0 info@scranrg.com ou en remplissant le formulaire de contact ci-dessous et en nous l&rsquo;envoyant. Distribution de BAKEMETER et QUALIMETER dans les pays francophones : ES France 127 Rue de BUZENVAL 92380 GARCHES T\u00e9l.: +33 1 47 95 99 90 E-mail: [&hellip;]<\/p>\n","protected":false},"author":5,"featured_media":0,"parent":0,"menu_order":4,"comment_status":"closed","ping_status":"closed","template":"","meta":{"_acf_changed":false,"footnotes":""},"class_list":["post-2794","page","type-page","status-publish","hentry"],"acf":[],"_links":{"self":[{"href":"https:\/\/scanrg.org\/fr\/wp-json\/wp\/v2\/pages\/2794","targetHints":{"allow":["GET"]}}],"collection":[{"href":"https:\/\/scanrg.org\/fr\/wp-json\/wp\/v2\/pages"}],"about":[{"href":"https:\/\/scanrg.org\/fr\/wp-json\/wp\/v2\/types\/page"}],"author":[{"embeddable":true,"href":"https:\/\/scanrg.org\/fr\/wp-json\/wp\/v2\/users\/5"}],"replies":[{"embeddable":true,"href":"https:\/\/scanrg.org\/fr\/wp-json\/wp\/v2\/comments?post=2794"}],"version-history":[{"count":2,"href":"https:\/\/scanrg.org\/fr\/wp-json\/wp\/v2\/pages\/2794\/revisions"}],"predecessor-version":[{"id":2796,"href":"https:\/\/scanrg.org\/fr\/wp-json\/wp\/v2\/pages\/2794\/revisions\/2796"}],"wp:attachment":[{"href":"https:\/\/scanrg.org\/fr\/wp-json\/wp\/v2\/media?parent=2794"}],"curies":[{"name":"wp","href":"https:\/\/api.w.org\/{rel}","templated":true}]}}