{"id":2728,"date":"2019-05-31T12:47:30","date_gmt":"2019-05-31T10:47:30","guid":{"rendered":"https:\/\/scanrg.org\/?page_id=2728"},"modified":"2024-11-19T16:50:27","modified_gmt":"2024-11-19T15:50:27","slug":"homepage","status":"publish","type":"page","link":"https:\/\/scanrg.org\/fr\/","title":{"rendered":"Accueil"},"content":{"rendered":"<div id=\"pl-2728\"  class=\"panel-layout\" ><div id=\"pg-2728-0\"  class=\"panel-grid panel-no-style\" ><div id=\"pgc-2728-0-0\"  class=\"panel-grid-cell\" ><div id=\"panel-2728-0-0-0\" class=\"so-panel widget widget_wwm-headline-widget panel-first-child panel-last-child\" data-index=\"0\" ><div\n\t\t\t\n\t\t\tclass=\"so-widget-wwm-headline-widget so-widget-wwm-headline-widget-base\"\n\t\t\t\n\t\t><h1 class=\"wwm-headline1\" style=\"color:#2f67af;\">Bienvenue chez ScanRG<\/h1><h2 class=\"wwm-headline2\" style=\"\"><\/h2><\/div><\/div><\/div><\/div><div id=\"pg-2728-1\"  class=\"panel-grid panel-no-style\" ><div id=\"pgc-2728-1-0\"  class=\"panel-grid-cell\" ><div id=\"panel-2728-1-0-0\" class=\"so-panel widget widget_wwm-text-widget panel-first-child\" data-index=\"1\" ><div\n\t\t\t\n\t\t\tclass=\"so-widget-wwm-text-widget so-widget-wwm-text-widget-base\"\n\t\t\t\n\t\t><div style=\"color:;\"><div style=\"padding:0px;\"><p>Nous proposons une technologie de scannage brevet\u00e9e de haute qualit\u00e9 pour le contr\u00f4le qualit\u00e9 en ligne et hors ligne des produits de boulangerie, des produits alimentaires ou des pi\u00e8ces techniques. Nous combinons ici la 3D, la colorim\u00e9trie en RVB et NIR et le traitement des donn\u00e9es en un seul appareil. Le si\u00e8ge de notre entreprise se trouve \u00e0 Aix-la-Chapelle, o\u00f9 nos appareils sont d\u00e9velopp\u00e9s et fabriqu\u00e9s.<\/p>\n<p>Comme chaque t\u00e2che est individuelle, nous accordons une grande importance aux tests et aux \u00e9valuations pr\u00e9alables, afin de pouvoir adapter notamment le logiciel de scannage aux exigences de nos clients.<\/p>\n<p>Nous comptons parmi nos clients des entreprises renomm\u00e9es du secteur alimentaire, de l'industrie et des instituts de recherche.<\/p>\n<p>Vous aussi, \u00e9conomisez du temps et de l'argent en utilisant notre technologie unique. N'h\u00e9sitez pas \u00e0 nous envoyer des \u00e9chantillons ou \u00e0 convenir d'un rendez-vous pour une visite sur place dans vos locaux avec les tests correspondants. Nous nous ferons \u00e9galement un plaisir de vous pr\u00e9senter les possibilit\u00e9s lors d'une r\u00e9union d'\u00e9quipe.<\/p>\n<p>Pour le suivi des march\u00e9s \u00e9trangers, nous travaillons \u00e9galement avec des partenaires de distribution. Vous trouverez leurs coordonn\u00e9es sur notre <a href=\"https:\/\/scanrg.org\/kontakt\/\">page de contac<\/a>.<\/p>\n<\/div><\/div><\/div><\/div><div id=\"panel-2728-1-0-1\" class=\"so-panel widget widget_wwm-button-widget panel-last-child\" data-index=\"2\" ><div\n\t\t\t\n\t\t\tclass=\"so-widget-wwm-button-widget so-widget-wwm-button-widget-base\"\n\t\t\t\n\t\t><div><a class=\"button custom-btn btn-0\" href=\"https:\/\/scanrg.org\/ueber-uns\/\" target=\"_self\"><span class=\"sow-icon-fontawesome sow-far\" data-sow-icon=\"&#xf35a;\"\n\t\t \n\t\taria-hidden=\"true\"><\/span>&nbsp;&nbsp;En savoir plus<\/a><\/div><\/div><\/div><\/div><div id=\"pgc-2728-1-1\"  class=\"panel-grid-cell\" ><div id=\"panel-2728-1-1-0\" class=\"so-panel widget widget_wwm-image-widget panel-first-child panel-last-child\" data-index=\"3\" ><div\n\t\t\t\n\t\t\tclass=\"so-widget-wwm-image-widget so-widget-wwm-image-widget-base\"\n\t\t\t\n\t\t><style>\r\n.wwm-image .image-7af51753-509f-4cd8-9b05-bb99fa566fea{ \r\n}\r\n.wwm-image .image-7af51753-509f-4cd8-9b05-bb99fa566fea:hover\r\n{ \r\n}\r\n@media only screen and (max-width: 768px)\r\n{\r\n\t.wwm-image .image-7af51753-509f-4cd8-9b05-bb99fa566fea\t{ \r\n\t\t}\r\n}\r\n<\/style>\r\n\r\n<div class=\"wwm-image\" style=\"text-align:left\"><div class=\"wwm-lightbox\"><a href=\"https:\/\/scanrg.org\/wp-content\/uploads\/scanbeispiel_croissant_de.jpg\" rel=\"https:\/\/scanrg.org\/wp-content\/uploads\/scanbeispiel_croissant_de.jpg\" ><img decoding=\"async\" class=\"image-7af51753-509f-4cd8-9b05-bb99fa566fea\" src=\"https:\/\/scanrg.org\/wp-content\/uploads\/scanbeispiel_croissant_de.jpg\" alt=\"\" width=\"100%\" title=\"\" \/><\/a><\/div><\/div><\/div><\/div><\/div><\/div><div id=\"pg-2728-2\"  class=\"panel-grid panel-has-style\" ><div class=\"siteorigin-panels-stretch panel-row-style panel-row-style-for-2728-2\" id=\"fullwidthStartseite\" data-stretch-type=\"full-width-stretch\" ><div id=\"pgc-2728-2-0\"  class=\"panel-grid-cell\" ><div id=\"panel-2728-2-0-0\" class=\"so-panel widget widget_wwm-fullwidth-widget panel-first-child\" data-index=\"4\" ><div class=\"panel-widget-style panel-widget-style-for-2728-2-0-0\" ><div\n\t\t\t\n\t\t\tclass=\"so-widget-wwm-fullwidth-widget so-widget-wwm-fullwidth-widget-base\"\n\t\t\t\n\t\t><div class=\"wwm-fullwidth\"><div class=\"wwm-fullwidth-column\"  style=\"background-image:url(https:\/\/scanrg.org\/wp-content\/uploads\/scanrgn1scanner.jpg);background-size:cover;background-position:center center; min-height:300px; \" ><\/div><div class=\"wwm-fullwidth-column\"><div class=\"wwm-fullwidth-column-content\"  style=\"padding:30px;\"><div id=\"pl-w492ce211\"  class=\"panel-layout\" ><div id=\"pg-w492ce211-0\"  class=\"panel-grid panel-has-style\" ><div id=\"fullwidthStartseiteContentColumn\" class=\"panel-row-style panel-row-style-for-w492ce211-0\" ><div id=\"pgc-w492ce211-0-0\"  class=\"panel-grid-cell\" ><div id=\"panel-w492ce211-0-0-0\" class=\"so-panel widget widget_wwm-text-widget panel-first-child\" data-index=\"0\" ><div class=\"panel-widget-style panel-widget-style-for-w492ce211-0-0-0\" ><div\n\t\t\t\n\t\t\tclass=\"so-widget-wwm-text-widget so-widget-wwm-text-widget-base\"\n\t\t\t\n\t\t><div style=\"color:#ffffff;\"><div style=\"padding:0px;\"><h3>Technologie de scanner 3D multispectral pour le contr\u00f4le qualit\u00e9 en ligne et hors ligne des aliments, des composants et d'autres produits<\/h3>\n<\/div><\/div><\/div><\/div><\/div><div id=\"panel-w492ce211-0-0-1\" class=\"so-panel widget widget_wwm-text-widget panel-last-child\" data-index=\"1\" ><div class=\"panel-widget-style panel-widget-style-for-w492ce211-0-0-1\" ><div\n\t\t\t\n\t\t\tclass=\"so-widget-wwm-text-widget so-widget-wwm-text-widget-base\"\n\t\t\t\n\t\t><div style=\"color:#ffffff;\"><div style=\"padding:0px;\"><h3>Le scannage en 3D et la colorim\u00e9trie en un seul appareil permettent de gagner du temps et de r\u00e9duire les co\u00fbts.<\/h3>\n<\/div><\/div><\/div><\/div><\/div><\/div><\/div><\/div><\/div><\/div><\/div><\/div><\/div><\/div><\/div><div id=\"panel-2728-2-0-1\" class=\"so-panel widget widget_siteorigin-panels-builder panel-last-child\" data-index=\"5\" ><div id=\"pl-w673cb3c3ebaad\"  class=\"panel-layout\" ><div id=\"pg-w673cb3c3ebaad-0\"  class=\"panel-grid panel-no-style\" ><div id=\"pgc-w673cb3c3ebaad-0-0\"  class=\"panel-grid-cell\" ><div class=\"panel-cell-style panel-cell-style-for-w673cb3c3ebaad-0-0\" ><div id=\"panel-w673cb3c3ebaad-0-0-0\" class=\"so-panel widget widget_wwm-image-widget panel-first-child\" data-index=\"0\" ><div\n\t\t\t\n\t\t\tclass=\"so-widget-wwm-image-widget so-widget-wwm-image-widget-base\"\n\t\t\t\n\t\t>\t<style>\r\n\t.wwm-image a { display: block; position: relative; z-index: 1000; }\r\n\t.wwm-image .image-1df6458f-7ad6-44f5-9975-73a6af61cbfc\t{ \r\n\t\ttransition: all .3s;\r\n\t\tfilter: blur(0px) brightness(100%) grayscale(0) opacity(1) sepia(0%); \r\n\t}\r\n\t.wwm-image .image-1df6458f-7ad6-44f5-9975-73a6af61cbfc:hover,\r\n\t.wwm-image a:hover .image-1df6458f-7ad6-44f5-9975-73a6af61cbfc\t{\r\n\t\ttransition: all .3s;\r\n\t\tfilter: blur(0px) brightness(70%) grayscale(0) opacity(1) sepia(0%); \r\n\t}\r\n\t<\/style>\r\n\r\n\r\n\t<style>\r\n.wwm-image .image-1df6458f-7ad6-44f5-9975-73a6af61cbfc{ \r\n}\r\n.wwm-image .image-1df6458f-7ad6-44f5-9975-73a6af61cbfc:hover\r\n{ \r\n}\r\n@media only screen and (max-width: 768px)\r\n{\r\n\t.wwm-image .image-1df6458f-7ad6-44f5-9975-73a6af61cbfc\t{ \r\n\t\t}\r\n}\r\n<\/style>\r\n\r\n<div class=\"wwm-image\" style=\"text-align:left\"><img decoding=\"async\" class=\"image-1df6458f-7ad6-44f5-9975-73a6af61cbfc\" src=\"https:\/\/scanrg.org\/wp-content\/uploads\/iStock-496564915.jpg\" alt=\"\" width=\"100%\" title=\"\" \/><\/div><\/div><\/div><div id=\"panel-w673cb3c3ebaad-0-0-1\" class=\"so-panel widget widget_wwm-text-widget panel-last-child\" data-index=\"1\" ><div\n\t\t\t\n\t\t\tclass=\"so-widget-wwm-text-widget so-widget-wwm-text-widget-base\"\n\t\t\t\n\t\t><div style=\"color:#ffffff;text-align:center;\"><div style=\"padding:20px;\"><p>Pain, petits pains, croissants, biscuits,<br \/>\nchocolats, pizzas, barres de chocolat, g\u00e2teaux<\/p>\n<\/div><\/div><\/div><\/div><\/div><\/div><div id=\"pgc-w673cb3c3ebaad-0-1\"  class=\"panel-grid-cell\" ><div class=\"panel-cell-style panel-cell-style-for-w673cb3c3ebaad-0-1\" ><div id=\"panel-w673cb3c3ebaad-0-1-0\" class=\"so-panel widget widget_wwm-image-widget panel-first-child\" data-index=\"2\" ><div\n\t\t\t\n\t\t\tclass=\"so-widget-wwm-image-widget so-widget-wwm-image-widget-base\"\n\t\t\t\n\t\t>\t<style>\r\n\t.wwm-image a { display: block; position: relative; z-index: 1000; }\r\n\t.wwm-image .image-83b70df6-24b7-4812-90d0-1148d9b1391e\t{ \r\n\t\ttransition: all .3s;\r\n\t\tfilter: blur(0px) brightness(100%) grayscale(0) opacity(1) sepia(0%); \r\n\t}\r\n\t.wwm-image .image-83b70df6-24b7-4812-90d0-1148d9b1391e:hover,\r\n\t.wwm-image a:hover .image-83b70df6-24b7-4812-90d0-1148d9b1391e\t{\r\n\t\ttransition: all .3s;\r\n\t\tfilter: blur(0px) brightness(70%) grayscale(0) opacity(1) sepia(0%); \r\n\t}\r\n\t<\/style>\r\n\r\n\r\n\t<style>\r\n.wwm-image .image-83b70df6-24b7-4812-90d0-1148d9b1391e{ \r\n}\r\n.wwm-image .image-83b70df6-24b7-4812-90d0-1148d9b1391e:hover\r\n{ \r\n}\r\n@media only screen and (max-width: 768px)\r\n{\r\n\t.wwm-image .image-83b70df6-24b7-4812-90d0-1148d9b1391e\t{ \r\n\t\t}\r\n}\r\n<\/style>\r\n\r\n<div class=\"wwm-image\" style=\"text-align:left\"><img decoding=\"async\" class=\"image-83b70df6-24b7-4812-90d0-1148d9b1391e\" src=\"https:\/\/scanrg.org\/wp-content\/uploads\/iStock-1315903639.jpg\" alt=\"\" width=\"100%\" title=\"\" \/><\/div><\/div><\/div><div id=\"panel-w673cb3c3ebaad-0-1-1\" class=\"so-panel widget widget_wwm-text-widget panel-last-child\" data-index=\"3\" ><div\n\t\t\t\n\t\t\tclass=\"so-widget-wwm-text-widget so-widget-wwm-text-widget-base\"\n\t\t\t\n\t\t><div style=\"color:#ffffff;text-align:center;\"><div style=\"padding:20px;\"><p>Viande, poisson, volaille, fromage,<br \/>\nsubstituts de viande<\/p>\n<\/div><\/div><\/div><\/div><\/div><\/div><div id=\"pgc-w673cb3c3ebaad-0-2\"  class=\"panel-grid-cell\" ><div class=\"panel-cell-style panel-cell-style-for-w673cb3c3ebaad-0-2\" ><div id=\"panel-w673cb3c3ebaad-0-2-0\" class=\"so-panel widget widget_wwm-image-widget panel-first-child\" data-index=\"4\" ><div\n\t\t\t\n\t\t\tclass=\"so-widget-wwm-image-widget so-widget-wwm-image-widget-base\"\n\t\t\t\n\t\t>\t<style>\r\n\t.wwm-image a { display: block; position: relative; z-index: 1000; }\r\n\t.wwm-image .image-f50c8f5c-7c68-446c-ab25-b434998aed0f\t{ \r\n\t\ttransition: all .3s;\r\n\t\tfilter: blur(0px) brightness(100%) grayscale(0) opacity(1) sepia(0%); \r\n\t}\r\n\t.wwm-image .image-f50c8f5c-7c68-446c-ab25-b434998aed0f:hover,\r\n\t.wwm-image a:hover .image-f50c8f5c-7c68-446c-ab25-b434998aed0f\t{\r\n\t\ttransition: all .3s;\r\n\t\tfilter: blur(0px) brightness(70%) grayscale(0) opacity(1) sepia(0%); \r\n\t}\r\n\t<\/style>\r\n\r\n\r\n\t<style>\r\n.wwm-image .image-f50c8f5c-7c68-446c-ab25-b434998aed0f{ \r\n}\r\n.wwm-image .image-f50c8f5c-7c68-446c-ab25-b434998aed0f:hover\r\n{ \r\n}\r\n@media only screen and (max-width: 768px)\r\n{\r\n\t.wwm-image .image-f50c8f5c-7c68-446c-ab25-b434998aed0f\t{ \r\n\t\t}\r\n}\r\n<\/style>\r\n\r\n<div class=\"wwm-image\" style=\"text-align:left\"><img decoding=\"async\" class=\"image-f50c8f5c-7c68-446c-ab25-b434998aed0f\" src=\"https:\/\/scanrg.org\/wp-content\/uploads\/iStock-497989438.jpg\" alt=\"\" width=\"100%\" title=\"\" \/><\/div><\/div><\/div><div id=\"panel-w673cb3c3ebaad-0-2-1\" class=\"so-panel widget widget_wwm-text-widget panel-last-child\" data-index=\"5\" ><div\n\t\t\t\n\t\t\tclass=\"so-widget-wwm-text-widget so-widget-wwm-text-widget-base\"\n\t\t\t\n\t\t><div style=\"color:#ffffff;text-align:center;\"><div style=\"padding:20px;\"><p>Circuits imprim\u00e9s, pi\u00e8ces en plastique, composants m\u00e9talliques,<br \/>\ncomposants en c\u00e9ramique<\/p>\n<\/div><\/div><\/div><\/div><\/div><\/div><\/div><\/div><\/div><\/div><\/div><\/div><div id=\"pg-2728-3\"  class=\"panel-grid panel-no-style\" ><div id=\"pgc-2728-3-0\"  class=\"panel-grid-cell\" ><div id=\"panel-2728-3-0-0\" class=\"so-panel widget widget_wwm-headline-widget panel-first-child\" data-index=\"6\" ><div\n\t\t\t\n\t\t\tclass=\"so-widget-wwm-headline-widget so-widget-wwm-headline-widget-base\"\n\t\t\t\n\t\t><h2 class=\"wwm-headline1\" style=\"color:#2f67af;text-align:center;\">Actualit\u00e9s<\/h2><h2 class=\"wwm-headline2\" style=\"text-align:center;\"><\/h2><\/div><\/div><div id=\"panel-2728-3-0-1\" class=\"so-panel widget widget_wwm-divider-widget\" data-index=\"7\" ><div\n\t\t\t\n\t\t\tclass=\"so-widget-wwm-divider-widget so-widget-wwm-divider-widget-base\"\n\t\t\t\n\t\t><style>\r\n.wwm-divider-d3058a1e-b9a6-41a3-9777-522182566d0f{ \r\n\tbackground-color: #2f67af;\r\n\theight: 3px;\r\n\twidth: 300px;\r\n\tmargin: 0px auto 0px auto;}\r\n<\/style>\r\n\r\n\r\n\r\n\r\n<div class=\"wwm-divider-d3058a1e-b9a6-41a3-9777-522182566d0f\"><\/div><\/div><\/div><div id=\"panel-2728-3-0-2\" class=\"so-panel widget widget_wwm-blog WWMBlog panel-last-child\" data-index=\"8\" ><div id=\"panel-2728-3-0-2\" class=\"so-panel widget widget_wwm-blog WWMBlog panel-last-child\" data-index=\"8\" ><div class=\"wwm-blog-slider\"><div class=\"wwm-blog-slider-tab\"><div class=\"wwm-blog-slider-inner\"><div class=\"blogContainer\"><div class=\"row\"><section class=\"col_nm_12\"><div class=\"blogImage\"><img loading=\"lazy\" decoding=\"async\" width=\"182\" height=\"182\" src=\"https:\/\/scanrg.org\/wp-content\/uploads\/iba.png\" class=\"attachment-full size-full wp-post-image\" alt=\"\" srcset=\"https:\/\/scanrg.org\/wp-content\/uploads\/iba.png 182w, https:\/\/scanrg.org\/wp-content\/uploads\/iba-150x150.png 150w\" sizes=\"auto, (max-width: 182px) 100vw, 182px\" \/><div class=\"blogText\"><h4>iba 2025<\/h4><br \/><div class=\"blogButton\"><a class=\"button custom-btn btn-0\" href=\"https:\/\/scanrg.org\/fr\/iba-2025\/\">weiterlesen<\/a><\/div><\/div><\/section><\/div><\/div><\/div><\/div><div class=\"wwm-blog-slider-tab\"><div class=\"wwm-blog-slider-inner\"><div class=\"blogContainer\"><div class=\"row\"><section class=\"col_nm_12\"><div class=\"blogImage\"><img loading=\"lazy\" decoding=\"async\" width=\"1365\" height=\"1024\" src=\"https:\/\/scanrg.org\/wp-content\/uploads\/Messelogo-CONTROL.webp\" class=\"attachment-full size-full wp-post-image\" alt=\"\" srcset=\"https:\/\/scanrg.org\/wp-content\/uploads\/Messelogo-CONTROL.webp 1365w, https:\/\/scanrg.org\/wp-content\/uploads\/Messelogo-CONTROL-300x225.webp 300w, https:\/\/scanrg.org\/wp-content\/uploads\/Messelogo-CONTROL-1024x768.webp 1024w, https:\/\/scanrg.org\/wp-content\/uploads\/Messelogo-CONTROL-768x576.webp 768w\" sizes=\"auto, (max-width: 1365px) 100vw, 1365px\" \/><div class=\"blogText\"><h4>Control 2025<\/h4><br \/><div class=\"blogButton\"><a class=\"button custom-btn btn-0\" href=\"https:\/\/scanrg.org\/fr\/control-2025\/\">weiterlesen<\/a><\/div><\/div><\/section><\/div><\/div><\/div><\/div><\/div><\/div><\/div><\/div><\/div><div id=\"pg-2728-4\"  class=\"panel-grid panel-has-style\" ><div class=\"siteorigin-panels-stretch panel-row-style panel-row-style-for-2728-4\" id=\"boxContact\" data-stretch-type=\"full-width-stretch\" ><div id=\"pgc-2728-4-0\"  class=\"panel-grid-cell panel-grid-cell-mobile-last\" ><div class=\"panel-cell-style panel-cell-style-for-2728-4-0\" ><div id=\"panel-2728-4-0-0\" class=\"so-panel widget widget_wwm-headline-widget panel-first-child\" data-index=\"9\" ><div\n\t\t\t\n\t\t\tclass=\"so-widget-wwm-headline-widget so-widget-wwm-headline-widget-base\"\n\t\t\t\n\t\t><h2 class=\"wwm-headline1\" style=\"color:#ffffff;\">Contactez-nous<\/h2><h2 class=\"wwm-headline2\" style=\"\"><\/h2><\/div><\/div><div id=\"panel-2728-4-0-1\" class=\"so-panel widget widget_wwm-divider-widget\" data-index=\"10\" ><div\n\t\t\t\n\t\t\tclass=\"so-widget-wwm-divider-widget so-widget-wwm-divider-widget-base\"\n\t\t\t\n\t\t><style>\r\n.wwm-divider-fe8f664e-3276-454b-ad4e-53bab76544ee{ \r\n\tbackground-color: #ffffff;\r\n\theight: 3px;\r\n\twidth: 300px;\r\n\tmargin: 10px auto 20px 0;}\r\n<\/style>\r\n\r\n\r\n\r\n\r\n<div class=\"wwm-divider-fe8f664e-3276-454b-ad4e-53bab76544ee\"><\/div><\/div><\/div><div id=\"panel-2728-4-0-2\" class=\"so-panel widget widget_wwm-text-widget\" data-index=\"11\" ><div\n\t\t\t\n\t\t\tclass=\"so-widget-wwm-text-widget so-widget-wwm-text-widget-base\"\n\t\t\t\n\t\t><div style=\"color:#ffffff;\"><div style=\"padding:0px;\"><p>Prenez rendez-vous pour une pr\u00e9sentation de nos produits ou envoyez-nous des \u00e9chantillons pour des tests. Nous nous ferons \u00e9galement un plaisir de venir chez vous avec notre scanner mobile pour effectuer des tests avec vos produits.<\/p>\n<\/div><\/div><\/div><\/div><div id=\"panel-2728-4-0-3\" class=\"so-panel widget widget_wwm-button-widget panel-last-child\" data-index=\"12\" ><div\n\t\t\t\n\t\t\tclass=\"so-widget-wwm-button-widget so-widget-wwm-button-widget-base\"\n\t\t\t\n\t\t><div><a class=\"button custom-btn btn-0\" href=\"https:\/\/scanrg.org\/kontakt\/\" target=\"_self\">Contactez-nous maintenant<\/a><\/div><\/div><\/div><\/div><\/div><div id=\"pgc-2728-4-1\"  class=\"panel-grid-cell panel-grid-cell-empty\" ><\/div><\/div><\/div><\/div>","protected":false},"excerpt":{"rendered":"","protected":false},"author":3,"featured_media":0,"parent":0,"menu_order":0,"comment_status":"closed","ping_status":"closed","template":"","meta":{"_acf_changed":false,"footnotes":""},"class_list":["post-2728","page","type-page","status-publish","hentry"],"acf":[],"_links":{"self":[{"href":"https:\/\/scanrg.org\/fr\/wp-json\/wp\/v2\/pages\/2728","targetHints":{"allow":["GET"]}}],"collection":[{"href":"https:\/\/scanrg.org\/fr\/wp-json\/wp\/v2\/pages"}],"about":[{"href":"https:\/\/scanrg.org\/fr\/wp-json\/wp\/v2\/types\/page"}],"author":[{"embeddable":true,"href":"https:\/\/scanrg.org\/fr\/wp-json\/wp\/v2\/users\/3"}],"replies":[{"embeddable":true,"href":"https:\/\/scanrg.org\/fr\/wp-json\/wp\/v2\/comments?post=2728"}],"version-history":[{"count":3,"href":"https:\/\/scanrg.org\/fr\/wp-json\/wp\/v2\/pages\/2728\/revisions"}],"predecessor-version":[{"id":2753,"href":"https:\/\/scanrg.org\/fr\/wp-json\/wp\/v2\/pages\/2728\/revisions\/2753"}],"wp:attachment":[{"href":"https:\/\/scanrg.org\/fr\/wp-json\/wp\/v2\/media?parent=2728"}],"curies":[{"name":"wp","href":"https:\/\/api.w.org\/{rel}","templated":true}]}}